{"id":8045,"date":"2025-10-30T14:03:37","date_gmt":"2025-10-30T14:03:37","guid":{"rendered":"https:\/\/unicasa.co\/?post_type=product&#038;p=8045"},"modified":"2025-10-30T14:03:37","modified_gmt":"2025-10-30T14:03:37","slug":"tratamento-reconstrutor-novex-recarga-de-queratina-brasileira","status":"publish","type":"product","link":"https:\/\/unicasa.co\/fr\/product\/tratamento-reconstrutor-novex-recarga-de-queratina-brasileira\/","title":{"rendered":"Tratamento Reconstrutor Novex Recarga de Queratina Brasileira"},"content":{"rendered":"<p><strong>Reconstrucci\u00f3n total en minutos:<\/strong> Recarga de queratina brasile\u00f1a Novex<br \/>\n\u00bfTu cabello es poroso, el\u00e1stico y extremadamente da\u00f1ado? El tratamiento reconstructivo Novex Brazilian Keratin Recharge es tu soluci\u00f3n de emergencia. Este producto es un tratamiento de keratina superconcentrado que act\u00faa r\u00e1pidamente, reparando la estructura capilar desde el interior y restaurando la fuerza, el brillo y la elasticidad perdidos .<\/p>\n<p>Ideal para cabello tratado qu\u00edmicamente (alisado, coloraci\u00f3n, tratamientos progresivos) o muy da\u00f1ado por agresores externos. Con Novex Keratin Recharge, tu cabello se reconstruir\u00e1 y proteger\u00e1 contra da\u00f1os futuros.<\/p>","protected":false},"excerpt":{"rendered":"<p>Reconstrucci\u00f3n total en minutos: Recarga de queratina brasile\u00f1a Novex \u00bfTu cabello es poroso, el\u00e1stico y extremadamente da\u00f1ado? El tratamiento reconstructivo Novex Brazilian Keratin Recharge es tu soluci\u00f3n de emergencia. Este producto es un tratamiento de keratina superconcentrado que act\u00faa r\u00e1pidamente, reparando la estructura capilar desde el interior y restaurando la fuerza, el brillo y la [&hellip;]<\/p>","protected":false},"featured_media":8042,"comment_status":"closed","ping_status":"closed","template":"","meta":{"site-sidebar-layout":"default","site-content-layout":"","ast-site-content-layout":"default","site-content-style":"default","site-sidebar-style":"default","ast-global-header-display":"","ast-banner-title-visibility":"","ast-main-header-display":"","ast-hfb-above-header-display":"","ast-hfb-below-header-display":"","ast-hfb-mobile-header-display":"","site-post-title":"","ast-breadcrumbs-content":"","ast-featured-img":"","footer-sml-layout":"","ast-disable-related-posts":"","theme-transparent-header-meta":"default","adv-header-id-meta":"","stick-header-meta":"","header-above-stick-meta":"","header-main-stick-meta":"","header-below-stick-meta":"","astra-migrate-meta-layouts":"set","ast-page-background-enabled":"default","ast-page-background-meta":{"desktop":{"background-color":"","background-image":"","background-repeat":"repeat","background-position":"center center","background-size":"auto","background-attachment":"scroll","background-type":"","background-media":"","overlay-type":"","overlay-color":"","overlay-opacity":"","overlay-gradient":""},"tablet":{"background-color":"","background-image":"","background-repeat":"repeat","background-position":"center center","background-size":"auto","background-attachment":"scroll","background-type":"","background-media":"","overlay-type":"","overlay-color":"","overlay-opacity":"","overlay-gradient":""},"mobile":{"background-color":"","background-image":"","background-repeat":"repeat","background-position":"center center","background-size":"auto","background-attachment":"scroll","background-type":"","background-media":"","overlay-type":"","overlay-color":"","overlay-opacity":"","overlay-gradient":""}},"ast-content-background-meta":{"desktop":{"background-color":"var(--ast-global-color-5)","background-image":"","background-repeat":"repeat","background-position":"center center","background-size":"auto","background-attachment":"scroll","background-type":"","background-media":"","overlay-type":"","overlay-color":"","overlay-opacity":"","overlay-gradient":""},"tablet":{"background-color":"var(--ast-global-color-5)","background-image":"","background-repeat":"repeat","background-position":"center center","background-size":"auto","background-attachment":"scroll","background-type":"","background-media":"","overlay-type":"","overlay-color":"","overlay-opacity":"","overlay-gradient":""},"mobile":{"background-color":"var(--ast-global-color-5)","background-image":"","background-repeat":"repeat","background-position":"center center","background-size":"auto","background-attachment":"scroll","background-type":"","background-media":"","overlay-type":"","overlay-color":"","overlay-opacity":"","overlay-gradient":""}}},"product_cat":[57,138],"product_tag":[184,152],"class_list":{"0":"post-8045","1":"product","2":"type-product","3":"status-publish","4":"has-post-thumbnail","6":"product_cat-capilar","7":"product_cat-unipharm","8":"product_tag-novex","9":"product_tag-unipharm","10":"desktop-align-left","11":"tablet-align-left","12":"mobile-align-left","14":"first","15":"instock","16":"shipping-taxable","17":"product-type-simple"},"_links":{"self":[{"href":"https:\/\/unicasa.co\/fr\/wp-json\/wp\/v2\/product\/8045"}],"collection":[{"href":"https:\/\/unicasa.co\/fr\/wp-json\/wp\/v2\/product"}],"about":[{"href":"https:\/\/unicasa.co\/fr\/wp-json\/wp\/v2\/types\/product"}],"replies":[{"embeddable":true,"href":"https:\/\/unicasa.co\/fr\/wp-json\/wp\/v2\/comments?post=8045"}],"version-history":[{"count":1,"href":"https:\/\/unicasa.co\/fr\/wp-json\/wp\/v2\/product\/8045\/revisions"}],"predecessor-version":[{"id":8046,"href":"https:\/\/unicasa.co\/fr\/wp-json\/wp\/v2\/product\/8045\/revisions\/8046"}],"wp:featuredmedia":[{"embeddable":true,"href":"https:\/\/unicasa.co\/fr\/wp-json\/wp\/v2\/media\/8042"}],"wp:attachment":[{"href":"https:\/\/unicasa.co\/fr\/wp-json\/wp\/v2\/media?parent=8045"}],"wp:term":[{"taxonomy":"product_cat","embeddable":true,"href":"https:\/\/unicasa.co\/fr\/wp-json\/wp\/v2\/product_cat?post=8045"},{"taxonomy":"product_tag","embeddable":true,"href":"https:\/\/unicasa.co\/fr\/wp-json\/wp\/v2\/product_tag?post=8045"}],"curies":[{"name":"wp","href":"https:\/\/api.w.org\/{rel}","templated":true}]}}