{"id":8021,"date":"2025-10-20T15:26:53","date_gmt":"2025-10-20T14:26:53","guid":{"rendered":"https:\/\/unicasa.co\/?post_type=product&#038;p=8021"},"modified":"2025-10-20T15:26:54","modified_gmt":"2025-10-20T14:26:54","slug":"pack-nivea-tratamiento-extrafirmeza-crema-de-dia-noche","status":"publish","type":"product","link":"https:\/\/unicasa.co\/fr\/product\/pack-nivea-tratamiento-extrafirmeza-crema-de-dia-noche\/","title":{"rendered":"Pack NIVEA Tratamiento Extrafirmeza Crema de D\u00eda + Noche"},"content":{"rendered":"<p>Este pack es perfecto si est\u00e1s buscando una rutina de cuidado facial antiedad que le devuelva la firmeza a la piel de tu rostro. Contiene dos productos de la gama\u00a0<span class=\"nx-no-hyphens\">NIVEA<\/span>\u00a0<span class=\"nx-no-hyphens\">Cellular<\/span>\u00a0Expert\u00a0<span class=\"nx-no-hyphens\">Filler<\/span>: una crema de d\u00eda con factor de protecci\u00f3n 30 y una crema de noche.<\/p>\n<p>El\u00a0<b>pack\u00a0<span class=\"nx-no-hyphens\">NIVEA<\/span>\u00a0Tratamiento Extrafirmeza<\/b>\u00a0te trae dos productos de la gama antiedad\u00a0<span class=\"nx-no-hyphens\">NIVEA<\/span>\u00a0<span class=\"nx-no-hyphens\">Cellular<\/span>\u00a0Expert\u00a0<span class=\"nx-no-hyphens\">Filler<\/span>\u00a0para que puedas disfrutar de una rutina de cuidado facial que devuelva la firmeza a tu rostro. Por la ma\u00f1ana, aplica la Crema de D\u00eda con factor de protecci\u00f3n 30 para hidratar el rostro y protegerlo del fotoenvejecimiento, y por la noche aplica la Crema de Noche para hidratar la piel y devolver el volu<span class=\"nx-no-hyphens\">men<\/span>\u00a0al rostro mientras duermes. Las f\u00f3rmulas de estas cremas enriquecidas con \u00c1cido Hialur\u00f3nico y \u00c1cido F\u00f3lico aportan firmeza a la piel con un efecto rellenador en solo 24 horas.<\/p>","protected":false},"excerpt":{"rendered":"<p>Este pack es perfecto si est\u00e1s buscando una rutina de cuidado facial antiedad que le devuelva la firmeza a la piel de tu rostro. Contiene dos productos de la gama\u00a0NIVEA\u00a0Cellular\u00a0Expert\u00a0Filler: una crema de d\u00eda con factor de protecci\u00f3n 30 y una crema de noche. El\u00a0pack\u00a0NIVEA\u00a0Tratamiento Extrafirmeza\u00a0te trae dos productos de la gama antiedad\u00a0NIVEA\u00a0Cellular\u00a0Expert\u00a0Filler\u00a0para que puedas [&hellip;]<\/p>","protected":false},"featured_media":8022,"comment_status":"closed","ping_status":"closed","template":"","meta":{"site-sidebar-layout":"default","site-content-layout":"","ast-site-content-layout":"default","site-content-style":"default","site-sidebar-style":"default","ast-global-header-display":"","ast-banner-title-visibility":"","ast-main-header-display":"","ast-hfb-above-header-display":"","ast-hfb-below-header-display":"","ast-hfb-mobile-header-display":"","site-post-title":"","ast-breadcrumbs-content":"","ast-featured-img":"","footer-sml-layout":"","ast-disable-related-posts":"","theme-transparent-header-meta":"default","adv-header-id-meta":"","stick-header-meta":"","header-above-stick-meta":"","header-main-stick-meta":"","header-below-stick-meta":"","astra-migrate-meta-layouts":"set","ast-page-background-enabled":"default","ast-page-background-meta":{"desktop":{"background-color":"","background-image":"","background-repeat":"repeat","background-position":"center center","background-size":"auto","background-attachment":"scroll","background-type":"","background-media":"","overlay-type":"","overlay-color":"","overlay-opacity":"","overlay-gradient":""},"tablet":{"background-color":"","background-image":"","background-repeat":"repeat","background-position":"center center","background-size":"auto","background-attachment":"scroll","background-type":"","background-media":"","overlay-type":"","overlay-color":"","overlay-opacity":"","overlay-gradient":""},"mobile":{"background-color":"","background-image":"","background-repeat":"repeat","background-position":"center center","background-size":"auto","background-attachment":"scroll","background-type":"","background-media":"","overlay-type":"","overlay-color":"","overlay-opacity":"","overlay-gradient":""}},"ast-content-background-meta":{"desktop":{"background-color":"var(--ast-global-color-5)","background-image":"","background-repeat":"repeat","background-position":"center center","background-size":"auto","background-attachment":"scroll","background-type":"","background-media":"","overlay-type":"","overlay-color":"","overlay-opacity":"","overlay-gradient":""},"tablet":{"background-color":"var(--ast-global-color-5)","background-image":"","background-repeat":"repeat","background-position":"center center","background-size":"auto","background-attachment":"scroll","background-type":"","background-media":"","overlay-type":"","overlay-color":"","overlay-opacity":"","overlay-gradient":""},"mobile":{"background-color":"var(--ast-global-color-5)","background-image":"","background-repeat":"repeat","background-position":"center center","background-size":"auto","background-attachment":"scroll","background-type":"","background-media":"","overlay-type":"","overlay-color":"","overlay-opacity":"","overlay-gradient":""}}},"product_cat":[58,138],"product_tag":[181,127],"class_list":{"0":"post-8021","1":"product","2":"type-product","3":"status-publish","4":"has-post-thumbnail","6":"product_cat-facial","7":"product_cat-unipharm","8":"product_tag-kit","9":"product_tag-nivea","10":"desktop-align-left","11":"tablet-align-left","12":"mobile-align-left","14":"first","15":"instock","16":"shipping-taxable","17":"product-type-simple"},"_links":{"self":[{"href":"https:\/\/unicasa.co\/fr\/wp-json\/wp\/v2\/product\/8021"}],"collection":[{"href":"https:\/\/unicasa.co\/fr\/wp-json\/wp\/v2\/product"}],"about":[{"href":"https:\/\/unicasa.co\/fr\/wp-json\/wp\/v2\/types\/product"}],"replies":[{"embeddable":true,"href":"https:\/\/unicasa.co\/fr\/wp-json\/wp\/v2\/comments?post=8021"}],"version-history":[{"count":1,"href":"https:\/\/unicasa.co\/fr\/wp-json\/wp\/v2\/product\/8021\/revisions"}],"predecessor-version":[{"id":8023,"href":"https:\/\/unicasa.co\/fr\/wp-json\/wp\/v2\/product\/8021\/revisions\/8023"}],"wp:featuredmedia":[{"embeddable":true,"href":"https:\/\/unicasa.co\/fr\/wp-json\/wp\/v2\/media\/8022"}],"wp:attachment":[{"href":"https:\/\/unicasa.co\/fr\/wp-json\/wp\/v2\/media?parent=8021"}],"wp:term":[{"taxonomy":"product_cat","embeddable":true,"href":"https:\/\/unicasa.co\/fr\/wp-json\/wp\/v2\/product_cat?post=8021"},{"taxonomy":"product_tag","embeddable":true,"href":"https:\/\/unicasa.co\/fr\/wp-json\/wp\/v2\/product_tag?post=8021"}],"curies":[{"name":"wp","href":"https:\/\/api.w.org\/{rel}","templated":true}]}}