{"id":8019,"date":"2025-10-20T15:14:46","date_gmt":"2025-10-20T14:14:46","guid":{"rendered":"https:\/\/unicasa.co\/?post_type=product&#038;p=8019"},"modified":"2025-10-20T15:14:46","modified_gmt":"2025-10-20T14:14:46","slug":"pack-nivea-q10-tratamiento-antiedad-dia-noche","status":"publish","type":"product","link":"https:\/\/unicasa.co\/fr\/product\/pack-nivea-q10-tratamiento-antiedad-dia-noche\/","title":{"rendered":"Pack NIVEA Q10 Tratamiento Antiedad D\u00eda + Noche"},"content":{"rendered":"<p>Este pack te ofrece todo lo necesario para empezar tu rutina facial antiarrugas d\u00eda y noche con dos productos de la gama antiarrugas\u00a0<span class=\"nx-no-hyphens\">NIVEA<\/span>\u00a0Q10 Power: una crema de d\u00eda con factor de protecci\u00f3n solar 15 y una crema de noche reparadora.<\/p>\n<p>Con el\u00a0<b>Pack\u00a0<span class=\"nx-no-hyphens\">NIVEA<\/span>\u00a0Tratamiento Completo Antiedad<\/b>\u00a0tendr\u00e1s todo lo necesario para co<span class=\"nx-no-hyphens\">men<\/span>zar tu rutina facial antiarrugas. Este pack de regalo contiene dos productos de la gama de cuidado facial\u00a0<span class=\"nx-no-hyphens\">NIVEA<\/span>\u00a0Q10 Power Antiarrugas, enriquecidos con Coenzima Q10 100% id\u00e9ntica a la de la piel, Creatina y \u00c1cido Hialur\u00f3nico: una crema de d\u00eda antiarrugas con factor de protecci\u00f3n solar 15 y una crema de noche regeneradora. Notar\u00e1s la piel del rostro m\u00e1s firme gracias a esta rutina antiedad para d\u00eda y noche.<\/p>","protected":false},"excerpt":{"rendered":"<p>Este pack te ofrece todo lo necesario para empezar tu rutina facial antiarrugas d\u00eda y noche con dos productos de la gama antiarrugas\u00a0NIVEA\u00a0Q10 Power: una crema de d\u00eda con factor de protecci\u00f3n solar 15 y una crema de noche reparadora. Con el\u00a0Pack\u00a0NIVEA\u00a0Tratamiento Completo Antiedad\u00a0tendr\u00e1s todo lo necesario para comenzar tu rutina facial antiarrugas. Este pack [&hellip;]<\/p>","protected":false},"featured_media":7945,"comment_status":"closed","ping_status":"closed","template":"","meta":{"site-sidebar-layout":"default","site-content-layout":"","ast-site-content-layout":"default","site-content-style":"default","site-sidebar-style":"default","ast-global-header-display":"","ast-banner-title-visibility":"","ast-main-header-display":"","ast-hfb-above-header-display":"","ast-hfb-below-header-display":"","ast-hfb-mobile-header-display":"","site-post-title":"","ast-breadcrumbs-content":"","ast-featured-img":"","footer-sml-layout":"","ast-disable-related-posts":"","theme-transparent-header-meta":"default","adv-header-id-meta":"","stick-header-meta":"","header-above-stick-meta":"","header-main-stick-meta":"","header-below-stick-meta":"","astra-migrate-meta-layouts":"set","ast-page-background-enabled":"default","ast-page-background-meta":{"desktop":{"background-color":"","background-image":"","background-repeat":"repeat","background-position":"center center","background-size":"auto","background-attachment":"scroll","background-type":"","background-media":"","overlay-type":"","overlay-color":"","overlay-opacity":"","overlay-gradient":""},"tablet":{"background-color":"","background-image":"","background-repeat":"repeat","background-position":"center center","background-size":"auto","background-attachment":"scroll","background-type":"","background-media":"","overlay-type":"","overlay-color":"","overlay-opacity":"","overlay-gradient":""},"mobile":{"background-color":"","background-image":"","background-repeat":"repeat","background-position":"center center","background-size":"auto","background-attachment":"scroll","background-type":"","background-media":"","overlay-type":"","overlay-color":"","overlay-opacity":"","overlay-gradient":""}},"ast-content-background-meta":{"desktop":{"background-color":"var(--ast-global-color-5)","background-image":"","background-repeat":"repeat","background-position":"center center","background-size":"auto","background-attachment":"scroll","background-type":"","background-media":"","overlay-type":"","overlay-color":"","overlay-opacity":"","overlay-gradient":""},"tablet":{"background-color":"var(--ast-global-color-5)","background-image":"","background-repeat":"repeat","background-position":"center center","background-size":"auto","background-attachment":"scroll","background-type":"","background-media":"","overlay-type":"","overlay-color":"","overlay-opacity":"","overlay-gradient":""},"mobile":{"background-color":"var(--ast-global-color-5)","background-image":"","background-repeat":"repeat","background-position":"center center","background-size":"auto","background-attachment":"scroll","background-type":"","background-media":"","overlay-type":"","overlay-color":"","overlay-opacity":"","overlay-gradient":""}}},"product_cat":[58,138],"product_tag":[181,127],"class_list":{"0":"post-8019","1":"product","2":"type-product","3":"status-publish","4":"has-post-thumbnail","6":"product_cat-facial","7":"product_cat-unipharm","8":"product_tag-kit","9":"product_tag-nivea","10":"desktop-align-left","11":"tablet-align-left","12":"mobile-align-left","14":"first","15":"instock","16":"shipping-taxable","17":"product-type-simple"},"_links":{"self":[{"href":"https:\/\/unicasa.co\/fr\/wp-json\/wp\/v2\/product\/8019"}],"collection":[{"href":"https:\/\/unicasa.co\/fr\/wp-json\/wp\/v2\/product"}],"about":[{"href":"https:\/\/unicasa.co\/fr\/wp-json\/wp\/v2\/types\/product"}],"replies":[{"embeddable":true,"href":"https:\/\/unicasa.co\/fr\/wp-json\/wp\/v2\/comments?post=8019"}],"version-history":[{"count":1,"href":"https:\/\/unicasa.co\/fr\/wp-json\/wp\/v2\/product\/8019\/revisions"}],"predecessor-version":[{"id":8020,"href":"https:\/\/unicasa.co\/fr\/wp-json\/wp\/v2\/product\/8019\/revisions\/8020"}],"wp:featuredmedia":[{"embeddable":true,"href":"https:\/\/unicasa.co\/fr\/wp-json\/wp\/v2\/media\/7945"}],"wp:attachment":[{"href":"https:\/\/unicasa.co\/fr\/wp-json\/wp\/v2\/media?parent=8019"}],"wp:term":[{"taxonomy":"product_cat","embeddable":true,"href":"https:\/\/unicasa.co\/fr\/wp-json\/wp\/v2\/product_cat?post=8019"},{"taxonomy":"product_tag","embeddable":true,"href":"https:\/\/unicasa.co\/fr\/wp-json\/wp\/v2\/product_tag?post=8019"}],"curies":[{"name":"wp","href":"https:\/\/api.w.org\/{rel}","templated":true}]}}