{"id":8016,"date":"2025-10-20T15:11:38","date_gmt":"2025-10-20T14:11:38","guid":{"rendered":"https:\/\/unicasa.co\/?post_type=product&#038;p=8016"},"modified":"2025-10-20T15:11:39","modified_gmt":"2025-10-20T14:11:39","slug":"kit-de-loreal-revitalift-laser-estuche-tratamiento-antiedad-y-antiarrugas","status":"publish","type":"product","link":"https:\/\/unicasa.co\/fr\/product\/kit-de-loreal-revitalift-laser-estuche-tratamiento-antiedad-y-antiarrugas\/","title":{"rendered":"Kit de L&#8217;OREAL Revitalift Laser Estuche tratamiento antiedad y antiarrugas"},"content":{"rendered":"<div class=\"x14z9mp xat24cr x1lziwak x1vvkbs xtlvy1s x126k92a\">\n<div dir=\"auto\">Tratamiento antiedad y antiarrugas corrector para piel hidratada unificada y m\u00e1s firme<\/div>\n<\/div>\n<div class=\"x14z9mp xat24cr x1lziwak x1vvkbs xtlvy1s x126k92a\">\n<div dir=\"auto\">Revitalift Laser, Estuche\u00a0de\u00a0L\u00b4Or\u00e9al Par\u00eds.<\/div>\n<\/div>\n<div class=\"x14z9mp xat24cr x1lziwak x1vvkbs xtlvy1s x126k92a\">\n<div dir=\"auto\">\u00a1Nada mejor para regalar en este d\u00eda de la Madre!\u00a0Transforma tu rutina Anti-edad con L\u2019Or\u00e9al Paris Revitalift.<\/div>\n<div dir=\"auto\"><\/div>\n<\/div>\n<div class=\"x14z9mp xat24cr x1lziwak x1vvkbs xtlvy1s x126k92a\">\n<div dir=\"auto\"><strong>El estuche contiene:<\/strong><\/div>\n<\/div>\n<div class=\"x14z9mp xat24cr x1lziwak x1vvkbs xtlvy1s x126k92a\">\n<div dir=\"auto\">Revitalift Laser S\u00e9rum Corrector Antiedad 30 ml.:<\/div>\n<\/div>\n<div class=\"x14z9mp xat24cr x1lziwak x1vvkbs xtlvy1s x126k92a\">\n<div dir=\"auto\">L\u00b4Or\u00e9al Paris S\u00e9rum Corrector Anti-Edad Revitalift Laser Tri-p\u00e9ptidos + \u00c1cido Hialur\u00f3nico + Vitamina Cg combina activos anti-edad de referencia.\u00a0Resultados visibles en 2 semanas\u00a0en l\u00edneas de expresi\u00f3n, firmeza y luminosidad.<\/div>\n<div dir=\"auto\"><\/div>\n<\/div>\n<div class=\"x14z9mp xat24cr x1lziwak x1vvkbs xtlvy1s x126k92a\">\n<div dir=\"auto\">Revitalift L\u00e1ser Triple Acci\u00f3n, Crema de D\u00eda Anti-Edad SPF25, 50 ml:<\/div>\n<\/div>\n<div class=\"x14z9mp xat24cr x1lziwak x1vvkbs xtlvy1s x126k92a\">\n<div dir=\"auto\">L\u00b4Or\u00e9al Paris Revitalift L\u00e1ser Triple Acci\u00f3n Crema de D\u00eda Anti-Edad SPF25 con Pro-Retinol, \u00c1cido Hialur\u00f3nico y Vitamina Cg. La nueva f\u00f3rmula ofrece una triple eficacia, inmediatamente la piel tonificada y firme, en 1 semana\u00a0arrugas visiblemente reducidas\u00a0y en 4 semanas una textura m\u00e1s uniforme y manchas reducidas.<\/div>\n<\/div>","protected":false},"excerpt":{"rendered":"<p>Tratamiento antiedad y antiarrugas corrector para piel hidratada unificada y m\u00e1s firme Revitalift Laser, Estuche\u00a0de\u00a0L\u00b4Or\u00e9al Par\u00eds. \u00a1Nada mejor para regalar en este d\u00eda de la Madre!\u00a0Transforma tu rutina Anti-edad con L\u2019Or\u00e9al Paris Revitalift. El estuche contiene: Revitalift Laser S\u00e9rum Corrector Antiedad 30 ml.: L\u00b4Or\u00e9al Paris S\u00e9rum Corrector Anti-Edad Revitalift Laser Tri-p\u00e9ptidos + \u00c1cido Hialur\u00f3nico + [&hellip;]<\/p>","protected":false},"featured_media":8017,"comment_status":"closed","ping_status":"closed","template":"","meta":{"site-sidebar-layout":"default","site-content-layout":"","ast-site-content-layout":"default","site-content-style":"default","site-sidebar-style":"default","ast-global-header-display":"","ast-banner-title-visibility":"","ast-main-header-display":"","ast-hfb-above-header-display":"","ast-hfb-below-header-display":"","ast-hfb-mobile-header-display":"","site-post-title":"","ast-breadcrumbs-content":"","ast-featured-img":"","footer-sml-layout":"","ast-disable-related-posts":"","theme-transparent-header-meta":"default","adv-header-id-meta":"","stick-header-meta":"","header-above-stick-meta":"","header-main-stick-meta":"","header-below-stick-meta":"","astra-migrate-meta-layouts":"set","ast-page-background-enabled":"default","ast-page-background-meta":{"desktop":{"background-color":"","background-image":"","background-repeat":"repeat","background-position":"center center","background-size":"auto","background-attachment":"scroll","background-type":"","background-media":"","overlay-type":"","overlay-color":"","overlay-opacity":"","overlay-gradient":""},"tablet":{"background-color":"","background-image":"","background-repeat":"repeat","background-position":"center center","background-size":"auto","background-attachment":"scroll","background-type":"","background-media":"","overlay-type":"","overlay-color":"","overlay-opacity":"","overlay-gradient":""},"mobile":{"background-color":"","background-image":"","background-repeat":"repeat","background-position":"center center","background-size":"auto","background-attachment":"scroll","background-type":"","background-media":"","overlay-type":"","overlay-color":"","overlay-opacity":"","overlay-gradient":""}},"ast-content-background-meta":{"desktop":{"background-color":"var(--ast-global-color-5)","background-image":"","background-repeat":"repeat","background-position":"center center","background-size":"auto","background-attachment":"scroll","background-type":"","background-media":"","overlay-type":"","overlay-color":"","overlay-opacity":"","overlay-gradient":""},"tablet":{"background-color":"var(--ast-global-color-5)","background-image":"","background-repeat":"repeat","background-position":"center center","background-size":"auto","background-attachment":"scroll","background-type":"","background-media":"","overlay-type":"","overlay-color":"","overlay-opacity":"","overlay-gradient":""},"mobile":{"background-color":"var(--ast-global-color-5)","background-image":"","background-repeat":"repeat","background-position":"center center","background-size":"auto","background-attachment":"scroll","background-type":"","background-media":"","overlay-type":"","overlay-color":"","overlay-opacity":"","overlay-gradient":""}}},"product_cat":[58,59,138],"product_tag":[181,169,152],"class_list":{"0":"post-8016","1":"product","2":"type-product","3":"status-publish","4":"has-post-thumbnail","6":"product_cat-facial","7":"product_cat-personal","8":"product_cat-unipharm","9":"product_tag-kit","10":"product_tag-loreal","11":"product_tag-unipharm","12":"desktop-align-left","13":"tablet-align-left","14":"mobile-align-left","16":"first","17":"instock","18":"shipping-taxable","19":"product-type-simple"},"_links":{"self":[{"href":"https:\/\/unicasa.co\/fr\/wp-json\/wp\/v2\/product\/8016"}],"collection":[{"href":"https:\/\/unicasa.co\/fr\/wp-json\/wp\/v2\/product"}],"about":[{"href":"https:\/\/unicasa.co\/fr\/wp-json\/wp\/v2\/types\/product"}],"replies":[{"embeddable":true,"href":"https:\/\/unicasa.co\/fr\/wp-json\/wp\/v2\/comments?post=8016"}],"version-history":[{"count":1,"href":"https:\/\/unicasa.co\/fr\/wp-json\/wp\/v2\/product\/8016\/revisions"}],"predecessor-version":[{"id":8018,"href":"https:\/\/unicasa.co\/fr\/wp-json\/wp\/v2\/product\/8016\/revisions\/8018"}],"wp:featuredmedia":[{"embeddable":true,"href":"https:\/\/unicasa.co\/fr\/wp-json\/wp\/v2\/media\/8017"}],"wp:attachment":[{"href":"https:\/\/unicasa.co\/fr\/wp-json\/wp\/v2\/media?parent=8016"}],"wp:term":[{"taxonomy":"product_cat","embeddable":true,"href":"https:\/\/unicasa.co\/fr\/wp-json\/wp\/v2\/product_cat?post=8016"},{"taxonomy":"product_tag","embeddable":true,"href":"https:\/\/unicasa.co\/fr\/wp-json\/wp\/v2\/product_tag?post=8016"}],"curies":[{"name":"wp","href":"https:\/\/api.w.org\/{rel}","templated":true}]}}