{"id":8013,"date":"2025-10-20T15:05:38","date_gmt":"2025-10-20T14:05:38","guid":{"rendered":"https:\/\/unicasa.co\/?post_type=product&#038;p=8013"},"modified":"2025-10-20T15:05:38","modified_gmt":"2025-10-20T14:05:38","slug":"neceser-babaria-botox-effect-set-de-cuidado-facial","status":"publish","type":"product","link":"https:\/\/unicasa.co\/fr\/product\/neceser-babaria-botox-effect-set-de-cuidado-facial\/","title":{"rendered":"Neceser Babaria Botox Effect Set de cuidado facial"},"content":{"rendered":"<p class=\"western\"><span dir=\"auto\">El Set de Cuidado Facial + Neceser Babaria Botox es un set de cuidado facial avanzado dise\u00f1ado para rejuvenecer y revitalizar la piel. Incluye un envase de crema de 50 ml, un s\u00e9rum facial de 30 ml y una ampolla de tratamiento. Este neceser, con su elegante dise\u00f1o, es ideal para quienes buscan una soluci\u00f3n completa y eficaz para combatir los signos de la edad.<\/span><\/p>\n<p class=\"western\"><strong><span dir=\"auto\">Crema en frasco de 50 ml:<\/span><\/strong><span dir=\"auto\">\u00a0Act\u00faa hidratando y reafirmando la piel, reduciendo la aparici\u00f3n de\u00a0<\/span><span dir=\"auto\">l\u00edneas finas y arrugas.<\/span><\/p>\n<p class=\"western\"><strong><span dir=\"auto\">El<\/span><\/strong><span dir=\"auto\">\u00a0S\u00e9rum Facial de 30 ml complementa este efecto, aportando una intensa concentraci\u00f3n de ingredientes rejuvenecedores.<\/span><br \/>\n<strong><span dir=\"auto\">La Ampolla:<\/span><\/strong><span dir=\"auto\">\u00a0Con su potente f\u00f3rmula, ofrece un tratamiento intensivo para revitalizar la piel y lograr una apariencia m\u00e1s juvenil.<\/span><\/p>\n<ul>\n<li><span><strong><span dir=\"auto\">Incluye:\u00a0<\/span><\/strong><span dir=\"auto\">Crema (50 ml), s\u00e9rum (30 ml), ampolla y neceser.<\/span><\/span><\/li>\n<li><span><strong><span dir=\"auto\"><span dir=\"auto\">Incluye:\u00a0<\/span><\/span><\/strong><span dir=\"auto\"><span dir=\"auto\">Crema (50 ml), s\u00e9rum (30 ml), ampolla y neceser.<\/span><\/span><\/span><\/li>\n<\/ul>","protected":false},"excerpt":{"rendered":"<p><span><strong><span dir=\"auto\">Incluye:\u00a0<\/span><\/strong><span dir=\"auto\">Crema (50 ml), s\u00e9rum (30 ml), ampolla y neceser.<\/span><\/span><\/p>","protected":false},"featured_media":8014,"comment_status":"closed","ping_status":"closed","template":"","meta":{"site-sidebar-layout":"default","site-content-layout":"","ast-site-content-layout":"default","site-content-style":"default","site-sidebar-style":"default","ast-global-header-display":"","ast-banner-title-visibility":"","ast-main-header-display":"","ast-hfb-above-header-display":"","ast-hfb-below-header-display":"","ast-hfb-mobile-header-display":"","site-post-title":"","ast-breadcrumbs-content":"","ast-featured-img":"","footer-sml-layout":"","ast-disable-related-posts":"","theme-transparent-header-meta":"default","adv-header-id-meta":"","stick-header-meta":"","header-above-stick-meta":"","header-main-stick-meta":"","header-below-stick-meta":"","astra-migrate-meta-layouts":"set","ast-page-background-enabled":"default","ast-page-background-meta":{"desktop":{"background-color":"","background-image":"","background-repeat":"repeat","background-position":"center center","background-size":"auto","background-attachment":"scroll","background-type":"","background-media":"","overlay-type":"","overlay-color":"","overlay-opacity":"","overlay-gradient":""},"tablet":{"background-color":"","background-image":"","background-repeat":"repeat","background-position":"center center","background-size":"auto","background-attachment":"scroll","background-type":"","background-media":"","overlay-type":"","overlay-color":"","overlay-opacity":"","overlay-gradient":""},"mobile":{"background-color":"","background-image":"","background-repeat":"repeat","background-position":"center center","background-size":"auto","background-attachment":"scroll","background-type":"","background-media":"","overlay-type":"","overlay-color":"","overlay-opacity":"","overlay-gradient":""}},"ast-content-background-meta":{"desktop":{"background-color":"var(--ast-global-color-5)","background-image":"","background-repeat":"repeat","background-position":"center center","background-size":"auto","background-attachment":"scroll","background-type":"","background-media":"","overlay-type":"","overlay-color":"","overlay-opacity":"","overlay-gradient":""},"tablet":{"background-color":"var(--ast-global-color-5)","background-image":"","background-repeat":"repeat","background-position":"center center","background-size":"auto","background-attachment":"scroll","background-type":"","background-media":"","overlay-type":"","overlay-color":"","overlay-opacity":"","overlay-gradient":""},"mobile":{"background-color":"var(--ast-global-color-5)","background-image":"","background-repeat":"repeat","background-position":"center center","background-size":"auto","background-attachment":"scroll","background-type":"","background-media":"","overlay-type":"","overlay-color":"","overlay-opacity":"","overlay-gradient":""}}},"product_cat":[58,59,138],"product_tag":[98,181,152],"class_list":{"0":"post-8013","1":"product","2":"type-product","3":"status-publish","4":"has-post-thumbnail","6":"product_cat-facial","7":"product_cat-personal","8":"product_cat-unipharm","9":"product_tag-babaria","10":"product_tag-kit","11":"product_tag-unipharm","12":"desktop-align-left","13":"tablet-align-left","14":"mobile-align-left","16":"first","17":"instock","18":"shipping-taxable","19":"product-type-simple"},"_links":{"self":[{"href":"https:\/\/unicasa.co\/fr\/wp-json\/wp\/v2\/product\/8013"}],"collection":[{"href":"https:\/\/unicasa.co\/fr\/wp-json\/wp\/v2\/product"}],"about":[{"href":"https:\/\/unicasa.co\/fr\/wp-json\/wp\/v2\/types\/product"}],"replies":[{"embeddable":true,"href":"https:\/\/unicasa.co\/fr\/wp-json\/wp\/v2\/comments?post=8013"}],"version-history":[{"count":1,"href":"https:\/\/unicasa.co\/fr\/wp-json\/wp\/v2\/product\/8013\/revisions"}],"predecessor-version":[{"id":8015,"href":"https:\/\/unicasa.co\/fr\/wp-json\/wp\/v2\/product\/8013\/revisions\/8015"}],"wp:featuredmedia":[{"embeddable":true,"href":"https:\/\/unicasa.co\/fr\/wp-json\/wp\/v2\/media\/8014"}],"wp:attachment":[{"href":"https:\/\/unicasa.co\/fr\/wp-json\/wp\/v2\/media?parent=8013"}],"wp:term":[{"taxonomy":"product_cat","embeddable":true,"href":"https:\/\/unicasa.co\/fr\/wp-json\/wp\/v2\/product_cat?post=8013"},{"taxonomy":"product_tag","embeddable":true,"href":"https:\/\/unicasa.co\/fr\/wp-json\/wp\/v2\/product_tag?post=8013"}],"curies":[{"name":"wp","href":"https:\/\/api.w.org\/{rel}","templated":true}]}}