{"id":8009,"date":"2025-10-20T15:00:38","date_gmt":"2025-10-20T14:00:38","guid":{"rendered":"https:\/\/unicasa.co\/?post_type=product&#038;p=8009"},"modified":"2025-10-20T15:01:23","modified_gmt":"2025-10-20T14:01:23","slug":"necesser-babaria-efecto-botox-total-lift","status":"publish","type":"product","link":"https:\/\/unicasa.co\/fr\/product\/necesser-babaria-efecto-botox-total-lift\/","title":{"rendered":"Necesser Babaria Efecto Botox Total Lift"},"content":{"rendered":"<p>El kit Babaria Botox Effect Total Lift combate eficazmente los signos del envejecimiento. Contiene un s\u00e9rum y una crema facial con un trip\u00e9ptido similar al b\u00f3tox que suaviza las arrugas y relaja los m\u00fasculos. El s\u00e9rum ofrece acci\u00f3n antioxidante, mientras que la crema proporciona un efecto lifting y mejora la textura de la piel. Ideal para pieles maduras que buscan revitalizaci\u00f3n. Su uso continuado deja la piel m\u00e1s firme, suave y rejuvenecida.<\/p>","protected":false},"excerpt":{"rendered":"<p>El kit Babaria Botox Effect Total Lift combate eficazmente los signos del envejecimiento. Contiene un s\u00e9rum y una crema facial con un trip\u00e9ptido similar al b\u00f3tox que suaviza las arrugas y relaja los m\u00fasculos. El s\u00e9rum ofrece acci\u00f3n antioxidante, mientras que la crema proporciona un efecto lifting y mejora la textura de la piel. Ideal [&hellip;]<\/p>","protected":false},"featured_media":8010,"comment_status":"closed","ping_status":"closed","template":"","meta":{"site-sidebar-layout":"default","site-content-layout":"","ast-site-content-layout":"default","site-content-style":"default","site-sidebar-style":"default","ast-global-header-display":"","ast-banner-title-visibility":"","ast-main-header-display":"","ast-hfb-above-header-display":"","ast-hfb-below-header-display":"","ast-hfb-mobile-header-display":"","site-post-title":"","ast-breadcrumbs-content":"","ast-featured-img":"","footer-sml-layout":"","ast-disable-related-posts":"","theme-transparent-header-meta":"default","adv-header-id-meta":"","stick-header-meta":"","header-above-stick-meta":"","header-main-stick-meta":"","header-below-stick-meta":"","astra-migrate-meta-layouts":"set","ast-page-background-enabled":"default","ast-page-background-meta":{"desktop":{"background-color":"","background-image":"","background-repeat":"repeat","background-position":"center center","background-size":"auto","background-attachment":"scroll","background-type":"","background-media":"","overlay-type":"","overlay-color":"","overlay-opacity":"","overlay-gradient":""},"tablet":{"background-color":"","background-image":"","background-repeat":"repeat","background-position":"center center","background-size":"auto","background-attachment":"scroll","background-type":"","background-media":"","overlay-type":"","overlay-color":"","overlay-opacity":"","overlay-gradient":""},"mobile":{"background-color":"","background-image":"","background-repeat":"repeat","background-position":"center center","background-size":"auto","background-attachment":"scroll","background-type":"","background-media":"","overlay-type":"","overlay-color":"","overlay-opacity":"","overlay-gradient":""}},"ast-content-background-meta":{"desktop":{"background-color":"var(--ast-global-color-5)","background-image":"","background-repeat":"repeat","background-position":"center center","background-size":"auto","background-attachment":"scroll","background-type":"","background-media":"","overlay-type":"","overlay-color":"","overlay-opacity":"","overlay-gradient":""},"tablet":{"background-color":"var(--ast-global-color-5)","background-image":"","background-repeat":"repeat","background-position":"center center","background-size":"auto","background-attachment":"scroll","background-type":"","background-media":"","overlay-type":"","overlay-color":"","overlay-opacity":"","overlay-gradient":""},"mobile":{"background-color":"var(--ast-global-color-5)","background-image":"","background-repeat":"repeat","background-position":"center center","background-size":"auto","background-attachment":"scroll","background-type":"","background-media":"","overlay-type":"","overlay-color":"","overlay-opacity":"","overlay-gradient":""}}},"product_cat":[58,59,138],"product_tag":[98,181,152],"class_list":{"0":"post-8009","1":"product","2":"type-product","3":"status-publish","4":"has-post-thumbnail","6":"product_cat-facial","7":"product_cat-personal","8":"product_cat-unipharm","9":"product_tag-babaria","10":"product_tag-kit","11":"product_tag-unipharm","12":"desktop-align-left","13":"tablet-align-left","14":"mobile-align-left","16":"first","17":"instock","18":"shipping-taxable","19":"product-type-simple"},"_links":{"self":[{"href":"https:\/\/unicasa.co\/fr\/wp-json\/wp\/v2\/product\/8009"}],"collection":[{"href":"https:\/\/unicasa.co\/fr\/wp-json\/wp\/v2\/product"}],"about":[{"href":"https:\/\/unicasa.co\/fr\/wp-json\/wp\/v2\/types\/product"}],"replies":[{"embeddable":true,"href":"https:\/\/unicasa.co\/fr\/wp-json\/wp\/v2\/comments?post=8009"}],"version-history":[{"count":2,"href":"https:\/\/unicasa.co\/fr\/wp-json\/wp\/v2\/product\/8009\/revisions"}],"predecessor-version":[{"id":8012,"href":"https:\/\/unicasa.co\/fr\/wp-json\/wp\/v2\/product\/8009\/revisions\/8012"}],"wp:featuredmedia":[{"embeddable":true,"href":"https:\/\/unicasa.co\/fr\/wp-json\/wp\/v2\/media\/8010"}],"wp:attachment":[{"href":"https:\/\/unicasa.co\/fr\/wp-json\/wp\/v2\/media?parent=8009"}],"wp:term":[{"taxonomy":"product_cat","embeddable":true,"href":"https:\/\/unicasa.co\/fr\/wp-json\/wp\/v2\/product_cat?post=8009"},{"taxonomy":"product_tag","embeddable":true,"href":"https:\/\/unicasa.co\/fr\/wp-json\/wp\/v2\/product_tag?post=8009"}],"curies":[{"name":"wp","href":"https:\/\/api.w.org\/{rel}","templated":true}]}}