{"id":8006,"date":"2025-10-20T14:58:16","date_gmt":"2025-10-20T13:58:16","guid":{"rendered":"https:\/\/unicasa.co\/?post_type=product&#038;p=8006"},"modified":"2025-10-20T14:58:17","modified_gmt":"2025-10-20T13:58:17","slug":"babaria-sun-travel-kit-pack-de-viaje","status":"publish","type":"product","link":"https:\/\/unicasa.co\/fr\/product\/babaria-sun-travel-kit-pack-de-viaje\/","title":{"rendered":"Babaria Sun Travel Kit Pack de viaje"},"content":{"rendered":"<p><strong>El conjunto contiene:<\/strong><\/p>\n<p>leche protectora FPS 50 100 ml<br \/>\nBruma protectora para el cabello 100 ml<br \/>\nb\u00e1lsamo calmante para despu\u00e9s del sol 100 ml<br \/>\nEl producto:<\/p>\n<p>Protege la piel contra los rayos UVA y UVB.<br \/>\nresistente al agua<br \/>\nProporciona a la piel la hidrataci\u00f3n que necesita<br \/>\nIdeal para ir de viaje<br \/>\nComposici\u00f3n del producto:<\/p>\n<p>filtros UV<br \/>\nproducto vegano<br \/>\nInstrucciones de uso:<br \/>\nUse cada producto de este set cosm\u00e9tico seg\u00fan sus instrucciones. No se exponga al sol durante demasiado tiempo, incluso con protector solar. No exponga a los ni\u00f1os a la luz solar directa.<\/p>","protected":false},"excerpt":{"rendered":"<p>3x100ml<\/p>","protected":false},"featured_media":8007,"comment_status":"closed","ping_status":"closed","template":"","meta":{"site-sidebar-layout":"default","site-content-layout":"","ast-site-content-layout":"default","site-content-style":"default","site-sidebar-style":"default","ast-global-header-display":"","ast-banner-title-visibility":"","ast-main-header-display":"","ast-hfb-above-header-display":"","ast-hfb-below-header-display":"","ast-hfb-mobile-header-display":"","site-post-title":"","ast-breadcrumbs-content":"","ast-featured-img":"","footer-sml-layout":"","ast-disable-related-posts":"","theme-transparent-header-meta":"default","adv-header-id-meta":"","stick-header-meta":"","header-above-stick-meta":"","header-main-stick-meta":"","header-below-stick-meta":"","astra-migrate-meta-layouts":"set","ast-page-background-enabled":"default","ast-page-background-meta":{"desktop":{"background-color":"","background-image":"","background-repeat":"repeat","background-position":"center center","background-size":"auto","background-attachment":"scroll","background-type":"","background-media":"","overlay-type":"","overlay-color":"","overlay-opacity":"","overlay-gradient":""},"tablet":{"background-color":"","background-image":"","background-repeat":"repeat","background-position":"center center","background-size":"auto","background-attachment":"scroll","background-type":"","background-media":"","overlay-type":"","overlay-color":"","overlay-opacity":"","overlay-gradient":""},"mobile":{"background-color":"","background-image":"","background-repeat":"repeat","background-position":"center center","background-size":"auto","background-attachment":"scroll","background-type":"","background-media":"","overlay-type":"","overlay-color":"","overlay-opacity":"","overlay-gradient":""}},"ast-content-background-meta":{"desktop":{"background-color":"var(--ast-global-color-5)","background-image":"","background-repeat":"repeat","background-position":"center center","background-size":"auto","background-attachment":"scroll","background-type":"","background-media":"","overlay-type":"","overlay-color":"","overlay-opacity":"","overlay-gradient":""},"tablet":{"background-color":"var(--ast-global-color-5)","background-image":"","background-repeat":"repeat","background-position":"center center","background-size":"auto","background-attachment":"scroll","background-type":"","background-media":"","overlay-type":"","overlay-color":"","overlay-opacity":"","overlay-gradient":""},"mobile":{"background-color":"var(--ast-global-color-5)","background-image":"","background-repeat":"repeat","background-position":"center center","background-size":"auto","background-attachment":"scroll","background-type":"","background-media":"","overlay-type":"","overlay-color":"","overlay-opacity":"","overlay-gradient":""}}},"product_cat":[60,59,138],"product_tag":[98,181,152],"class_list":{"0":"post-8006","1":"product","2":"type-product","3":"status-publish","4":"has-post-thumbnail","6":"product_cat-corporal","7":"product_cat-personal","8":"product_cat-unipharm","9":"product_tag-babaria","10":"product_tag-kit","11":"product_tag-unipharm","12":"desktop-align-left","13":"tablet-align-left","14":"mobile-align-left","16":"first","17":"instock","18":"shipping-taxable","19":"product-type-simple"},"_links":{"self":[{"href":"https:\/\/unicasa.co\/fr\/wp-json\/wp\/v2\/product\/8006"}],"collection":[{"href":"https:\/\/unicasa.co\/fr\/wp-json\/wp\/v2\/product"}],"about":[{"href":"https:\/\/unicasa.co\/fr\/wp-json\/wp\/v2\/types\/product"}],"replies":[{"embeddable":true,"href":"https:\/\/unicasa.co\/fr\/wp-json\/wp\/v2\/comments?post=8006"}],"version-history":[{"count":1,"href":"https:\/\/unicasa.co\/fr\/wp-json\/wp\/v2\/product\/8006\/revisions"}],"predecessor-version":[{"id":8008,"href":"https:\/\/unicasa.co\/fr\/wp-json\/wp\/v2\/product\/8006\/revisions\/8008"}],"wp:featuredmedia":[{"embeddable":true,"href":"https:\/\/unicasa.co\/fr\/wp-json\/wp\/v2\/media\/8007"}],"wp:attachment":[{"href":"https:\/\/unicasa.co\/fr\/wp-json\/wp\/v2\/media?parent=8006"}],"wp:term":[{"taxonomy":"product_cat","embeddable":true,"href":"https:\/\/unicasa.co\/fr\/wp-json\/wp\/v2\/product_cat?post=8006"},{"taxonomy":"product_tag","embeddable":true,"href":"https:\/\/unicasa.co\/fr\/wp-json\/wp\/v2\/product_tag?post=8006"}],"curies":[{"name":"wp","href":"https:\/\/api.w.org\/{rel}","templated":true}]}}