{"id":8003,"date":"2025-10-20T14:52:27","date_gmt":"2025-10-20T13:52:27","guid":{"rendered":"https:\/\/unicasa.co\/?post_type=product&#038;p=8003"},"modified":"2025-10-20T14:58:36","modified_gmt":"2025-10-20T13:58:36","slug":"set-acido-hialuronico-babaria-hidratacion-volumen-elasticida","status":"publish","type":"product","link":"https:\/\/unicasa.co\/fr\/product\/set-acido-hialuronico-babaria-hidratacion-volumen-elasticida\/","title":{"rendered":"Set \u00e1cido hialur\u00f3nico Babaria hidrataci\u00f3n, volumen, elasticida"},"content":{"rendered":"<div class=\"mb3\">\n<div class=\"dangerous-html mb3\">\n<ul>\n<li>Vegano de origen vegetal<\/li>\n<li>Hidratante<\/li>\n<li>Acido Hialur\u00f3nico de baja y alta concentraci\u00f3n<\/li>\n<li>Efecto relleno<\/li>\n<\/ul>\n<\/div>\n<\/div>\n<div class=\"mb3 f6 mid-gray lh-title overflow-visible db\">\n<div class=\"dangerous-html mb3\">\n<div>Mejora el volumen y la elasticidad de la piel con este tratamiento de Barbaria.<\/div>\n<div>&#8211; De origen biotecnol\u00f3gico obtenido por fermentaci\u00f3n, penetra m\u00e1s en la epidermis, siendo as\u00ed m\u00e1s efectivo<\/div>\n<div>&#8211; De r\u00e1pida absorci\u00f3n que aporta volumen y cohesi\u00f3n a la piel<\/div>\n<div>&#8211; Disminuye la flacidez y tiene un efecto rellenador<\/div>\n<div>Ahora puedes realizar tus compras de este y otros productos en tu tienda en l\u00ednea, donde encontrar\u00e1s lo necesario para tu d\u00eda a d\u00eda. Recuerda que, con nuestro servicio de entregas a domicilio, tus compras llegar\u00e1n hasta la puerta de tu hogar. Tambi\u00e9n contamos con servicio de Pickup, as\u00ed como diversas formas de pago.<\/div>\n<\/div>\n<\/div>","protected":false},"excerpt":{"rendered":"<p>Neceser \u00c1cido Hialur\u00f3nico (Crema Facial 50ml + Serum 30ml + Ampolla)<\/p>","protected":false},"featured_media":8004,"comment_status":"closed","ping_status":"closed","template":"","meta":{"site-sidebar-layout":"default","site-content-layout":"","ast-site-content-layout":"default","site-content-style":"default","site-sidebar-style":"default","ast-global-header-display":"","ast-banner-title-visibility":"","ast-main-header-display":"","ast-hfb-above-header-display":"","ast-hfb-below-header-display":"","ast-hfb-mobile-header-display":"","site-post-title":"","ast-breadcrumbs-content":"","ast-featured-img":"","footer-sml-layout":"","ast-disable-related-posts":"","theme-transparent-header-meta":"default","adv-header-id-meta":"","stick-header-meta":"","header-above-stick-meta":"","header-main-stick-meta":"","header-below-stick-meta":"","astra-migrate-meta-layouts":"set","ast-page-background-enabled":"default","ast-page-background-meta":{"desktop":{"background-color":"","background-image":"","background-repeat":"repeat","background-position":"center center","background-size":"auto","background-attachment":"scroll","background-type":"","background-media":"","overlay-type":"","overlay-color":"","overlay-opacity":"","overlay-gradient":""},"tablet":{"background-color":"","background-image":"","background-repeat":"repeat","background-position":"center center","background-size":"auto","background-attachment":"scroll","background-type":"","background-media":"","overlay-type":"","overlay-color":"","overlay-opacity":"","overlay-gradient":""},"mobile":{"background-color":"","background-image":"","background-repeat":"repeat","background-position":"center center","background-size":"auto","background-attachment":"scroll","background-type":"","background-media":"","overlay-type":"","overlay-color":"","overlay-opacity":"","overlay-gradient":""}},"ast-content-background-meta":{"desktop":{"background-color":"var(--ast-global-color-5)","background-image":"","background-repeat":"repeat","background-position":"center center","background-size":"auto","background-attachment":"scroll","background-type":"","background-media":"","overlay-type":"","overlay-color":"","overlay-opacity":"","overlay-gradient":""},"tablet":{"background-color":"var(--ast-global-color-5)","background-image":"","background-repeat":"repeat","background-position":"center center","background-size":"auto","background-attachment":"scroll","background-type":"","background-media":"","overlay-type":"","overlay-color":"","overlay-opacity":"","overlay-gradient":""},"mobile":{"background-color":"var(--ast-global-color-5)","background-image":"","background-repeat":"repeat","background-position":"center center","background-size":"auto","background-attachment":"scroll","background-type":"","background-media":"","overlay-type":"","overlay-color":"","overlay-opacity":"","overlay-gradient":""}}},"product_cat":[58,138],"product_tag":[98,181,152],"class_list":{"0":"post-8003","1":"product","2":"type-product","3":"status-publish","4":"has-post-thumbnail","6":"product_cat-facial","7":"product_cat-unipharm","8":"product_tag-babaria","9":"product_tag-kit","10":"product_tag-unipharm","11":"desktop-align-left","12":"tablet-align-left","13":"mobile-align-left","15":"first","16":"instock","17":"shipping-taxable","18":"product-type-simple"},"_links":{"self":[{"href":"https:\/\/unicasa.co\/fr\/wp-json\/wp\/v2\/product\/8003"}],"collection":[{"href":"https:\/\/unicasa.co\/fr\/wp-json\/wp\/v2\/product"}],"about":[{"href":"https:\/\/unicasa.co\/fr\/wp-json\/wp\/v2\/types\/product"}],"replies":[{"embeddable":true,"href":"https:\/\/unicasa.co\/fr\/wp-json\/wp\/v2\/comments?post=8003"}],"version-history":[{"count":1,"href":"https:\/\/unicasa.co\/fr\/wp-json\/wp\/v2\/product\/8003\/revisions"}],"predecessor-version":[{"id":8005,"href":"https:\/\/unicasa.co\/fr\/wp-json\/wp\/v2\/product\/8003\/revisions\/8005"}],"wp:featuredmedia":[{"embeddable":true,"href":"https:\/\/unicasa.co\/fr\/wp-json\/wp\/v2\/media\/8004"}],"wp:attachment":[{"href":"https:\/\/unicasa.co\/fr\/wp-json\/wp\/v2\/media?parent=8003"}],"wp:term":[{"taxonomy":"product_cat","embeddable":true,"href":"https:\/\/unicasa.co\/fr\/wp-json\/wp\/v2\/product_cat?post=8003"},{"taxonomy":"product_tag","embeddable":true,"href":"https:\/\/unicasa.co\/fr\/wp-json\/wp\/v2\/product_tag?post=8003"}],"curies":[{"name":"wp","href":"https:\/\/api.w.org\/{rel}","templated":true}]}}