{"id":7972,"date":"2025-10-17T14:20:58","date_gmt":"2025-10-17T13:20:58","guid":{"rendered":"https:\/\/unicasa.co\/?post_type=product&#038;p=7972"},"modified":"2025-10-17T14:20:58","modified_gmt":"2025-10-17T13:20:58","slug":"holovit-colina-inositol-300-300mg-50-capsulas-de-equisalud","status":"publish","type":"product","link":"https:\/\/unicasa.co\/fr\/product\/holovit-colina-inositol-300-300mg-50-capsulas-de-equisalud\/","title":{"rendered":"Holovit Colina\/Inositol 300\/300Mg 50 Capsulas de Equisalud"},"content":{"rendered":"<p><strong>COMPOSICION<\/strong><\/p>\n<p>Por 1 c\u00e1psula: Colina L-bitartrato (41,13% cati\u00f3n colina), 300 mg inositol (mio-inositol), 300 mg. Envoltura: polisac\u00e1rido de origen vegetal (pululano).<\/p>\n<p><strong>INDICACIONES<\/strong><\/p>\n<p>Suplemento a base de colina e inositol. La colina contribuye al metabolismo normal de la homociste\u00edna y de los l\u00edpidos y a mantener la funci\u00f3n hep\u00e1tica normal.<\/p>\n<p><strong>POSOLOGIA<\/strong><\/p>\n<p>Tomar de 1 a 2 c\u00e1psulas al d\u00eda.<\/p>\n<p><strong>CONTRADICIONES<\/strong><\/p>\n<p>Los complementos alimenticios no deben usarse como sustitutos de una dieta equilibrada ni de un modo de vida sano. No superar la dosis recomendada. Mantener fuera del alcance de los ni\u00f1os m\u00e1s peque\u00f1os.<\/p>","protected":false},"excerpt":{"rendered":"<p>COMPOSICION Por 1 c\u00e1psula: Colina L-bitartrato (41,13% cati\u00f3n colina), 300 mg inositol (mio-inositol), 300 mg. Envoltura: polisac\u00e1rido de origen vegetal (pululano). INDICACIONES Suplemento a base de colina e inositol. La colina contribuye al metabolismo normal de la homociste\u00edna y de los l\u00edpidos y a mantener la funci\u00f3n hep\u00e1tica normal. POSOLOGIA Tomar de 1 a 2 [&hellip;]<\/p>","protected":false},"featured_media":7938,"comment_status":"closed","ping_status":"closed","template":"","meta":{"site-sidebar-layout":"default","site-content-layout":"","ast-site-content-layout":"default","site-content-style":"default","site-sidebar-style":"default","ast-global-header-display":"","ast-banner-title-visibility":"","ast-main-header-display":"","ast-hfb-above-header-display":"","ast-hfb-below-header-display":"","ast-hfb-mobile-header-display":"","site-post-title":"","ast-breadcrumbs-content":"","ast-featured-img":"","footer-sml-layout":"","ast-disable-related-posts":"","theme-transparent-header-meta":"default","adv-header-id-meta":"","stick-header-meta":"","header-above-stick-meta":"","header-main-stick-meta":"","header-below-stick-meta":"","astra-migrate-meta-layouts":"set","ast-page-background-enabled":"default","ast-page-background-meta":{"desktop":{"background-color":"","background-image":"","background-repeat":"repeat","background-position":"center center","background-size":"auto","background-attachment":"scroll","background-type":"","background-media":"","overlay-type":"","overlay-color":"","overlay-opacity":"","overlay-gradient":""},"tablet":{"background-color":"","background-image":"","background-repeat":"repeat","background-position":"center center","background-size":"auto","background-attachment":"scroll","background-type":"","background-media":"","overlay-type":"","overlay-color":"","overlay-opacity":"","overlay-gradient":""},"mobile":{"background-color":"","background-image":"","background-repeat":"repeat","background-position":"center center","background-size":"auto","background-attachment":"scroll","background-type":"","background-media":"","overlay-type":"","overlay-color":"","overlay-opacity":"","overlay-gradient":""}},"ast-content-background-meta":{"desktop":{"background-color":"var(--ast-global-color-5)","background-image":"","background-repeat":"repeat","background-position":"center center","background-size":"auto","background-attachment":"scroll","background-type":"","background-media":"","overlay-type":"","overlay-color":"","overlay-opacity":"","overlay-gradient":""},"tablet":{"background-color":"var(--ast-global-color-5)","background-image":"","background-repeat":"repeat","background-position":"center center","background-size":"auto","background-attachment":"scroll","background-type":"","background-media":"","overlay-type":"","overlay-color":"","overlay-opacity":"","overlay-gradient":""},"mobile":{"background-color":"var(--ast-global-color-5)","background-image":"","background-repeat":"repeat","background-position":"center center","background-size":"auto","background-attachment":"scroll","background-type":"","background-media":"","overlay-type":"","overlay-color":"","overlay-opacity":"","overlay-gradient":""}}},"product_cat":[138],"product_tag":[180],"class_list":{"0":"post-7972","1":"product","2":"type-product","3":"status-publish","4":"has-post-thumbnail","6":"product_cat-unipharm","7":"product_tag-suplementos-vitaminas","8":"desktop-align-left","9":"tablet-align-left","10":"mobile-align-left","12":"first","13":"instock","14":"shipping-taxable","15":"product-type-simple"},"_links":{"self":[{"href":"https:\/\/unicasa.co\/fr\/wp-json\/wp\/v2\/product\/7972"}],"collection":[{"href":"https:\/\/unicasa.co\/fr\/wp-json\/wp\/v2\/product"}],"about":[{"href":"https:\/\/unicasa.co\/fr\/wp-json\/wp\/v2\/types\/product"}],"replies":[{"embeddable":true,"href":"https:\/\/unicasa.co\/fr\/wp-json\/wp\/v2\/comments?post=7972"}],"version-history":[{"count":1,"href":"https:\/\/unicasa.co\/fr\/wp-json\/wp\/v2\/product\/7972\/revisions"}],"predecessor-version":[{"id":7973,"href":"https:\/\/unicasa.co\/fr\/wp-json\/wp\/v2\/product\/7972\/revisions\/7973"}],"wp:featuredmedia":[{"embeddable":true,"href":"https:\/\/unicasa.co\/fr\/wp-json\/wp\/v2\/media\/7938"}],"wp:attachment":[{"href":"https:\/\/unicasa.co\/fr\/wp-json\/wp\/v2\/media?parent=7972"}],"wp:term":[{"taxonomy":"product_cat","embeddable":true,"href":"https:\/\/unicasa.co\/fr\/wp-json\/wp\/v2\/product_cat?post=7972"},{"taxonomy":"product_tag","embeddable":true,"href":"https:\/\/unicasa.co\/fr\/wp-json\/wp\/v2\/product_tag?post=7972"}],"curies":[{"name":"wp","href":"https:\/\/api.w.org\/{rel}","templated":true}]}}