{"id":7937,"date":"2025-10-17T14:01:04","date_gmt":"2025-10-17T13:01:04","guid":{"rendered":"https:\/\/unicasa.co\/?post_type=product&#038;p=7937"},"modified":"2025-10-17T14:01:05","modified_gmt":"2025-10-17T13:01:05","slug":"polvo-decolorante-defensivo-9-tonos-yunsey-professional","status":"publish","type":"product","link":"https:\/\/unicasa.co\/fr\/product\/polvo-decolorante-defensivo-9-tonos-yunsey-professional\/","title":{"rendered":"Polvo decolorante defensivo 9 tonos Yunsey Professional"},"content":{"rendered":"<p><span dir=\"auto\">Formulado con pectina, un ingrediente activo que ayuda a mantener la estructura de las fibras capilares y a proteger el cabello durante la decoloraci\u00f3n. Platiblond DEFENCE contiene amino\u00e1cidos que cuidan y protegen la cut\u00edcula y el cabello. Consigue hasta 9 tonos de aclarado.<\/span><\/p>\n<p><span dir=\"auto\">Apto para todas las t\u00e9cnicas de decoloraci\u00f3n. Tu mejor herramienta para aclarar el cabello.<\/span><\/p>","protected":false},"excerpt":{"rendered":"<p>Formulado con pectina, un ingrediente activo que ayuda a mantener la estructura de las fibras capilares y a proteger el cabello durante la decoloraci\u00f3n. Platiblond DEFENCE contiene amino\u00e1cidos que cuidan y protegen la cut\u00edcula y el cabello. Consigue hasta 9 tonos de aclarado. Apto para todas las t\u00e9cnicas de decoloraci\u00f3n. Tu mejor herramienta para aclarar [&hellip;]<\/p>","protected":false},"featured_media":7940,"comment_status":"closed","ping_status":"closed","template":"","meta":{"site-sidebar-layout":"default","site-content-layout":"","ast-site-content-layout":"default","site-content-style":"default","site-sidebar-style":"default","ast-global-header-display":"","ast-banner-title-visibility":"","ast-main-header-display":"","ast-hfb-above-header-display":"","ast-hfb-below-header-display":"","ast-hfb-mobile-header-display":"","site-post-title":"","ast-breadcrumbs-content":"","ast-featured-img":"","footer-sml-layout":"","ast-disable-related-posts":"","theme-transparent-header-meta":"default","adv-header-id-meta":"","stick-header-meta":"","header-above-stick-meta":"","header-main-stick-meta":"","header-below-stick-meta":"","astra-migrate-meta-layouts":"set","ast-page-background-enabled":"default","ast-page-background-meta":{"desktop":{"background-color":"","background-image":"","background-repeat":"repeat","background-position":"center center","background-size":"auto","background-attachment":"scroll","background-type":"","background-media":"","overlay-type":"","overlay-color":"","overlay-opacity":"","overlay-gradient":""},"tablet":{"background-color":"","background-image":"","background-repeat":"repeat","background-position":"center center","background-size":"auto","background-attachment":"scroll","background-type":"","background-media":"","overlay-type":"","overlay-color":"","overlay-opacity":"","overlay-gradient":""},"mobile":{"background-color":"","background-image":"","background-repeat":"repeat","background-position":"center center","background-size":"auto","background-attachment":"scroll","background-type":"","background-media":"","overlay-type":"","overlay-color":"","overlay-opacity":"","overlay-gradient":""}},"ast-content-background-meta":{"desktop":{"background-color":"var(--ast-global-color-5)","background-image":"","background-repeat":"repeat","background-position":"center center","background-size":"auto","background-attachment":"scroll","background-type":"","background-media":"","overlay-type":"","overlay-color":"","overlay-opacity":"","overlay-gradient":""},"tablet":{"background-color":"var(--ast-global-color-5)","background-image":"","background-repeat":"repeat","background-position":"center center","background-size":"auto","background-attachment":"scroll","background-type":"","background-media":"","overlay-type":"","overlay-color":"","overlay-opacity":"","overlay-gradient":""},"mobile":{"background-color":"var(--ast-global-color-5)","background-image":"","background-repeat":"repeat","background-position":"center center","background-size":"auto","background-attachment":"scroll","background-type":"","background-media":"","overlay-type":"","overlay-color":"","overlay-opacity":"","overlay-gradient":""}}},"product_cat":[57,177],"product_tag":[178],"class_list":{"0":"post-7937","1":"product","2":"type-product","3":"status-publish","4":"has-post-thumbnail","6":"product_cat-capilar","7":"product_cat-peluqueria","8":"product_tag-yunsey","9":"desktop-align-left","10":"tablet-align-left","11":"mobile-align-left","13":"first","14":"instock","15":"shipping-taxable","16":"product-type-simple"},"_links":{"self":[{"href":"https:\/\/unicasa.co\/fr\/wp-json\/wp\/v2\/product\/7937"}],"collection":[{"href":"https:\/\/unicasa.co\/fr\/wp-json\/wp\/v2\/product"}],"about":[{"href":"https:\/\/unicasa.co\/fr\/wp-json\/wp\/v2\/types\/product"}],"replies":[{"embeddable":true,"href":"https:\/\/unicasa.co\/fr\/wp-json\/wp\/v2\/comments?post=7937"}],"version-history":[{"count":2,"href":"https:\/\/unicasa.co\/fr\/wp-json\/wp\/v2\/product\/7937\/revisions"}],"predecessor-version":[{"id":7961,"href":"https:\/\/unicasa.co\/fr\/wp-json\/wp\/v2\/product\/7937\/revisions\/7961"}],"wp:featuredmedia":[{"embeddable":true,"href":"https:\/\/unicasa.co\/fr\/wp-json\/wp\/v2\/media\/7940"}],"wp:attachment":[{"href":"https:\/\/unicasa.co\/fr\/wp-json\/wp\/v2\/media?parent=7937"}],"wp:term":[{"taxonomy":"product_cat","embeddable":true,"href":"https:\/\/unicasa.co\/fr\/wp-json\/wp\/v2\/product_cat?post=7937"},{"taxonomy":"product_tag","embeddable":true,"href":"https:\/\/unicasa.co\/fr\/wp-json\/wp\/v2\/product_tag?post=7937"}],"curies":[{"name":"wp","href":"https:\/\/api.w.org\/{rel}","templated":true}]}}