{"id":7931,"date":"2025-10-15T01:36:13","date_gmt":"2025-10-15T00:36:13","guid":{"rendered":"https:\/\/unicasa.co\/?post_type=product&#038;p=7931"},"modified":"2025-10-15T01:36:13","modified_gmt":"2025-10-15T00:36:13","slug":"desodorante-en-aerosol-dove-spray-lavanda","status":"publish","type":"product","link":"https:\/\/unicasa.co\/fr\/product\/desodorante-en-aerosol-dove-spray-lavanda\/","title":{"rendered":"Desodorante En Aerosol Dove Spray Lavanda"},"content":{"rendered":"<p>Desodorante en Aerosol para Todo el Cuerpo DOVE All Body Deo Lavender &amp; Camomile 150 ml<\/p>\n<p>Dale a tu piel el cuidado que se merece con el nuevo Desodorante en Aerosol para Todo el Cuerpo DOVE All Body Deo Lavender &amp; Camomile 150 ml, el primer y \u00fanico desodorante que trabaja en sinton\u00eda con el microbioma de tu piel. Este innovador All Body Deo ataca solo las bacterias que causan mal olor, manteni\u00e9ndote confiada y fresca durante todo el d\u00eda.<br \/>\nEspecialmente dise\u00f1ado para usar en todo tu cuerpo, es ideal para zonas como debajo del pecho, muslos, pies y m\u00e1s, donde sientas que necesit\u00e1s un extra de protecci\u00f3n sin irritar la piel. Enriquecido con Vitamina E, este All Body Deo en aerosol es una opci\u00f3n m\u00e1s amable para tu cuerpo y tu rutina diaria, ya que es 0% aluminio, 0% alcohol y 0% parabenos. Adem\u00e1s, su pH amistoso con la piel y su f\u00f3rmula dermatol\u00f3gicamente testeada lo hacen perfecto para pieles sensibles.<br \/>\nSumalo a tu d\u00eda a d\u00eda y sentite c\u00f3moda, libre y segura. Este All Body Deo es el complemento perfecto para tu rutina habitual de desodorante, especialmente si ya utilizas otros antitranspirantes Dove. Cada parte de tu cuerpo merece sentirse cuidada.<\/p>\n<p>Lleg\u00f3 Dove All Body Deo, el nuevo desodorante que controla el olor de tus curvas.<br \/>\nEl desodorante que trabaja en sinton\u00eda con el microbioma de tu piel, atacando solo las bacterias que causan mal olor. Cuid\u00e1 tu piel con desodorante en Aerosol para Todo el Cuerpo que te mantiene fresca todo el d\u00eda. Especialmente dise\u00f1ado para usar en todo tu cuerpo: debajo del pecho, muslos, pies y m\u00e1s. Dale a tu piel un mimo extra con vitamina E y f\u00f3rmula dermatol\u00f3gicamente testeada, sin irritaciones. Usalo en todo el cuerpo sin preocuparte: es sin alcohol, sin parabenos, sin aluminio y con pH amigable con la piel. Sumalo a tu rutina y sentite segura con un desodorante Dove pensado para mujeres como vos.<\/p>","protected":false},"excerpt":{"rendered":"<p>150ml<\/p>","protected":false},"featured_media":7902,"comment_status":"closed","ping_status":"closed","template":"","meta":{"site-sidebar-layout":"default","site-content-layout":"","ast-site-content-layout":"default","site-content-style":"default","site-sidebar-style":"default","ast-global-header-display":"","ast-banner-title-visibility":"","ast-main-header-display":"","ast-hfb-above-header-display":"","ast-hfb-below-header-display":"","ast-hfb-mobile-header-display":"","site-post-title":"","ast-breadcrumbs-content":"","ast-featured-img":"","footer-sml-layout":"","ast-disable-related-posts":"","theme-transparent-header-meta":"default","adv-header-id-meta":"","stick-header-meta":"","header-above-stick-meta":"","header-main-stick-meta":"","header-below-stick-meta":"","astra-migrate-meta-layouts":"set","ast-page-background-enabled":"default","ast-page-background-meta":{"desktop":{"background-color":"","background-image":"","background-repeat":"repeat","background-position":"center center","background-size":"auto","background-attachment":"scroll","background-type":"","background-media":"","overlay-type":"","overlay-color":"","overlay-opacity":"","overlay-gradient":""},"tablet":{"background-color":"","background-image":"","background-repeat":"repeat","background-position":"center center","background-size":"auto","background-attachment":"scroll","background-type":"","background-media":"","overlay-type":"","overlay-color":"","overlay-opacity":"","overlay-gradient":""},"mobile":{"background-color":"","background-image":"","background-repeat":"repeat","background-position":"center center","background-size":"auto","background-attachment":"scroll","background-type":"","background-media":"","overlay-type":"","overlay-color":"","overlay-opacity":"","overlay-gradient":""}},"ast-content-background-meta":{"desktop":{"background-color":"var(--ast-global-color-5)","background-image":"","background-repeat":"repeat","background-position":"center center","background-size":"auto","background-attachment":"scroll","background-type":"","background-media":"","overlay-type":"","overlay-color":"","overlay-opacity":"","overlay-gradient":""},"tablet":{"background-color":"var(--ast-global-color-5)","background-image":"","background-repeat":"repeat","background-position":"center center","background-size":"auto","background-attachment":"scroll","background-type":"","background-media":"","overlay-type":"","overlay-color":"","overlay-opacity":"","overlay-gradient":""},"mobile":{"background-color":"var(--ast-global-color-5)","background-image":"","background-repeat":"repeat","background-position":"center center","background-size":"auto","background-attachment":"scroll","background-type":"","background-media":"","overlay-type":"","overlay-color":"","overlay-opacity":"","overlay-gradient":""}}},"product_cat":[15],"product_tag":[142],"class_list":{"0":"post-7931","1":"product","2":"type-product","3":"status-publish","4":"has-post-thumbnail","6":"product_cat-uncategorised","7":"product_tag-dove","8":"desktop-align-left","9":"tablet-align-left","10":"mobile-align-left","12":"first","13":"instock","14":"shipping-taxable","15":"product-type-simple"},"_links":{"self":[{"href":"https:\/\/unicasa.co\/fr\/wp-json\/wp\/v2\/product\/7931"}],"collection":[{"href":"https:\/\/unicasa.co\/fr\/wp-json\/wp\/v2\/product"}],"about":[{"href":"https:\/\/unicasa.co\/fr\/wp-json\/wp\/v2\/types\/product"}],"replies":[{"embeddable":true,"href":"https:\/\/unicasa.co\/fr\/wp-json\/wp\/v2\/comments?post=7931"}],"version-history":[{"count":1,"href":"https:\/\/unicasa.co\/fr\/wp-json\/wp\/v2\/product\/7931\/revisions"}],"predecessor-version":[{"id":7932,"href":"https:\/\/unicasa.co\/fr\/wp-json\/wp\/v2\/product\/7931\/revisions\/7932"}],"wp:featuredmedia":[{"embeddable":true,"href":"https:\/\/unicasa.co\/fr\/wp-json\/wp\/v2\/media\/7902"}],"wp:attachment":[{"href":"https:\/\/unicasa.co\/fr\/wp-json\/wp\/v2\/media?parent=7931"}],"wp:term":[{"taxonomy":"product_cat","embeddable":true,"href":"https:\/\/unicasa.co\/fr\/wp-json\/wp\/v2\/product_cat?post=7931"},{"taxonomy":"product_tag","embeddable":true,"href":"https:\/\/unicasa.co\/fr\/wp-json\/wp\/v2\/product_tag?post=7931"}],"curies":[{"name":"wp","href":"https:\/\/api.w.org\/{rel}","templated":true}]}}