{"id":7916,"date":"2025-10-15T01:16:42","date_gmt":"2025-10-15T00:16:42","guid":{"rendered":"https:\/\/unicasa.co\/?post_type=product&#038;p=7916"},"modified":"2025-10-15T01:44:11","modified_gmt":"2025-10-15T00:44:11","slug":"nenuco-pack-bebe-mochila-de-paseo-rana-con-colonia-jabon-y-champu-3x200ml","status":"publish","type":"product","link":"https:\/\/unicasa.co\/fr\/product\/nenuco-pack-bebe-mochila-de-paseo-rana-con-colonia-jabon-y-champu-3x200ml\/","title":{"rendered":"Nenuco Pack Beb\u00e9 Mochila de Paseo Rana, con Colonia, Jab\u00f3n y Champ\u00fa, 3x200ml"},"content":{"rendered":"<p>Nenuco Pack Beb\u00e9 Mochila de Paseo Rana, con \u00a0Colonia, Jab\u00f3n y Champ\u00fa, 3x200ml. Con gama completa: contiene un Agua de Colonia Nenuco, un Champ\u00fa Extra Suave Nenuco y un Jab\u00f3n L\u00edquido Ultra Suave Nenuco.<\/p>\n<div class=\"row\" data-test-property=\"Feature 2 (Amazon)\">\n<div class=\"medium-8 columns\">\n<div class=\"product-property-value\">\n<div id=\"ember63\" class=\"ember-view\"><span class=\"_value-text_xztep4\" title=\"CHAMP\u00da SUAVE: sin l\u00e1grimas\">Champ\u00fa suave: sin l\u00e1grimas<\/span><\/div>\n<\/div>\n<\/div>\n<\/div>\n<div class=\"row\" data-test-property=\"Feature 3 (Amazon)\">\n<div class=\"medium-8 columns\">\n<div class=\"product-property-value\">\n<div id=\"ember67\" class=\"ember-view\"><span class=\"_value-text_xztep4\" title=\"JAB\u00d3N L\u00cdQUIDO: para cuerpo y cabello\">Jab\u00f3n l\u00edquido: para cuerpo y cabello<\/span><\/div>\n<\/div>\n<\/div>\n<\/div>\n<div class=\"row\" data-test-property=\"Feature 4 (Amazon)\">\n<div class=\"medium-8 columns\">\n<div class=\"product-property-value\">\n<div id=\"ember71\" class=\"ember-view\"><span class=\"_value-text_xztep4\" title=\"AGUA DE COLONIA: no reseca la piel\">Agua de colonia: no reseca la piel<\/span><\/div>\n<\/div>\n<\/div>\n<\/div>\n<div class=\"row\" data-test-property=\"Feature 5 (Amazon)\">\n<div class=\"medium-8 columns\">\n<div class=\"product-property-value\">\n<div id=\"ember75\" class=\"ember-view\"><span class=\"_value-text_xztep4\" title=\"PERSONALIZA SU MOCHILA\">Personaliza su mochila<\/span><\/div>\n<\/div>\n<\/div>\n<\/div>","protected":false},"excerpt":{"rendered":"<p>Nenuco Pack Beb\u00e9 Mochila de Paseo Rana, con \u00a0Colonia, Jab\u00f3n y Champ\u00fa, 3x200ml. Con gama completa: contiene un Agua de Colonia Nenuco, un Champ\u00fa Extra Suave Nenuco y un Jab\u00f3n L\u00edquido Ultra Suave Nenuco. Champ\u00fa suave: sin l\u00e1grimas Jab\u00f3n l\u00edquido: para cuerpo y cabello Agua de colonia: no reseca la piel Personaliza su mochila<\/p>","protected":false},"featured_media":7900,"comment_status":"closed","ping_status":"closed","template":"","meta":{"site-sidebar-layout":"default","site-content-layout":"","ast-site-content-layout":"default","site-content-style":"default","site-sidebar-style":"default","ast-global-header-display":"","ast-banner-title-visibility":"","ast-main-header-display":"","ast-hfb-above-header-display":"","ast-hfb-below-header-display":"","ast-hfb-mobile-header-display":"","site-post-title":"","ast-breadcrumbs-content":"","ast-featured-img":"","footer-sml-layout":"","ast-disable-related-posts":"","theme-transparent-header-meta":"default","adv-header-id-meta":"","stick-header-meta":"","header-above-stick-meta":"","header-main-stick-meta":"","header-below-stick-meta":"","astra-migrate-meta-layouts":"set","ast-page-background-enabled":"default","ast-page-background-meta":{"desktop":{"background-color":"","background-image":"","background-repeat":"repeat","background-position":"center center","background-size":"auto","background-attachment":"scroll","background-type":"","background-media":"","overlay-type":"","overlay-color":"","overlay-opacity":"","overlay-gradient":""},"tablet":{"background-color":"","background-image":"","background-repeat":"repeat","background-position":"center center","background-size":"auto","background-attachment":"scroll","background-type":"","background-media":"","overlay-type":"","overlay-color":"","overlay-opacity":"","overlay-gradient":""},"mobile":{"background-color":"","background-image":"","background-repeat":"repeat","background-position":"center center","background-size":"auto","background-attachment":"scroll","background-type":"","background-media":"","overlay-type":"","overlay-color":"","overlay-opacity":"","overlay-gradient":""}},"ast-content-background-meta":{"desktop":{"background-color":"var(--ast-global-color-5)","background-image":"","background-repeat":"repeat","background-position":"center center","background-size":"auto","background-attachment":"scroll","background-type":"","background-media":"","overlay-type":"","overlay-color":"","overlay-opacity":"","overlay-gradient":""},"tablet":{"background-color":"var(--ast-global-color-5)","background-image":"","background-repeat":"repeat","background-position":"center center","background-size":"auto","background-attachment":"scroll","background-type":"","background-media":"","overlay-type":"","overlay-color":"","overlay-opacity":"","overlay-gradient":""},"mobile":{"background-color":"var(--ast-global-color-5)","background-image":"","background-repeat":"repeat","background-position":"center center","background-size":"auto","background-attachment":"scroll","background-type":"","background-media":"","overlay-type":"","overlay-color":"","overlay-opacity":"","overlay-gradient":""}}},"product_cat":[62],"product_tag":[176],"class_list":{"0":"post-7916","1":"product","2":"type-product","3":"status-publish","4":"has-post-thumbnail","6":"product_cat-bebe","7":"product_tag-nenuco","8":"desktop-align-left","9":"tablet-align-left","10":"mobile-align-left","12":"first","13":"instock","14":"shipping-taxable","15":"product-type-simple"},"_links":{"self":[{"href":"https:\/\/unicasa.co\/fr\/wp-json\/wp\/v2\/product\/7916"}],"collection":[{"href":"https:\/\/unicasa.co\/fr\/wp-json\/wp\/v2\/product"}],"about":[{"href":"https:\/\/unicasa.co\/fr\/wp-json\/wp\/v2\/types\/product"}],"replies":[{"embeddable":true,"href":"https:\/\/unicasa.co\/fr\/wp-json\/wp\/v2\/comments?post=7916"}],"version-history":[{"count":1,"href":"https:\/\/unicasa.co\/fr\/wp-json\/wp\/v2\/product\/7916\/revisions"}],"predecessor-version":[{"id":7917,"href":"https:\/\/unicasa.co\/fr\/wp-json\/wp\/v2\/product\/7916\/revisions\/7917"}],"wp:featuredmedia":[{"embeddable":true,"href":"https:\/\/unicasa.co\/fr\/wp-json\/wp\/v2\/media\/7900"}],"wp:attachment":[{"href":"https:\/\/unicasa.co\/fr\/wp-json\/wp\/v2\/media?parent=7916"}],"wp:term":[{"taxonomy":"product_cat","embeddable":true,"href":"https:\/\/unicasa.co\/fr\/wp-json\/wp\/v2\/product_cat?post=7916"},{"taxonomy":"product_tag","embeddable":true,"href":"https:\/\/unicasa.co\/fr\/wp-json\/wp\/v2\/product_tag?post=7916"}],"curies":[{"name":"wp","href":"https:\/\/api.w.org\/{rel}","templated":true}]}}