{"id":7877,"date":"2025-09-04T14:14:22","date_gmt":"2025-09-04T13:14:22","guid":{"rendered":"https:\/\/unicasa.co\/?post_type=product&#038;p=7877"},"modified":"2025-09-04T14:14:22","modified_gmt":"2025-09-04T13:14:22","slug":"instituto-espanol-aire-sevilla-azahar-eau-de-toilette-para-damas","status":"publish","type":"product","link":"https:\/\/unicasa.co\/fr\/product\/instituto-espanol-aire-sevilla-azahar-eau-de-toilette-para-damas\/","title":{"rendered":"Instituto Espa\u00f1ol Aire Sevilla Azahar Eau De Toilette para Damas"},"content":{"rendered":"<ul class=\"a-unordered-list a-vertical a-spacing-mini\">\n<li class=\"a-spacing-mini\"><span class=\"a-list-item\"><span dir=\"auto\">C\u00edtricos mediterr\u00e1neos frescos: se abre con notas vibrantes de clementina, mandarina y bergamota para una explosi\u00f3n vigorizante.<\/span><\/span><\/li>\n<li class=\"a-spacing-mini\"><span class=\"a-list-item\"><span dir=\"auto\">Coraz\u00f3n floral delicado: presenta elegantes flores de naranja, jazm\u00edn y lirio de los valles (muget) para un toque suave y femenino.<\/span><\/span><\/li>\n<li class=\"a-spacing-mini\"><span class=\"a-list-item\"><span dir=\"auto\">Base c\u00e1lida y sensual: se asienta en \u00e1mbar y almizcle reconfortantes para un final duradero y atractivo.<\/span><\/span><\/li>\n<li class=\"a-spacing-mini\"><span class=\"a-list-item\"><span dir=\"auto\">Fragancia vers\u00e1til: perfecta para el uso diario o para ocasiones especiales, equilibrando frescura y sofisticaci\u00f3n.<\/span><\/span><\/li>\n<li class=\"a-spacing-mini\"><span class=\"a-list-item\"><span dir=\"auto\">Aut\u00e9ntica calidad espa\u00f1ola: Fabricado en Espa\u00f1a, reflejando la tradici\u00f3n mediterr\u00e1nea y la elegancia moderna.<\/span><\/span><\/li>\n<li class=\"a-spacing-mini\"><span class=\"a-list-item\"><span dir=\"auto\">Tama\u00f1o generoso: viene en una botella con atomizador de 5,1 fl oz (150 ml) para un uso duradero.<\/span><\/span><\/li>\n<\/ul>","protected":false},"excerpt":{"rendered":"<p>C\u00edtricos mediterr\u00e1neos frescos: se abre con notas vibrantes de clementina, mandarina y bergamota para una explosi\u00f3n vigorizante. Coraz\u00f3n floral delicado: presenta elegantes flores de naranja, jazm\u00edn y lirio de los valles (muget) para un toque suave y femenino. Base c\u00e1lida y sensual: se asienta en \u00e1mbar y almizcle reconfortantes para un final duradero y atractivo. [&hellip;]<\/p>","protected":false},"featured_media":7882,"comment_status":"closed","ping_status":"closed","template":"","meta":{"site-sidebar-layout":"default","site-content-layout":"","ast-site-content-layout":"default","site-content-style":"default","site-sidebar-style":"default","ast-global-header-display":"","ast-banner-title-visibility":"","ast-main-header-display":"","ast-hfb-above-header-display":"","ast-hfb-below-header-display":"","ast-hfb-mobile-header-display":"","site-post-title":"","ast-breadcrumbs-content":"","ast-featured-img":"","footer-sml-layout":"","ast-disable-related-posts":"","theme-transparent-header-meta":"default","adv-header-id-meta":"","stick-header-meta":"","header-above-stick-meta":"","header-main-stick-meta":"","header-below-stick-meta":"","astra-migrate-meta-layouts":"set","ast-page-background-enabled":"default","ast-page-background-meta":{"desktop":{"background-color":"","background-image":"","background-repeat":"repeat","background-position":"center center","background-size":"auto","background-attachment":"scroll","background-type":"","background-media":"","overlay-type":"","overlay-color":"","overlay-opacity":"","overlay-gradient":""},"tablet":{"background-color":"","background-image":"","background-repeat":"repeat","background-position":"center center","background-size":"auto","background-attachment":"scroll","background-type":"","background-media":"","overlay-type":"","overlay-color":"","overlay-opacity":"","overlay-gradient":""},"mobile":{"background-color":"","background-image":"","background-repeat":"repeat","background-position":"center center","background-size":"auto","background-attachment":"scroll","background-type":"","background-media":"","overlay-type":"","overlay-color":"","overlay-opacity":"","overlay-gradient":""}},"ast-content-background-meta":{"desktop":{"background-color":"var(--ast-global-color-5)","background-image":"","background-repeat":"repeat","background-position":"center center","background-size":"auto","background-attachment":"scroll","background-type":"","background-media":"","overlay-type":"","overlay-color":"","overlay-opacity":"","overlay-gradient":""},"tablet":{"background-color":"var(--ast-global-color-5)","background-image":"","background-repeat":"repeat","background-position":"center center","background-size":"auto","background-attachment":"scroll","background-type":"","background-media":"","overlay-type":"","overlay-color":"","overlay-opacity":"","overlay-gradient":""},"mobile":{"background-color":"var(--ast-global-color-5)","background-image":"","background-repeat":"repeat","background-position":"center center","background-size":"auto","background-attachment":"scroll","background-type":"","background-media":"","overlay-type":"","overlay-color":"","overlay-opacity":"","overlay-gradient":""}}},"product_cat":[61],"product_tag":[174,110],"class_list":{"0":"post-7877","1":"product","2":"type-product","3":"status-publish","4":"has-post-thumbnail","6":"product_cat-perfumeria","7":"product_tag-aire-de-sevilla","8":"product_tag-instituto-espanol","9":"desktop-align-left","10":"tablet-align-left","11":"mobile-align-left","13":"first","14":"instock","15":"shipping-taxable","16":"product-type-simple"},"_links":{"self":[{"href":"https:\/\/unicasa.co\/fr\/wp-json\/wp\/v2\/product\/7877"}],"collection":[{"href":"https:\/\/unicasa.co\/fr\/wp-json\/wp\/v2\/product"}],"about":[{"href":"https:\/\/unicasa.co\/fr\/wp-json\/wp\/v2\/types\/product"}],"replies":[{"embeddable":true,"href":"https:\/\/unicasa.co\/fr\/wp-json\/wp\/v2\/comments?post=7877"}],"version-history":[{"count":1,"href":"https:\/\/unicasa.co\/fr\/wp-json\/wp\/v2\/product\/7877\/revisions"}],"predecessor-version":[{"id":7884,"href":"https:\/\/unicasa.co\/fr\/wp-json\/wp\/v2\/product\/7877\/revisions\/7884"}],"wp:featuredmedia":[{"embeddable":true,"href":"https:\/\/unicasa.co\/fr\/wp-json\/wp\/v2\/media\/7882"}],"wp:attachment":[{"href":"https:\/\/unicasa.co\/fr\/wp-json\/wp\/v2\/media?parent=7877"}],"wp:term":[{"taxonomy":"product_cat","embeddable":true,"href":"https:\/\/unicasa.co\/fr\/wp-json\/wp\/v2\/product_cat?post=7877"},{"taxonomy":"product_tag","embeddable":true,"href":"https:\/\/unicasa.co\/fr\/wp-json\/wp\/v2\/product_tag?post=7877"}],"curies":[{"name":"wp","href":"https:\/\/api.w.org\/{rel}","templated":true}]}}