{"id":7867,"date":"2025-07-29T14:52:39","date_gmt":"2025-07-29T13:52:39","guid":{"rendered":"https:\/\/unicasa.co\/?post_type=product&#038;p=7867"},"modified":"2025-07-29T14:52:39","modified_gmt":"2025-07-29T13:52:39","slug":"perfume-femenino-coeur-pure-linn-young","status":"publish","type":"product","link":"https:\/\/unicasa.co\/fr\/product\/perfume-femenino-coeur-pure-linn-young\/","title":{"rendered":"Perfume Femenino Coeur Pure Linn Young"},"content":{"rendered":"<p><span dir=\"auto\">La fragancia <\/span><strong><span dir=\"auto\">Coeur Pure<\/span><\/strong><span dir=\"auto\"> fue creada para la mujer moderna, adelantada a su tiempo y muy rom\u00e1ntica. Valiente, disfruta explorando el mundo con su sonrisa luminosa e independiente. De la familia floral, <\/span><strong><span dir=\"auto\">Coeur Pure<\/span><\/strong><span dir=\"auto\"> evoca la ligereza de los vestidos de seda y los movimientos de las parejas que dan vueltas en un sal\u00f3n de baile, al son de una m\u00fasica embriagadora y la visi\u00f3n de miradas profundas. Esta mujer, con un andar fluido, consigue con fluidez lo que desea, haciendo gala de su abundante seducci\u00f3n y sincera determinaci\u00f3n. Las notas de la fragancia destacan en su composici\u00f3n, con una nota de salida compuesta por mandarina, pomelo y grosella negra. En el coraz\u00f3n, explotan sensuales notas de nardo, jazm\u00edn, ylang-ylang y flor de azahar. En el fondo, notas aterciopeladas de almizcle y s\u00e1ndalo. <\/span><\/p>\n<p>&nbsp;<\/p>\n<p><span dir=\"auto\">El frasco de <\/span><strong><span dir=\"auto\">Coeur Pure<\/span><\/strong><span dir=\"auto\"> evoca el lujo, un regalo que una mujer se hace a s\u00ed misma en reconocimiento a su grandeza y brillantez. \u00a1Trasciende su tiempo, marcando su presencia con belleza y sofisticaci\u00f3n! Familia olfativa: Floral. Notas de salida: Mandarina, pomelo y grosella negra. Notas de coraz\u00f3n: Nardos, jazm\u00edn, ylang-ylang y flor de azahar. Notas de fondo: S\u00e1ndalo y almizcle.<\/span><\/p>","protected":false},"excerpt":{"rendered":"<p>100ml<\/p>","protected":false},"featured_media":7855,"comment_status":"closed","ping_status":"closed","template":"","meta":{"site-sidebar-layout":"default","site-content-layout":"","ast-site-content-layout":"default","site-content-style":"default","site-sidebar-style":"default","ast-global-header-display":"","ast-banner-title-visibility":"","ast-main-header-display":"","ast-hfb-above-header-display":"","ast-hfb-below-header-display":"","ast-hfb-mobile-header-display":"","site-post-title":"","ast-breadcrumbs-content":"","ast-featured-img":"","footer-sml-layout":"","ast-disable-related-posts":"","theme-transparent-header-meta":"default","adv-header-id-meta":"","stick-header-meta":"","header-above-stick-meta":"","header-main-stick-meta":"","header-below-stick-meta":"","astra-migrate-meta-layouts":"set","ast-page-background-enabled":"default","ast-page-background-meta":{"desktop":{"background-color":"","background-image":"","background-repeat":"repeat","background-position":"center center","background-size":"auto","background-attachment":"scroll","background-type":"","background-media":"","overlay-type":"","overlay-color":"","overlay-opacity":"","overlay-gradient":""},"tablet":{"background-color":"","background-image":"","background-repeat":"repeat","background-position":"center center","background-size":"auto","background-attachment":"scroll","background-type":"","background-media":"","overlay-type":"","overlay-color":"","overlay-opacity":"","overlay-gradient":""},"mobile":{"background-color":"","background-image":"","background-repeat":"repeat","background-position":"center center","background-size":"auto","background-attachment":"scroll","background-type":"","background-media":"","overlay-type":"","overlay-color":"","overlay-opacity":"","overlay-gradient":""}},"ast-content-background-meta":{"desktop":{"background-color":"var(--ast-global-color-5)","background-image":"","background-repeat":"repeat","background-position":"center center","background-size":"auto","background-attachment":"scroll","background-type":"","background-media":"","overlay-type":"","overlay-color":"","overlay-opacity":"","overlay-gradient":""},"tablet":{"background-color":"var(--ast-global-color-5)","background-image":"","background-repeat":"repeat","background-position":"center center","background-size":"auto","background-attachment":"scroll","background-type":"","background-media":"","overlay-type":"","overlay-color":"","overlay-opacity":"","overlay-gradient":""},"mobile":{"background-color":"var(--ast-global-color-5)","background-image":"","background-repeat":"repeat","background-position":"center center","background-size":"auto","background-attachment":"scroll","background-type":"","background-media":"","overlay-type":"","overlay-color":"","overlay-opacity":"","overlay-gradient":""}}},"product_cat":[61],"product_tag":[157],"class_list":{"0":"post-7867","1":"product","2":"type-product","3":"status-publish","4":"has-post-thumbnail","6":"product_cat-perfumeria","7":"product_tag-linn-young","8":"desktop-align-left","9":"tablet-align-left","10":"mobile-align-left","12":"first","13":"instock","14":"shipping-taxable","15":"product-type-simple"},"_links":{"self":[{"href":"https:\/\/unicasa.co\/fr\/wp-json\/wp\/v2\/product\/7867"}],"collection":[{"href":"https:\/\/unicasa.co\/fr\/wp-json\/wp\/v2\/product"}],"about":[{"href":"https:\/\/unicasa.co\/fr\/wp-json\/wp\/v2\/types\/product"}],"replies":[{"embeddable":true,"href":"https:\/\/unicasa.co\/fr\/wp-json\/wp\/v2\/comments?post=7867"}],"version-history":[{"count":1,"href":"https:\/\/unicasa.co\/fr\/wp-json\/wp\/v2\/product\/7867\/revisions"}],"predecessor-version":[{"id":7868,"href":"https:\/\/unicasa.co\/fr\/wp-json\/wp\/v2\/product\/7867\/revisions\/7868"}],"wp:featuredmedia":[{"embeddable":true,"href":"https:\/\/unicasa.co\/fr\/wp-json\/wp\/v2\/media\/7855"}],"wp:attachment":[{"href":"https:\/\/unicasa.co\/fr\/wp-json\/wp\/v2\/media?parent=7867"}],"wp:term":[{"taxonomy":"product_cat","embeddable":true,"href":"https:\/\/unicasa.co\/fr\/wp-json\/wp\/v2\/product_cat?post=7867"},{"taxonomy":"product_tag","embeddable":true,"href":"https:\/\/unicasa.co\/fr\/wp-json\/wp\/v2\/product_tag?post=7867"}],"curies":[{"name":"wp","href":"https:\/\/api.w.org\/{rel}","templated":true}]}}