{"id":7842,"date":"2025-07-18T14:37:08","date_gmt":"2025-07-18T13:37:08","guid":{"rendered":"https:\/\/unicasa.co\/?post_type=product&#038;p=7842"},"modified":"2025-07-18T14:37:09","modified_gmt":"2025-07-18T13:37:09","slug":"gotwavez-spray-hidratante-para-ondas","status":"publish","type":"product","link":"https:\/\/unicasa.co\/fr\/product\/gotwavez-spray-hidratante-para-ondas\/","title":{"rendered":"GotWavez Spray hidratante para ondas"},"content":{"rendered":"<p>Para un look playero m\u00e1gico, el spray hidratante got2b gotWavez crea ondas espectaculares. Su f\u00f3rmula \u00fanica con agua de coco deja el cabello suave y cuidado.<\/p>\n<p><span>Ondas: got2b gotWavez Hydrating Wave Spray crea un look despeinado natural y ondas definidas y bien cuidadas.<\/span><\/p>\n<p><span>Sensaci\u00f3n de cabello suave: gracias a su f\u00f3rmula \u00fanica de agua de coco y minerales marinos, got2b gotWavez Hydrating Wave Spray crea ondas impresionantes sin dejar el cabello seco.<\/span><\/p>\n<p><span>Desarrollado junto con Curly Heads: el Hydrating Wave Spray fue desarrollado en colaboraci\u00f3n con Curly Heads y espec\u00edficamente para sus necesidades: no para domar los rizos, sino para exhibirlos.<\/span><\/p>\n<p><span>Aprobado por Curly Heads: El Spray Hidratante para Ondas ha sido probado y aprobado por Curly Heads. Su f\u00f3rmula vegana contiene un 98 % de ingredientes de origen natural** y est\u00e1 enriquecida con agua de coco y minerales marinos.<\/span><\/p>","protected":false},"excerpt":{"rendered":"<p>150ml<\/p>","protected":false},"featured_media":7839,"comment_status":"closed","ping_status":"closed","template":"","meta":{"site-sidebar-layout":"default","site-content-layout":"","ast-site-content-layout":"default","site-content-style":"default","site-sidebar-style":"default","ast-global-header-display":"","ast-banner-title-visibility":"","ast-main-header-display":"","ast-hfb-above-header-display":"","ast-hfb-below-header-display":"","ast-hfb-mobile-header-display":"","site-post-title":"","ast-breadcrumbs-content":"","ast-featured-img":"","footer-sml-layout":"","ast-disable-related-posts":"","theme-transparent-header-meta":"default","adv-header-id-meta":"","stick-header-meta":"","header-above-stick-meta":"","header-main-stick-meta":"","header-below-stick-meta":"","astra-migrate-meta-layouts":"set","ast-page-background-enabled":"default","ast-page-background-meta":{"desktop":{"background-color":"","background-image":"","background-repeat":"repeat","background-position":"center center","background-size":"auto","background-attachment":"scroll","background-type":"","background-media":"","overlay-type":"","overlay-color":"","overlay-opacity":"","overlay-gradient":""},"tablet":{"background-color":"","background-image":"","background-repeat":"repeat","background-position":"center center","background-size":"auto","background-attachment":"scroll","background-type":"","background-media":"","overlay-type":"","overlay-color":"","overlay-opacity":"","overlay-gradient":""},"mobile":{"background-color":"","background-image":"","background-repeat":"repeat","background-position":"center center","background-size":"auto","background-attachment":"scroll","background-type":"","background-media":"","overlay-type":"","overlay-color":"","overlay-opacity":"","overlay-gradient":""}},"ast-content-background-meta":{"desktop":{"background-color":"var(--ast-global-color-5)","background-image":"","background-repeat":"repeat","background-position":"center center","background-size":"auto","background-attachment":"scroll","background-type":"","background-media":"","overlay-type":"","overlay-color":"","overlay-opacity":"","overlay-gradient":""},"tablet":{"background-color":"var(--ast-global-color-5)","background-image":"","background-repeat":"repeat","background-position":"center center","background-size":"auto","background-attachment":"scroll","background-type":"","background-media":"","overlay-type":"","overlay-color":"","overlay-opacity":"","overlay-gradient":""},"mobile":{"background-color":"var(--ast-global-color-5)","background-image":"","background-repeat":"repeat","background-position":"center center","background-size":"auto","background-attachment":"scroll","background-type":"","background-media":"","overlay-type":"","overlay-color":"","overlay-opacity":"","overlay-gradient":""}}},"product_cat":[57],"product_tag":[173],"class_list":{"0":"post-7842","1":"product","2":"type-product","3":"status-publish","4":"has-post-thumbnail","6":"product_cat-capilar","7":"product_tag-got2b","8":"desktop-align-left","9":"tablet-align-left","10":"mobile-align-left","12":"first","13":"instock","14":"shipping-taxable","15":"product-type-simple"},"_links":{"self":[{"href":"https:\/\/unicasa.co\/fr\/wp-json\/wp\/v2\/product\/7842"}],"collection":[{"href":"https:\/\/unicasa.co\/fr\/wp-json\/wp\/v2\/product"}],"about":[{"href":"https:\/\/unicasa.co\/fr\/wp-json\/wp\/v2\/types\/product"}],"replies":[{"embeddable":true,"href":"https:\/\/unicasa.co\/fr\/wp-json\/wp\/v2\/comments?post=7842"}],"version-history":[{"count":2,"href":"https:\/\/unicasa.co\/fr\/wp-json\/wp\/v2\/product\/7842\/revisions"}],"predecessor-version":[{"id":7844,"href":"https:\/\/unicasa.co\/fr\/wp-json\/wp\/v2\/product\/7842\/revisions\/7844"}],"wp:featuredmedia":[{"embeddable":true,"href":"https:\/\/unicasa.co\/fr\/wp-json\/wp\/v2\/media\/7839"}],"wp:attachment":[{"href":"https:\/\/unicasa.co\/fr\/wp-json\/wp\/v2\/media?parent=7842"}],"wp:term":[{"taxonomy":"product_cat","embeddable":true,"href":"https:\/\/unicasa.co\/fr\/wp-json\/wp\/v2\/product_cat?post=7842"},{"taxonomy":"product_tag","embeddable":true,"href":"https:\/\/unicasa.co\/fr\/wp-json\/wp\/v2\/product_tag?post=7842"}],"curies":[{"name":"wp","href":"https:\/\/api.w.org\/{rel}","templated":true}]}}