{"id":7837,"date":"2025-07-18T14:33:47","date_gmt":"2025-07-18T13:33:47","guid":{"rendered":"https:\/\/unicasa.co\/?post_type=product&#038;p=7837"},"modified":"2025-07-18T14:33:47","modified_gmt":"2025-07-18T13:33:47","slug":"crema-refrescante-para-rizos-gotcurlz","status":"publish","type":"product","link":"https:\/\/unicasa.co\/fr\/product\/crema-refrescante-para-rizos-gotcurlz\/","title":{"rendered":"Crema refrescante para rizos gotCurlz"},"content":{"rendered":"<p>\u00a1Para una vida m\u00e1s ligera! Su f\u00f3rmula \u00fanica con aceite de coco, aceite de arg\u00e1n, aceite de ricino y manteca de karit\u00e9 revitaliza y define los rizos sin apelmazarlo ni dejar residuos.<\/p>\n<p><span>Peinado y cuidado 2 en 1: La crema refrescante para rizos crea rizos definidos y bien cuidados con m\u00e1s volumen, sin apelmazar el cabello ni dejar residuos blancos.<\/span><\/p>\n<p><span>Desarrollada junto con Curly Heads: La crema refrescante para rizos se desarroll\u00f3 en colaboraci\u00f3n con Curly Heads y espec\u00edficamente para sus necesidades: no para domar los rizos, sino para exhibirlos.<\/span><\/p>\n<p><span>Aprobado por Curly Heads: La Crema Refrescante para Rizos ha sido probada y aprobada por Curly Heads. Su f\u00f3rmula vegana contiene un 98 % de ingredientes de origen natural** y est\u00e1 enriquecida con aceite de coco, aceite de ricino, aceite de arg\u00e1n y manteca de karit\u00e9.<\/span><\/p>","protected":false},"excerpt":{"rendered":"<p>20ml<\/p>","protected":false},"featured_media":7838,"comment_status":"closed","ping_status":"closed","template":"","meta":{"site-sidebar-layout":"default","site-content-layout":"","ast-site-content-layout":"default","site-content-style":"default","site-sidebar-style":"default","ast-global-header-display":"","ast-banner-title-visibility":"","ast-main-header-display":"","ast-hfb-above-header-display":"","ast-hfb-below-header-display":"","ast-hfb-mobile-header-display":"","site-post-title":"","ast-breadcrumbs-content":"","ast-featured-img":"","footer-sml-layout":"","ast-disable-related-posts":"","theme-transparent-header-meta":"default","adv-header-id-meta":"","stick-header-meta":"","header-above-stick-meta":"","header-main-stick-meta":"","header-below-stick-meta":"","astra-migrate-meta-layouts":"set","ast-page-background-enabled":"default","ast-page-background-meta":{"desktop":{"background-color":"","background-image":"","background-repeat":"repeat","background-position":"center center","background-size":"auto","background-attachment":"scroll","background-type":"","background-media":"","overlay-type":"","overlay-color":"","overlay-opacity":"","overlay-gradient":""},"tablet":{"background-color":"","background-image":"","background-repeat":"repeat","background-position":"center center","background-size":"auto","background-attachment":"scroll","background-type":"","background-media":"","overlay-type":"","overlay-color":"","overlay-opacity":"","overlay-gradient":""},"mobile":{"background-color":"","background-image":"","background-repeat":"repeat","background-position":"center center","background-size":"auto","background-attachment":"scroll","background-type":"","background-media":"","overlay-type":"","overlay-color":"","overlay-opacity":"","overlay-gradient":""}},"ast-content-background-meta":{"desktop":{"background-color":"var(--ast-global-color-5)","background-image":"","background-repeat":"repeat","background-position":"center center","background-size":"auto","background-attachment":"scroll","background-type":"","background-media":"","overlay-type":"","overlay-color":"","overlay-opacity":"","overlay-gradient":""},"tablet":{"background-color":"var(--ast-global-color-5)","background-image":"","background-repeat":"repeat","background-position":"center center","background-size":"auto","background-attachment":"scroll","background-type":"","background-media":"","overlay-type":"","overlay-color":"","overlay-opacity":"","overlay-gradient":""},"mobile":{"background-color":"var(--ast-global-color-5)","background-image":"","background-repeat":"repeat","background-position":"center center","background-size":"auto","background-attachment":"scroll","background-type":"","background-media":"","overlay-type":"","overlay-color":"","overlay-opacity":"","overlay-gradient":""}}},"product_cat":[57],"product_tag":[173],"class_list":{"0":"post-7837","1":"product","2":"type-product","3":"status-publish","4":"has-post-thumbnail","6":"product_cat-capilar","7":"product_tag-got2b","8":"desktop-align-left","9":"tablet-align-left","10":"mobile-align-left","12":"first","13":"instock","14":"shipping-taxable","15":"product-type-simple"},"_links":{"self":[{"href":"https:\/\/unicasa.co\/fr\/wp-json\/wp\/v2\/product\/7837"}],"collection":[{"href":"https:\/\/unicasa.co\/fr\/wp-json\/wp\/v2\/product"}],"about":[{"href":"https:\/\/unicasa.co\/fr\/wp-json\/wp\/v2\/types\/product"}],"replies":[{"embeddable":true,"href":"https:\/\/unicasa.co\/fr\/wp-json\/wp\/v2\/comments?post=7837"}],"version-history":[{"count":2,"href":"https:\/\/unicasa.co\/fr\/wp-json\/wp\/v2\/product\/7837\/revisions"}],"predecessor-version":[{"id":7841,"href":"https:\/\/unicasa.co\/fr\/wp-json\/wp\/v2\/product\/7837\/revisions\/7841"}],"wp:featuredmedia":[{"embeddable":true,"href":"https:\/\/unicasa.co\/fr\/wp-json\/wp\/v2\/media\/7838"}],"wp:attachment":[{"href":"https:\/\/unicasa.co\/fr\/wp-json\/wp\/v2\/media?parent=7837"}],"wp:term":[{"taxonomy":"product_cat","embeddable":true,"href":"https:\/\/unicasa.co\/fr\/wp-json\/wp\/v2\/product_cat?post=7837"},{"taxonomy":"product_tag","embeddable":true,"href":"https:\/\/unicasa.co\/fr\/wp-json\/wp\/v2\/product_tag?post=7837"}],"curies":[{"name":"wp","href":"https:\/\/api.w.org\/{rel}","templated":true}]}}