{"id":7733,"date":"2025-06-18T14:31:14","date_gmt":"2025-06-18T13:31:14","guid":{"rendered":"https:\/\/unicasa.co\/?post_type=product&#038;p=7733"},"modified":"2025-06-18T14:31:15","modified_gmt":"2025-06-18T13:31:15","slug":"champu-elseve-nutri-gloss","status":"publish","type":"product","link":"https:\/\/unicasa.co\/fr\/product\/champu-elseve-nutri-gloss\/","title":{"rendered":"Champ\u00fa Els\u00e8ve Nutri-Gloss"},"content":{"rendered":"<p>El champ\u00fa Elseve Nutri-Gloss est\u00e1 especialmente desarrollado para cuidar el cabello largo y opaco. Todas merecemos tener un cabello largo y hermoso que brille con luz propia. Sin embargo, el cabello puede perder brillo debido a la exposici\u00f3n diaria a factores que lo deslustran, como la contaminaci\u00f3n y el polvo. Con el cuidado adecuado, tu cabello puede verse menos opaco. El champ\u00fa tiene una f\u00f3rmula cremosa y brillante, enriquecida con polvo de perla. Con cada lavado, la fibra capilar se vuelve m\u00e1s fuerte, vital y suave. El champ\u00fa tambi\u00e9n asegura que el cabello capte y refleje mejor la luz. El resultado: un cabello limpio, nutrido y con un brillo radiante.<\/p>","protected":false},"excerpt":{"rendered":"<p>300ml<\/p>","protected":false},"featured_media":7708,"comment_status":"closed","ping_status":"closed","template":"","meta":{"site-sidebar-layout":"default","site-content-layout":"","ast-site-content-layout":"default","site-content-style":"default","site-sidebar-style":"default","ast-global-header-display":"","ast-banner-title-visibility":"","ast-main-header-display":"","ast-hfb-above-header-display":"","ast-hfb-below-header-display":"","ast-hfb-mobile-header-display":"","site-post-title":"","ast-breadcrumbs-content":"","ast-featured-img":"","footer-sml-layout":"","ast-disable-related-posts":"","theme-transparent-header-meta":"default","adv-header-id-meta":"","stick-header-meta":"","header-above-stick-meta":"","header-main-stick-meta":"","header-below-stick-meta":"","astra-migrate-meta-layouts":"set","ast-page-background-enabled":"default","ast-page-background-meta":{"desktop":{"background-color":"","background-image":"","background-repeat":"repeat","background-position":"center center","background-size":"auto","background-attachment":"scroll","background-type":"","background-media":"","overlay-type":"","overlay-color":"","overlay-opacity":"","overlay-gradient":""},"tablet":{"background-color":"","background-image":"","background-repeat":"repeat","background-position":"center center","background-size":"auto","background-attachment":"scroll","background-type":"","background-media":"","overlay-type":"","overlay-color":"","overlay-opacity":"","overlay-gradient":""},"mobile":{"background-color":"","background-image":"","background-repeat":"repeat","background-position":"center center","background-size":"auto","background-attachment":"scroll","background-type":"","background-media":"","overlay-type":"","overlay-color":"","overlay-opacity":"","overlay-gradient":""}},"ast-content-background-meta":{"desktop":{"background-color":"var(--ast-global-color-5)","background-image":"","background-repeat":"repeat","background-position":"center center","background-size":"auto","background-attachment":"scroll","background-type":"","background-media":"","overlay-type":"","overlay-color":"","overlay-opacity":"","overlay-gradient":""},"tablet":{"background-color":"var(--ast-global-color-5)","background-image":"","background-repeat":"repeat","background-position":"center center","background-size":"auto","background-attachment":"scroll","background-type":"","background-media":"","overlay-type":"","overlay-color":"","overlay-opacity":"","overlay-gradient":""},"mobile":{"background-color":"var(--ast-global-color-5)","background-image":"","background-repeat":"repeat","background-position":"center center","background-size":"auto","background-attachment":"scroll","background-type":"","background-media":"","overlay-type":"","overlay-color":"","overlay-opacity":"","overlay-gradient":""}}},"product_cat":[57],"product_tag":[168,169],"class_list":{"0":"post-7733","1":"product","2":"type-product","3":"status-publish","4":"has-post-thumbnail","6":"product_cat-capilar","7":"product_tag-elseve","8":"product_tag-loreal","9":"desktop-align-left","10":"tablet-align-left","11":"mobile-align-left","13":"first","14":"instock","15":"shipping-taxable","16":"product-type-simple"},"_links":{"self":[{"href":"https:\/\/unicasa.co\/fr\/wp-json\/wp\/v2\/product\/7733"}],"collection":[{"href":"https:\/\/unicasa.co\/fr\/wp-json\/wp\/v2\/product"}],"about":[{"href":"https:\/\/unicasa.co\/fr\/wp-json\/wp\/v2\/types\/product"}],"replies":[{"embeddable":true,"href":"https:\/\/unicasa.co\/fr\/wp-json\/wp\/v2\/comments?post=7733"}],"version-history":[{"count":1,"href":"https:\/\/unicasa.co\/fr\/wp-json\/wp\/v2\/product\/7733\/revisions"}],"predecessor-version":[{"id":7734,"href":"https:\/\/unicasa.co\/fr\/wp-json\/wp\/v2\/product\/7733\/revisions\/7734"}],"wp:featuredmedia":[{"embeddable":true,"href":"https:\/\/unicasa.co\/fr\/wp-json\/wp\/v2\/media\/7708"}],"wp:attachment":[{"href":"https:\/\/unicasa.co\/fr\/wp-json\/wp\/v2\/media?parent=7733"}],"wp:term":[{"taxonomy":"product_cat","embeddable":true,"href":"https:\/\/unicasa.co\/fr\/wp-json\/wp\/v2\/product_cat?post=7733"},{"taxonomy":"product_tag","embeddable":true,"href":"https:\/\/unicasa.co\/fr\/wp-json\/wp\/v2\/product_tag?post=7733"}],"curies":[{"name":"wp","href":"https:\/\/api.w.org\/{rel}","templated":true}]}}