{"id":7697,"date":"2025-06-17T14:11:35","date_gmt":"2025-06-17T13:11:35","guid":{"rendered":"https:\/\/unicasa.co\/?post_type=product&#038;p=7697"},"modified":"2025-06-17T14:11:43","modified_gmt":"2025-06-17T13:11:43","slug":"sa-creme-hidratante-antirrugosidades-cerave","status":"publish","type":"product","link":"https:\/\/unicasa.co\/fr\/product\/sa-creme-hidratante-antirrugosidades-cerave\/","title":{"rendered":"SA Creme Hidratante Antirrugosidades Cerave"},"content":{"rendered":"<p>Desenvolvido com dermatologistas, 3 ceramidas essenciais e a exclusiva tecnologia MVE de hidrata\u00e7\u00e3o encapsulada com liberta\u00e7\u00e3o controlada e cont\u00ednua de ingredientes ativos, o SA Creme Hidratante Antirrugosidades, para pele seca, \u00e1spera e irregular, \u00e9 formulado com 10% Ureia, \u00c1cido Salic\u00edlico, LHA, \u00c1cido Hialur\u00f3nico, Glicerina, Fitoesfingosina e Colesterol para ajudar a hidratar, esfoliar, suavizar e alisar a pele \u00e1spera enquanto que ajuda a restaurar a barreira protetora da pele. -76% de secura e -20% de rugosidades* Sem perfume, n\u00e3o comedog\u00e9nico e hipoalerg\u00e9nico.<\/p>","protected":false},"excerpt":{"rendered":"<p>177ml<\/p>","protected":false},"featured_media":7699,"comment_status":"closed","ping_status":"closed","template":"","meta":{"site-sidebar-layout":"default","site-content-layout":"","ast-site-content-layout":"default","site-content-style":"default","site-sidebar-style":"default","ast-global-header-display":"","ast-banner-title-visibility":"","ast-main-header-display":"","ast-hfb-above-header-display":"","ast-hfb-below-header-display":"","ast-hfb-mobile-header-display":"","site-post-title":"","ast-breadcrumbs-content":"","ast-featured-img":"","footer-sml-layout":"","ast-disable-related-posts":"","theme-transparent-header-meta":"default","adv-header-id-meta":"","stick-header-meta":"","header-above-stick-meta":"","header-main-stick-meta":"","header-below-stick-meta":"","astra-migrate-meta-layouts":"set","ast-page-background-enabled":"default","ast-page-background-meta":{"desktop":{"background-color":"","background-image":"","background-repeat":"repeat","background-position":"center center","background-size":"auto","background-attachment":"scroll","background-type":"","background-media":"","overlay-type":"","overlay-color":"","overlay-opacity":"","overlay-gradient":""},"tablet":{"background-color":"","background-image":"","background-repeat":"repeat","background-position":"center center","background-size":"auto","background-attachment":"scroll","background-type":"","background-media":"","overlay-type":"","overlay-color":"","overlay-opacity":"","overlay-gradient":""},"mobile":{"background-color":"","background-image":"","background-repeat":"repeat","background-position":"center center","background-size":"auto","background-attachment":"scroll","background-type":"","background-media":"","overlay-type":"","overlay-color":"","overlay-opacity":"","overlay-gradient":""}},"ast-content-background-meta":{"desktop":{"background-color":"var(--ast-global-color-5)","background-image":"","background-repeat":"repeat","background-position":"center center","background-size":"auto","background-attachment":"scroll","background-type":"","background-media":"","overlay-type":"","overlay-color":"","overlay-opacity":"","overlay-gradient":""},"tablet":{"background-color":"var(--ast-global-color-5)","background-image":"","background-repeat":"repeat","background-position":"center center","background-size":"auto","background-attachment":"scroll","background-type":"","background-media":"","overlay-type":"","overlay-color":"","overlay-opacity":"","overlay-gradient":""},"mobile":{"background-color":"var(--ast-global-color-5)","background-image":"","background-repeat":"repeat","background-position":"center center","background-size":"auto","background-attachment":"scroll","background-type":"","background-media":"","overlay-type":"","overlay-color":"","overlay-opacity":"","overlay-gradient":""}}},"product_cat":[58],"product_tag":[119],"class_list":{"0":"post-7697","1":"product","2":"type-product","3":"status-publish","4":"has-post-thumbnail","6":"product_cat-facial","7":"product_tag-cerave","8":"desktop-align-left","9":"tablet-align-left","10":"mobile-align-left","12":"first","13":"instock","14":"shipping-taxable","15":"purchasable","16":"product-type-simple"},"_links":{"self":[{"href":"https:\/\/unicasa.co\/fr\/wp-json\/wp\/v2\/product\/7697"}],"collection":[{"href":"https:\/\/unicasa.co\/fr\/wp-json\/wp\/v2\/product"}],"about":[{"href":"https:\/\/unicasa.co\/fr\/wp-json\/wp\/v2\/types\/product"}],"replies":[{"embeddable":true,"href":"https:\/\/unicasa.co\/fr\/wp-json\/wp\/v2\/comments?post=7697"}],"version-history":[{"count":1,"href":"https:\/\/unicasa.co\/fr\/wp-json\/wp\/v2\/product\/7697\/revisions"}],"predecessor-version":[{"id":7700,"href":"https:\/\/unicasa.co\/fr\/wp-json\/wp\/v2\/product\/7697\/revisions\/7700"}],"wp:featuredmedia":[{"embeddable":true,"href":"https:\/\/unicasa.co\/fr\/wp-json\/wp\/v2\/media\/7699"}],"wp:attachment":[{"href":"https:\/\/unicasa.co\/fr\/wp-json\/wp\/v2\/media?parent=7697"}],"wp:term":[{"taxonomy":"product_cat","embeddable":true,"href":"https:\/\/unicasa.co\/fr\/wp-json\/wp\/v2\/product_cat?post=7697"},{"taxonomy":"product_tag","embeddable":true,"href":"https:\/\/unicasa.co\/fr\/wp-json\/wp\/v2\/product_tag?post=7697"}],"curies":[{"name":"wp","href":"https:\/\/api.w.org\/{rel}","templated":true}]}}