{"id":7694,"date":"2025-06-17T14:02:36","date_gmt":"2025-06-17T13:02:36","guid":{"rendered":"https:\/\/unicasa.co\/?post_type=product&#038;p=7694"},"modified":"2025-06-17T14:24:29","modified_gmt":"2025-06-17T13:24:29","slug":"limpiador-control-imperfecciones-cerave","status":"publish","type":"product","link":"https:\/\/unicasa.co\/fr\/product\/limpiador-control-imperfecciones-cerave\/","title":{"rendered":"Limpiador Control Imperfecciones\u200b Cerave"},"content":{"rendered":"<p>Encontrar os produtos certos para a sua rotina de cuidados com a pele deve se resumir a alguns passos simples. Al\u00e9m da limpeza e prote\u00e7\u00e3o solar, um hidratante di\u00e1rio \u00e9 essencial. Recomendamos procurar por ingredientes como \u00e1cido hialur\u00f4nico e ceramidas para ajudar a restaurar e manter a barreira protetora da pele. O CeraVe Lo\u00e7\u00e3o Hidratante \u00e9 um produto de textura fluida e livre de \u00f3leo que ajuda a hidratar a pele e restaurar sua barreira natural. Formulado com tr\u00eas ceramidas essenciais e \u00e1cido hialur\u00f4nico, ele tamb\u00e9m possui a tecnologia patenteada MVE para uma hidrata\u00e7\u00e3o de longa dura\u00e7\u00e3o e uma f\u00f3rmula leve e n\u00e3o comedog\u00eanica que n\u00e3o obstrui os poros. Nosso hidratante di\u00e1rio deixa a pele confort\u00e1vel e \u00e9 suave, proporcionando hidrata\u00e7\u00e3o por 24 horas.<\/p>","protected":false},"excerpt":{"rendered":"<p>473ml<\/p>","protected":false},"featured_media":7695,"comment_status":"closed","ping_status":"closed","template":"","meta":{"site-sidebar-layout":"default","site-content-layout":"","ast-site-content-layout":"default","site-content-style":"default","site-sidebar-style":"default","ast-global-header-display":"","ast-banner-title-visibility":"","ast-main-header-display":"","ast-hfb-above-header-display":"","ast-hfb-below-header-display":"","ast-hfb-mobile-header-display":"","site-post-title":"","ast-breadcrumbs-content":"","ast-featured-img":"","footer-sml-layout":"","ast-disable-related-posts":"","theme-transparent-header-meta":"default","adv-header-id-meta":"","stick-header-meta":"","header-above-stick-meta":"","header-main-stick-meta":"","header-below-stick-meta":"","astra-migrate-meta-layouts":"set","ast-page-background-enabled":"default","ast-page-background-meta":{"desktop":{"background-color":"","background-image":"","background-repeat":"repeat","background-position":"center center","background-size":"auto","background-attachment":"scroll","background-type":"","background-media":"","overlay-type":"","overlay-color":"","overlay-opacity":"","overlay-gradient":""},"tablet":{"background-color":"","background-image":"","background-repeat":"repeat","background-position":"center center","background-size":"auto","background-attachment":"scroll","background-type":"","background-media":"","overlay-type":"","overlay-color":"","overlay-opacity":"","overlay-gradient":""},"mobile":{"background-color":"","background-image":"","background-repeat":"repeat","background-position":"center center","background-size":"auto","background-attachment":"scroll","background-type":"","background-media":"","overlay-type":"","overlay-color":"","overlay-opacity":"","overlay-gradient":""}},"ast-content-background-meta":{"desktop":{"background-color":"var(--ast-global-color-5)","background-image":"","background-repeat":"repeat","background-position":"center center","background-size":"auto","background-attachment":"scroll","background-type":"","background-media":"","overlay-type":"","overlay-color":"","overlay-opacity":"","overlay-gradient":""},"tablet":{"background-color":"var(--ast-global-color-5)","background-image":"","background-repeat":"repeat","background-position":"center center","background-size":"auto","background-attachment":"scroll","background-type":"","background-media":"","overlay-type":"","overlay-color":"","overlay-opacity":"","overlay-gradient":""},"mobile":{"background-color":"var(--ast-global-color-5)","background-image":"","background-repeat":"repeat","background-position":"center center","background-size":"auto","background-attachment":"scroll","background-type":"","background-media":"","overlay-type":"","overlay-color":"","overlay-opacity":"","overlay-gradient":""}}},"product_cat":[58],"product_tag":[119],"class_list":{"0":"post-7694","1":"product","2":"type-product","3":"status-publish","4":"has-post-thumbnail","6":"product_cat-facial","7":"product_tag-cerave","8":"desktop-align-left","9":"tablet-align-left","10":"mobile-align-left","12":"first","13":"instock","14":"shipping-taxable","15":"purchasable","16":"product-type-simple"},"_links":{"self":[{"href":"https:\/\/unicasa.co\/fr\/wp-json\/wp\/v2\/product\/7694"}],"collection":[{"href":"https:\/\/unicasa.co\/fr\/wp-json\/wp\/v2\/product"}],"about":[{"href":"https:\/\/unicasa.co\/fr\/wp-json\/wp\/v2\/types\/product"}],"replies":[{"embeddable":true,"href":"https:\/\/unicasa.co\/fr\/wp-json\/wp\/v2\/comments?post=7694"}],"version-history":[{"count":1,"href":"https:\/\/unicasa.co\/fr\/wp-json\/wp\/v2\/product\/7694\/revisions"}],"predecessor-version":[{"id":7696,"href":"https:\/\/unicasa.co\/fr\/wp-json\/wp\/v2\/product\/7694\/revisions\/7696"}],"wp:featuredmedia":[{"embeddable":true,"href":"https:\/\/unicasa.co\/fr\/wp-json\/wp\/v2\/media\/7695"}],"wp:attachment":[{"href":"https:\/\/unicasa.co\/fr\/wp-json\/wp\/v2\/media?parent=7694"}],"wp:term":[{"taxonomy":"product_cat","embeddable":true,"href":"https:\/\/unicasa.co\/fr\/wp-json\/wp\/v2\/product_cat?post=7694"},{"taxonomy":"product_tag","embeddable":true,"href":"https:\/\/unicasa.co\/fr\/wp-json\/wp\/v2\/product_tag?post=7694"}],"curies":[{"name":"wp","href":"https:\/\/api.w.org\/{rel}","templated":true}]}}