{"id":7689,"date":"2025-06-17T13:58:29","date_gmt":"2025-06-17T12:58:29","guid":{"rendered":"https:\/\/unicasa.co\/?post_type=product&#038;p=7689"},"modified":"2025-06-17T14:24:43","modified_gmt":"2025-06-17T13:24:43","slug":"agua-micelar-hidratante-cerave","status":"publish","type":"product","link":"https:\/\/unicasa.co\/fr\/product\/agua-micelar-hidratante-cerave\/","title":{"rendered":"Agua micelar hidratante Cerave"},"content":{"rendered":"<p>Un agua micelar limpiadora es una forma ultra suave de eliminar el exceso de grasa, suciedad y maquillaje sin tener que enjuagar. El Agua micelar hidratante CeraVe, con ceramidas y niacinamida, ayuda a calmar la piel sin alterar la barrera cut\u00e1nea protectora. Nuestra nueva f\u00f3rmula, probada por oftalm\u00f3logos, tambi\u00e9n es adecuada para contorno de ojos sensibles mientras se elimina la m\u00e1scara de pesta\u00f1as u otro tipo de maquillaje. Desarrollada con dermat\u00f3logos, el Agua micelar hidratante CeraVe es un producto 3 en 1 que limpia, hidrata y desmaquilla eficazmente sin alterar la barrera protectora de la piel. Con tres ceramidas esenciales y niacinamida en una f\u00f3rmula f\u00e1cil de usar y sin necesidad de enjuague, nuestra suave agua micelar es tambi\u00e9n no comedog\u00e9nica, no tiene fragancia ni parabenos.\u200b<\/p>","protected":false},"excerpt":{"rendered":"<p>295ml<\/p>","protected":false},"featured_media":7692,"comment_status":"closed","ping_status":"closed","template":"","meta":{"site-sidebar-layout":"default","site-content-layout":"","ast-site-content-layout":"default","site-content-style":"default","site-sidebar-style":"default","ast-global-header-display":"","ast-banner-title-visibility":"","ast-main-header-display":"","ast-hfb-above-header-display":"","ast-hfb-below-header-display":"","ast-hfb-mobile-header-display":"","site-post-title":"","ast-breadcrumbs-content":"","ast-featured-img":"","footer-sml-layout":"","ast-disable-related-posts":"","theme-transparent-header-meta":"default","adv-header-id-meta":"","stick-header-meta":"","header-above-stick-meta":"","header-main-stick-meta":"","header-below-stick-meta":"","astra-migrate-meta-layouts":"set","ast-page-background-enabled":"default","ast-page-background-meta":{"desktop":{"background-color":"","background-image":"","background-repeat":"repeat","background-position":"center center","background-size":"auto","background-attachment":"scroll","background-type":"","background-media":"","overlay-type":"","overlay-color":"","overlay-opacity":"","overlay-gradient":""},"tablet":{"background-color":"","background-image":"","background-repeat":"repeat","background-position":"center center","background-size":"auto","background-attachment":"scroll","background-type":"","background-media":"","overlay-type":"","overlay-color":"","overlay-opacity":"","overlay-gradient":""},"mobile":{"background-color":"","background-image":"","background-repeat":"repeat","background-position":"center center","background-size":"auto","background-attachment":"scroll","background-type":"","background-media":"","overlay-type":"","overlay-color":"","overlay-opacity":"","overlay-gradient":""}},"ast-content-background-meta":{"desktop":{"background-color":"var(--ast-global-color-5)","background-image":"","background-repeat":"repeat","background-position":"center center","background-size":"auto","background-attachment":"scroll","background-type":"","background-media":"","overlay-type":"","overlay-color":"","overlay-opacity":"","overlay-gradient":""},"tablet":{"background-color":"var(--ast-global-color-5)","background-image":"","background-repeat":"repeat","background-position":"center center","background-size":"auto","background-attachment":"scroll","background-type":"","background-media":"","overlay-type":"","overlay-color":"","overlay-opacity":"","overlay-gradient":""},"mobile":{"background-color":"var(--ast-global-color-5)","background-image":"","background-repeat":"repeat","background-position":"center center","background-size":"auto","background-attachment":"scroll","background-type":"","background-media":"","overlay-type":"","overlay-color":"","overlay-opacity":"","overlay-gradient":""}}},"product_cat":[58],"product_tag":[119],"class_list":{"0":"post-7689","1":"product","2":"type-product","3":"status-publish","4":"has-post-thumbnail","6":"product_cat-facial","7":"product_tag-cerave","8":"desktop-align-left","9":"tablet-align-left","10":"mobile-align-left","12":"first","13":"instock","14":"shipping-taxable","15":"purchasable","16":"product-type-simple"},"_links":{"self":[{"href":"https:\/\/unicasa.co\/fr\/wp-json\/wp\/v2\/product\/7689"}],"collection":[{"href":"https:\/\/unicasa.co\/fr\/wp-json\/wp\/v2\/product"}],"about":[{"href":"https:\/\/unicasa.co\/fr\/wp-json\/wp\/v2\/types\/product"}],"replies":[{"embeddable":true,"href":"https:\/\/unicasa.co\/fr\/wp-json\/wp\/v2\/comments?post=7689"}],"version-history":[{"count":1,"href":"https:\/\/unicasa.co\/fr\/wp-json\/wp\/v2\/product\/7689\/revisions"}],"predecessor-version":[{"id":7693,"href":"https:\/\/unicasa.co\/fr\/wp-json\/wp\/v2\/product\/7689\/revisions\/7693"}],"wp:featuredmedia":[{"embeddable":true,"href":"https:\/\/unicasa.co\/fr\/wp-json\/wp\/v2\/media\/7692"}],"wp:attachment":[{"href":"https:\/\/unicasa.co\/fr\/wp-json\/wp\/v2\/media?parent=7689"}],"wp:term":[{"taxonomy":"product_cat","embeddable":true,"href":"https:\/\/unicasa.co\/fr\/wp-json\/wp\/v2\/product_cat?post=7689"},{"taxonomy":"product_tag","embeddable":true,"href":"https:\/\/unicasa.co\/fr\/wp-json\/wp\/v2\/product_tag?post=7689"}],"curies":[{"name":"wp","href":"https:\/\/api.w.org\/{rel}","templated":true}]}}