{"id":7667,"date":"2025-05-20T16:40:25","date_gmt":"2025-05-20T15:40:25","guid":{"rendered":"https:\/\/unicasa.co\/?post_type=product&#038;p=7667"},"modified":"2025-05-20T16:40:25","modified_gmt":"2025-05-20T15:40:25","slug":"talco-azul-ptit-cheri","status":"publish","type":"product","link":"https:\/\/unicasa.co\/fr\/product\/talco-azul-ptit-cheri\/","title":{"rendered":"Talco azul P&#8217;TIT CH\u00c9RI"},"content":{"rendered":"<div class=\"text-justify mb-4\"><span>P&#8217;TIT CHERI es un talco que protege y suaviza la piel del beb\u00e9. Alivia, calma la irritaci\u00f3n, absorbe el exceso de humedad y previene el enrojecimiento y las espinillas.<\/span><br \/>\n<span>Resultado: Piel m\u00e1s suave, fresca y confortable.<\/span><\/div>\n<h6 class=\"titre\"><span>Beneficios del producto<\/span><\/h6>\n<div class=\"text-justify mb-4\"><span>\u2022 Absorbe el exceso de humedad<\/span><br \/>\n<span>\u2022 Minimiza el riesgo de irritaci\u00f3n<\/span><br \/>\n<span>\u2022 Aroma suave y ligero que recuerda a la infancia.<\/span><\/div>\n<h6 class=\"titre\"><span>C\u00f3mo utilizar<\/span><\/h6>\n<div class=\"text-justify mb-4\"><span>Despu\u00e9s de lavar o cambiar al beb\u00e9, s\u00e9quelo suavemente.<\/span><br \/>\n<span>Aplique abundante talco en las zonas con pliegues: cuello, piernas, brazos, axilas y gl\u00fateos.<\/span><\/div>","protected":false},"excerpt":{"rendered":"<p>Botella de 200g<\/p>","protected":false},"featured_media":7662,"comment_status":"closed","ping_status":"closed","template":"","meta":{"site-sidebar-layout":"default","site-content-layout":"","ast-site-content-layout":"default","site-content-style":"default","site-sidebar-style":"default","ast-global-header-display":"","ast-banner-title-visibility":"","ast-main-header-display":"","ast-hfb-above-header-display":"","ast-hfb-below-header-display":"","ast-hfb-mobile-header-display":"","site-post-title":"","ast-breadcrumbs-content":"","ast-featured-img":"","footer-sml-layout":"","ast-disable-related-posts":"","theme-transparent-header-meta":"default","adv-header-id-meta":"","stick-header-meta":"","header-above-stick-meta":"","header-main-stick-meta":"","header-below-stick-meta":"","astra-migrate-meta-layouts":"set","ast-page-background-enabled":"default","ast-page-background-meta":{"desktop":{"background-color":"","background-image":"","background-repeat":"repeat","background-position":"center center","background-size":"auto","background-attachment":"scroll","background-type":"","background-media":"","overlay-type":"","overlay-color":"","overlay-opacity":"","overlay-gradient":""},"tablet":{"background-color":"","background-image":"","background-repeat":"repeat","background-position":"center center","background-size":"auto","background-attachment":"scroll","background-type":"","background-media":"","overlay-type":"","overlay-color":"","overlay-opacity":"","overlay-gradient":""},"mobile":{"background-color":"","background-image":"","background-repeat":"repeat","background-position":"center center","background-size":"auto","background-attachment":"scroll","background-type":"","background-media":"","overlay-type":"","overlay-color":"","overlay-opacity":"","overlay-gradient":""}},"ast-content-background-meta":{"desktop":{"background-color":"var(--ast-global-color-5)","background-image":"","background-repeat":"repeat","background-position":"center center","background-size":"auto","background-attachment":"scroll","background-type":"","background-media":"","overlay-type":"","overlay-color":"","overlay-opacity":"","overlay-gradient":""},"tablet":{"background-color":"var(--ast-global-color-5)","background-image":"","background-repeat":"repeat","background-position":"center center","background-size":"auto","background-attachment":"scroll","background-type":"","background-media":"","overlay-type":"","overlay-color":"","overlay-opacity":"","overlay-gradient":""},"mobile":{"background-color":"var(--ast-global-color-5)","background-image":"","background-repeat":"repeat","background-position":"center center","background-size":"auto","background-attachment":"scroll","background-type":"","background-media":"","overlay-type":"","overlay-color":"","overlay-opacity":"","overlay-gradient":""}}},"product_cat":[62,59],"product_tag":[165],"class_list":{"0":"post-7667","1":"product","2":"type-product","3":"status-publish","4":"has-post-thumbnail","6":"product_cat-bebe","7":"product_cat-personal","8":"product_tag-petit-cheri","9":"desktop-align-left","10":"tablet-align-left","11":"mobile-align-left","13":"first","14":"instock","15":"shipping-taxable","16":"product-type-simple"},"_links":{"self":[{"href":"https:\/\/unicasa.co\/fr\/wp-json\/wp\/v2\/product\/7667"}],"collection":[{"href":"https:\/\/unicasa.co\/fr\/wp-json\/wp\/v2\/product"}],"about":[{"href":"https:\/\/unicasa.co\/fr\/wp-json\/wp\/v2\/types\/product"}],"replies":[{"embeddable":true,"href":"https:\/\/unicasa.co\/fr\/wp-json\/wp\/v2\/comments?post=7667"}],"version-history":[{"count":1,"href":"https:\/\/unicasa.co\/fr\/wp-json\/wp\/v2\/product\/7667\/revisions"}],"predecessor-version":[{"id":7668,"href":"https:\/\/unicasa.co\/fr\/wp-json\/wp\/v2\/product\/7667\/revisions\/7668"}],"wp:featuredmedia":[{"embeddable":true,"href":"https:\/\/unicasa.co\/fr\/wp-json\/wp\/v2\/media\/7662"}],"wp:attachment":[{"href":"https:\/\/unicasa.co\/fr\/wp-json\/wp\/v2\/media?parent=7667"}],"wp:term":[{"taxonomy":"product_cat","embeddable":true,"href":"https:\/\/unicasa.co\/fr\/wp-json\/wp\/v2\/product_cat?post=7667"},{"taxonomy":"product_tag","embeddable":true,"href":"https:\/\/unicasa.co\/fr\/wp-json\/wp\/v2\/product_tag?post=7667"}],"curies":[{"name":"wp","href":"https:\/\/api.w.org\/{rel}","templated":true}]}}