{"id":7665,"date":"2025-05-20T16:37:13","date_gmt":"2025-05-20T15:37:13","guid":{"rendered":"https:\/\/unicasa.co\/?post_type=product&#038;p=7665"},"modified":"2025-05-20T16:37:14","modified_gmt":"2025-05-20T15:37:14","slug":"colonia-rosa-ptit-cheri","status":"publish","type":"product","link":"https:\/\/unicasa.co\/fr\/product\/colonia-rosa-ptit-cheri\/","title":{"rendered":"Colonia rosa P&#8217;TIT CH\u00c9RI"},"content":{"rendered":"<div class=\"text-justify mb-4\"><span>La colonia P&#8217;TIT CH\u00c9RI complementa el aseo del beb\u00e9. Lo perfuma con un aroma encantador y le aporta bienestar y frescura durante todo el d\u00eda. Adem\u00e1s, fortalece la memoria sensorial del beb\u00e9 y respeta y preserva el equilibrio natural de la piel.<\/span><br \/>\n<span>Resultados: Para una piel fresca y con un aroma encantador.<\/span><\/div>\n<h6 class=\"titre\"><span>Beneficios del producto<\/span><\/h6>\n<div class=\"text-justify mb-4\"><span>Refresca y perfuma discretamente.<\/span><br \/>\n<span>Suaviza e hidrata la piel.<\/span><\/div>\n<h6 class=\"titre\"><span>C\u00f3mo utilizar<\/span><\/h6>\n<div class=\"text-justify mb-4\"><span>Despu\u00e9s de ir al ba\u00f1o, aplique la colonia en la ropa del beb\u00e9.<\/span><br \/>\n<span>Vierta unas gotas, frote sus manos y apl\u00edquela sobre la piel del beb\u00e9 con ligeros toques.<\/span><br \/>\n<span>Vierta unas gotas de colonia en su cepillo antes de peinarlo.<\/span><\/div>\n<h6 class=\"titre\"><span>Pir\u00e1mide olfativa<\/span><\/h6>\n<div class=\"text-justify mb-3\"><span>C\u00edtricos arom\u00e1ticos<\/span><\/div>\n<div class=\"text-justify mb-1\"><span>Nota de cabeza: floral (rosa, ylang-ylang), aldeh\u00eddica, ligeramente herb\u00e1cea.<\/span><\/div>\n<div class=\"text-justify mb-1\"><span>Nota de coraz\u00f3n: floral, aldeh\u00eddica, amaderada (cedro, s\u00e1ndalo, pachul\u00ed), cosm\u00e9tica-polvoreada.<\/span><\/div>\n<div class=\"text-justify mb-1\"><span>Nota de fondo: floral, ald\u00e9hyd\u00e9, bois\u00e9 (c\u00e8dre, santal, pachul\u00ed), cosm\u00e9tique-poudr\u00e9<\/span><\/div>","protected":false},"excerpt":{"rendered":"<p>Botella de 300ml<\/p>","protected":false},"featured_media":7661,"comment_status":"closed","ping_status":"closed","template":"","meta":{"site-sidebar-layout":"default","site-content-layout":"","ast-site-content-layout":"default","site-content-style":"default","site-sidebar-style":"default","ast-global-header-display":"","ast-banner-title-visibility":"","ast-main-header-display":"","ast-hfb-above-header-display":"","ast-hfb-below-header-display":"","ast-hfb-mobile-header-display":"","site-post-title":"","ast-breadcrumbs-content":"","ast-featured-img":"","footer-sml-layout":"","ast-disable-related-posts":"","theme-transparent-header-meta":"default","adv-header-id-meta":"","stick-header-meta":"","header-above-stick-meta":"","header-main-stick-meta":"","header-below-stick-meta":"","astra-migrate-meta-layouts":"set","ast-page-background-enabled":"default","ast-page-background-meta":{"desktop":{"background-color":"","background-image":"","background-repeat":"repeat","background-position":"center center","background-size":"auto","background-attachment":"scroll","background-type":"","background-media":"","overlay-type":"","overlay-color":"","overlay-opacity":"","overlay-gradient":""},"tablet":{"background-color":"","background-image":"","background-repeat":"repeat","background-position":"center center","background-size":"auto","background-attachment":"scroll","background-type":"","background-media":"","overlay-type":"","overlay-color":"","overlay-opacity":"","overlay-gradient":""},"mobile":{"background-color":"","background-image":"","background-repeat":"repeat","background-position":"center center","background-size":"auto","background-attachment":"scroll","background-type":"","background-media":"","overlay-type":"","overlay-color":"","overlay-opacity":"","overlay-gradient":""}},"ast-content-background-meta":{"desktop":{"background-color":"var(--ast-global-color-5)","background-image":"","background-repeat":"repeat","background-position":"center center","background-size":"auto","background-attachment":"scroll","background-type":"","background-media":"","overlay-type":"","overlay-color":"","overlay-opacity":"","overlay-gradient":""},"tablet":{"background-color":"var(--ast-global-color-5)","background-image":"","background-repeat":"repeat","background-position":"center center","background-size":"auto","background-attachment":"scroll","background-type":"","background-media":"","overlay-type":"","overlay-color":"","overlay-opacity":"","overlay-gradient":""},"mobile":{"background-color":"var(--ast-global-color-5)","background-image":"","background-repeat":"repeat","background-position":"center center","background-size":"auto","background-attachment":"scroll","background-type":"","background-media":"","overlay-type":"","overlay-color":"","overlay-opacity":"","overlay-gradient":""}}},"product_cat":[62,59],"product_tag":[165],"class_list":{"0":"post-7665","1":"product","2":"type-product","3":"status-publish","4":"has-post-thumbnail","6":"product_cat-bebe","7":"product_cat-personal","8":"product_tag-petit-cheri","9":"desktop-align-left","10":"tablet-align-left","11":"mobile-align-left","13":"first","14":"instock","15":"shipping-taxable","16":"product-type-simple"},"_links":{"self":[{"href":"https:\/\/unicasa.co\/fr\/wp-json\/wp\/v2\/product\/7665"}],"collection":[{"href":"https:\/\/unicasa.co\/fr\/wp-json\/wp\/v2\/product"}],"about":[{"href":"https:\/\/unicasa.co\/fr\/wp-json\/wp\/v2\/types\/product"}],"replies":[{"embeddable":true,"href":"https:\/\/unicasa.co\/fr\/wp-json\/wp\/v2\/comments?post=7665"}],"version-history":[{"count":1,"href":"https:\/\/unicasa.co\/fr\/wp-json\/wp\/v2\/product\/7665\/revisions"}],"predecessor-version":[{"id":7666,"href":"https:\/\/unicasa.co\/fr\/wp-json\/wp\/v2\/product\/7665\/revisions\/7666"}],"wp:featuredmedia":[{"embeddable":true,"href":"https:\/\/unicasa.co\/fr\/wp-json\/wp\/v2\/media\/7661"}],"wp:attachment":[{"href":"https:\/\/unicasa.co\/fr\/wp-json\/wp\/v2\/media?parent=7665"}],"wp:term":[{"taxonomy":"product_cat","embeddable":true,"href":"https:\/\/unicasa.co\/fr\/wp-json\/wp\/v2\/product_cat?post=7665"},{"taxonomy":"product_tag","embeddable":true,"href":"https:\/\/unicasa.co\/fr\/wp-json\/wp\/v2\/product_tag?post=7665"}],"curies":[{"name":"wp","href":"https:\/\/api.w.org\/{rel}","templated":true}]}}