{"id":7632,"date":"2025-04-28T14:28:46","date_gmt":"2025-04-28T13:28:46","guid":{"rendered":"https:\/\/unicasa.co\/?post_type=product&#038;p=7632"},"modified":"2025-04-28T14:28:46","modified_gmt":"2025-04-28T13:28:46","slug":"locion-corporal-blanqueadora-de-leche-milk-plus-bright-and-white-love-jojo","status":"publish","type":"product","link":"https:\/\/unicasa.co\/fr\/product\/locion-corporal-blanqueadora-de-leche-milk-plus-bright-and-white-love-jojo\/","title":{"rendered":"Loci\u00f3n Corporal Blanqueadora de Leche Milk Plus Bright and White Love Jojo"},"content":{"rendered":"<p data-sourcepos=\"9:1-9:136\"><strong>Revela una piel m\u00e1s luminosa e hidratada con la Loci\u00f3n Corporal Blanqueadora de Leche Milk Plus Bright and White de Love Jojo.<\/strong> \ud83e\udd5b<\/p>\n<p data-sourcepos=\"11:1-11:283\">Esta rica loci\u00f3n corporal est\u00e1 formulada con <strong>extractos de leche<\/strong>, <strong>nutrientes naturales<\/strong> y <strong>Coenzima Q10<\/strong> para <strong>aclarar<\/strong>, <strong>nutrir<\/strong> e <strong>hidratar<\/strong> profundamente tu piel. Su f\u00f3rmula ligera se absorbe r\u00e1pidamente, dejando la piel <strong>suave, tersa y visiblemente m\u00e1s luminosa<\/strong>.<\/p>\n<p data-sourcepos=\"13:1-13:172\">Ideal para el uso diario, esta loci\u00f3n corporal ayuda a <strong>unificar el tono de la piel<\/strong>, proporcionando una hidrataci\u00f3n duradera y una sensaci\u00f3n de <strong>bienestar y frescura<\/strong>.<\/p>\n<p data-sourcepos=\"15:1-15:21\"><strong>Beneficios clave:<\/strong><\/p>\n<ul data-sourcepos=\"17:1-23:0\">\n<li data-sourcepos=\"17:1-17:91\"><strong>Aclara y unifica el tono de la piel:<\/strong> Gracias a sus ingredientes blanqueadores suaves.<\/li>\n<li data-sourcepos=\"18:1-18:89\"><strong>Enriquecida con extractos de leche y nutrientes naturales:<\/strong> Nutre y suaviza la piel.<\/li>\n<li data-sourcepos=\"19:1-19:77\"><strong>Contiene Coenzima Q10:<\/strong> Un antioxidante que ayuda a revitalizar la piel.<\/li>\n<li data-sourcepos=\"20:1-20:76\"><strong>Hidrataci\u00f3n profunda y duradera:<\/strong> Mantiene la piel suave y confortable.<\/li>\n<li data-sourcepos=\"21:1-21:41\"><strong>F\u00f3rmula ligera de r\u00e1pida absorci\u00f3n.<\/strong><\/li>\n<li data-sourcepos=\"22:1-23:0\"><strong>Ideal para el uso diario.<\/strong><\/li>\n<\/ul>\n<p data-sourcepos=\"24:1-24:140\"><strong>\u00a1Disfruta de una piel m\u00e1s clara, suave e hidratada con la Loci\u00f3n Corporal Blanqueadora de Leche Milk Plus Bright and White de Love Jojo!<\/strong><\/p>","protected":false},"excerpt":{"rendered":"<p>500 ml (17.64 fl.oz)<\/p>","protected":false},"featured_media":7625,"comment_status":"closed","ping_status":"closed","template":"","meta":{"site-sidebar-layout":"default","site-content-layout":"","ast-site-content-layout":"default","site-content-style":"default","site-sidebar-style":"default","ast-global-header-display":"","ast-banner-title-visibility":"","ast-main-header-display":"","ast-hfb-above-header-display":"","ast-hfb-below-header-display":"","ast-hfb-mobile-header-display":"","site-post-title":"","ast-breadcrumbs-content":"","ast-featured-img":"","footer-sml-layout":"","ast-disable-related-posts":"","theme-transparent-header-meta":"default","adv-header-id-meta":"","stick-header-meta":"","header-above-stick-meta":"","header-main-stick-meta":"","header-below-stick-meta":"","astra-migrate-meta-layouts":"set","ast-page-background-enabled":"default","ast-page-background-meta":{"desktop":{"background-color":"","background-image":"","background-repeat":"repeat","background-position":"center center","background-size":"auto","background-attachment":"scroll","background-type":"","background-media":"","overlay-type":"","overlay-color":"","overlay-opacity":"","overlay-gradient":""},"tablet":{"background-color":"","background-image":"","background-repeat":"repeat","background-position":"center center","background-size":"auto","background-attachment":"scroll","background-type":"","background-media":"","overlay-type":"","overlay-color":"","overlay-opacity":"","overlay-gradient":""},"mobile":{"background-color":"","background-image":"","background-repeat":"repeat","background-position":"center center","background-size":"auto","background-attachment":"scroll","background-type":"","background-media":"","overlay-type":"","overlay-color":"","overlay-opacity":"","overlay-gradient":""}},"ast-content-background-meta":{"desktop":{"background-color":"var(--ast-global-color-5)","background-image":"","background-repeat":"repeat","background-position":"center center","background-size":"auto","background-attachment":"scroll","background-type":"","background-media":"","overlay-type":"","overlay-color":"","overlay-opacity":"","overlay-gradient":""},"tablet":{"background-color":"var(--ast-global-color-5)","background-image":"","background-repeat":"repeat","background-position":"center center","background-size":"auto","background-attachment":"scroll","background-type":"","background-media":"","overlay-type":"","overlay-color":"","overlay-opacity":"","overlay-gradient":""},"mobile":{"background-color":"var(--ast-global-color-5)","background-image":"","background-repeat":"repeat","background-position":"center center","background-size":"auto","background-attachment":"scroll","background-type":"","background-media":"","overlay-type":"","overlay-color":"","overlay-opacity":"","overlay-gradient":""}}},"product_cat":[60],"product_tag":[85],"class_list":{"0":"post-7632","1":"product","2":"type-product","3":"status-publish","4":"has-post-thumbnail","6":"product_cat-corporal","7":"product_tag-lovejojo","8":"desktop-align-left","9":"tablet-align-left","10":"mobile-align-left","12":"first","13":"instock","14":"shipping-taxable","15":"product-type-simple"},"_links":{"self":[{"href":"https:\/\/unicasa.co\/fr\/wp-json\/wp\/v2\/product\/7632"}],"collection":[{"href":"https:\/\/unicasa.co\/fr\/wp-json\/wp\/v2\/product"}],"about":[{"href":"https:\/\/unicasa.co\/fr\/wp-json\/wp\/v2\/types\/product"}],"replies":[{"embeddable":true,"href":"https:\/\/unicasa.co\/fr\/wp-json\/wp\/v2\/comments?post=7632"}],"version-history":[{"count":2,"href":"https:\/\/unicasa.co\/fr\/wp-json\/wp\/v2\/product\/7632\/revisions"}],"predecessor-version":[{"id":7634,"href":"https:\/\/unicasa.co\/fr\/wp-json\/wp\/v2\/product\/7632\/revisions\/7634"}],"wp:featuredmedia":[{"embeddable":true,"href":"https:\/\/unicasa.co\/fr\/wp-json\/wp\/v2\/media\/7625"}],"wp:attachment":[{"href":"https:\/\/unicasa.co\/fr\/wp-json\/wp\/v2\/media?parent=7632"}],"wp:term":[{"taxonomy":"product_cat","embeddable":true,"href":"https:\/\/unicasa.co\/fr\/wp-json\/wp\/v2\/product_cat?post=7632"},{"taxonomy":"product_tag","embeddable":true,"href":"https:\/\/unicasa.co\/fr\/wp-json\/wp\/v2\/product_tag?post=7632"}],"curies":[{"name":"wp","href":"https:\/\/api.w.org\/{rel}","templated":true}]}}