{"id":7621,"date":"2025-04-28T14:12:40","date_gmt":"2025-04-28T13:12:40","guid":{"rendered":"https:\/\/unicasa.co\/?post_type=product&#038;p=7621"},"modified":"2025-04-28T14:12:40","modified_gmt":"2025-04-28T13:12:40","slug":"jabon-milk-plus-bright-and-white-love-jojo","status":"publish","type":"product","link":"https:\/\/unicasa.co\/fr\/product\/jabon-milk-plus-bright-and-white-love-jojo\/","title":{"rendered":"Jab\u00f3n Milk Plus Bright and White Love Jojo"},"content":{"rendered":"<p data-sourcepos=\"9:1-9:132\"><strong>Consiente a toda tu familia con la experiencia de un ba\u00f1o lujoso gracias al Jab\u00f3n Milk Plus Bright and White de Love Jojo.<\/strong><\/p>\n<p data-sourcepos=\"11:1-11:300\">Este jab\u00f3n nutritivo ha sido especialmente formulado con <strong>leche<\/strong> para brindar una <strong>hidrataci\u00f3n profunda<\/strong> y ayudar a <strong>aclarar<\/strong> el tono de la piel, dej\u00e1ndola <strong>suave, luminosa y saludable<\/strong>. Su f\u00f3rmula suave es ideal para <strong>todo tipo de piel<\/strong>, proporcionando una limpieza delicada pero efectiva.<\/p>\n<p data-sourcepos=\"13:1-13:169\">El Jab\u00f3n Milk Plus Bright and White de Love Jojo transforma la rutina de ba\u00f1o en un momento de cuidado y bienestar, dejando una sensaci\u00f3n de <strong>piel nutrida y radiante<\/strong>.<\/p>\n<p data-sourcepos=\"15:1-15:21\"><strong>Beneficios clave:<\/strong><\/p>\n<ul data-sourcepos=\"17:1-22:0\">\n<li data-sourcepos=\"17:1-17:79\"><strong>Enriquecido con leche:<\/strong> Proporciona hidrataci\u00f3n intensa y suaviza la piel.<\/li>\n<li data-sourcepos=\"18:1-18:84\"><strong>Ayuda a aclarar la piel:<\/strong> Contribuye a un tono de piel m\u00e1s uniforme y luminoso.<\/li>\n<li data-sourcepos=\"19:1-19:79\"><strong>Limpieza suave y nutritiva:<\/strong> Ideal para el uso diario por toda la familia.<\/li>\n<li data-sourcepos=\"20:1-20:34\"><strong>Apto para todo tipo de piel.<\/strong><\/li>\n<li data-sourcepos=\"21:1-22:0\"><strong>Experiencia de ba\u00f1o lujosa:<\/strong> Deja la piel suave y con una sensaci\u00f3n de bienestar.<\/li>\n<\/ul>\n<p data-sourcepos=\"23:1-23:103\"><strong>\u00a1Brinda a tu familia el cuidado que se merece con el Jab\u00f3n Milk Plus Bright and White de Love Jojo!<\/strong><\/p>","protected":false},"excerpt":{"rendered":"<p>Consiente a toda tu familia con la experiencia de un ba\u00f1o lujoso gracias al Jab\u00f3n Milk Plus Bright and White de Love Jojo. Este jab\u00f3n nutritivo ha sido especialmente formulado con leche para brindar una hidrataci\u00f3n profunda y ayudar a aclarar el tono de la piel, dej\u00e1ndola suave, luminosa y saludable. Su f\u00f3rmula suave es [&hellip;]<\/p>","protected":false},"featured_media":7599,"comment_status":"closed","ping_status":"closed","template":"","meta":{"site-sidebar-layout":"default","site-content-layout":"","ast-site-content-layout":"default","site-content-style":"default","site-sidebar-style":"default","ast-global-header-display":"","ast-banner-title-visibility":"","ast-main-header-display":"","ast-hfb-above-header-display":"","ast-hfb-below-header-display":"","ast-hfb-mobile-header-display":"","site-post-title":"","ast-breadcrumbs-content":"","ast-featured-img":"","footer-sml-layout":"","ast-disable-related-posts":"","theme-transparent-header-meta":"default","adv-header-id-meta":"","stick-header-meta":"","header-above-stick-meta":"","header-main-stick-meta":"","header-below-stick-meta":"","astra-migrate-meta-layouts":"set","ast-page-background-enabled":"default","ast-page-background-meta":{"desktop":{"background-color":"","background-image":"","background-repeat":"repeat","background-position":"center center","background-size":"auto","background-attachment":"scroll","background-type":"","background-media":"","overlay-type":"","overlay-color":"","overlay-opacity":"","overlay-gradient":""},"tablet":{"background-color":"","background-image":"","background-repeat":"repeat","background-position":"center center","background-size":"auto","background-attachment":"scroll","background-type":"","background-media":"","overlay-type":"","overlay-color":"","overlay-opacity":"","overlay-gradient":""},"mobile":{"background-color":"","background-image":"","background-repeat":"repeat","background-position":"center center","background-size":"auto","background-attachment":"scroll","background-type":"","background-media":"","overlay-type":"","overlay-color":"","overlay-opacity":"","overlay-gradient":""}},"ast-content-background-meta":{"desktop":{"background-color":"var(--ast-global-color-5)","background-image":"","background-repeat":"repeat","background-position":"center center","background-size":"auto","background-attachment":"scroll","background-type":"","background-media":"","overlay-type":"","overlay-color":"","overlay-opacity":"","overlay-gradient":""},"tablet":{"background-color":"var(--ast-global-color-5)","background-image":"","background-repeat":"repeat","background-position":"center center","background-size":"auto","background-attachment":"scroll","background-type":"","background-media":"","overlay-type":"","overlay-color":"","overlay-opacity":"","overlay-gradient":""},"mobile":{"background-color":"var(--ast-global-color-5)","background-image":"","background-repeat":"repeat","background-position":"center center","background-size":"auto","background-attachment":"scroll","background-type":"","background-media":"","overlay-type":"","overlay-color":"","overlay-opacity":"","overlay-gradient":""}}},"product_cat":[59],"product_tag":[85],"class_list":{"0":"post-7621","1":"product","2":"type-product","3":"status-publish","4":"has-post-thumbnail","6":"product_cat-personal","7":"product_tag-lovejojo","8":"desktop-align-left","9":"tablet-align-left","10":"mobile-align-left","12":"first","13":"instock","14":"shipping-taxable","15":"product-type-simple"},"_links":{"self":[{"href":"https:\/\/unicasa.co\/fr\/wp-json\/wp\/v2\/product\/7621"}],"collection":[{"href":"https:\/\/unicasa.co\/fr\/wp-json\/wp\/v2\/product"}],"about":[{"href":"https:\/\/unicasa.co\/fr\/wp-json\/wp\/v2\/types\/product"}],"replies":[{"embeddable":true,"href":"https:\/\/unicasa.co\/fr\/wp-json\/wp\/v2\/comments?post=7621"}],"version-history":[{"count":1,"href":"https:\/\/unicasa.co\/fr\/wp-json\/wp\/v2\/product\/7621\/revisions"}],"predecessor-version":[{"id":7622,"href":"https:\/\/unicasa.co\/fr\/wp-json\/wp\/v2\/product\/7621\/revisions\/7622"}],"wp:featuredmedia":[{"embeddable":true,"href":"https:\/\/unicasa.co\/fr\/wp-json\/wp\/v2\/media\/7599"}],"wp:attachment":[{"href":"https:\/\/unicasa.co\/fr\/wp-json\/wp\/v2\/media?parent=7621"}],"wp:term":[{"taxonomy":"product_cat","embeddable":true,"href":"https:\/\/unicasa.co\/fr\/wp-json\/wp\/v2\/product_cat?post=7621"},{"taxonomy":"product_tag","embeddable":true,"href":"https:\/\/unicasa.co\/fr\/wp-json\/wp\/v2\/product_tag?post=7621"}],"curies":[{"name":"wp","href":"https:\/\/api.w.org\/{rel}","templated":true}]}}