{"id":7616,"date":"2025-04-28T14:05:10","date_gmt":"2025-04-28T13:05:10","guid":{"rendered":"https:\/\/unicasa.co\/?post_type=product&#038;p=7616"},"modified":"2025-04-28T14:05:10","modified_gmt":"2025-04-28T13:05:10","slug":"gel-de-ducha-con-vitamina-c-dr-comely","status":"publish","type":"product","link":"https:\/\/unicasa.co\/fr\/product\/gel-de-ducha-con-vitamina-c-dr-comely\/","title":{"rendered":"Gel de Ducha con Vitamina C Dr. Comely"},"content":{"rendered":"<p data-sourcepos=\"11:1-11:365\">Este gel de ducha ha sido formulado para <strong>limpiar suavemente<\/strong> tu piel mientras la <strong>hidrata<\/strong> y la <strong>ilumina<\/strong> gracias a los beneficios de la <strong>vitamina C<\/strong>. Conocida por sus propiedades <strong>antioxidantes<\/strong>, la vitamina C ayuda a proteger la piel de los radicales libres, promueve un tono de piel m\u00e1s <strong>uniforme<\/strong> y aporta una sensaci\u00f3n de <strong>frescura y vitalidad<\/strong>.<\/p>\n<p data-sourcepos=\"13:1-13:229\">Su f\u00f3rmula refrescante deja la piel <strong>suave, hidratada y naturalmente radiante<\/strong>. Ideal para todo tipo de piel, este gel de ducha es el aliado perfecto para comenzar o terminar el d\u00eda con una sensaci\u00f3n de <strong>energ\u00eda y bienestar<\/strong>.<\/p>\n<p data-sourcepos=\"15:1-15:21\"><strong>Beneficios clave:<\/strong><\/p>\n<ul data-sourcepos=\"17:1-22:0\">\n<li data-sourcepos=\"17:1-17:69\"><strong>Limpieza suave y eficaz:<\/strong> Remueve impurezas sin resecar la piel.<\/li>\n<li data-sourcepos=\"18:1-18:99\"><strong>Enriquecido con Vitamina C:<\/strong> Un potente antioxidante que ilumina y unifica el tono de la piel.<\/li>\n<li data-sourcepos=\"19:1-19:64\"><strong>Hidrataci\u00f3n refrescante:<\/strong> Deja la piel suave y confortable.<\/li>\n<li data-sourcepos=\"20:1-20:75\"><strong>Sensaci\u00f3n energizante:<\/strong> Despierta tus sentidos y revitaliza tu cuerpo.<\/li>\n<li data-sourcepos=\"21:1-22:0\"><strong>Apto para todo tipo de piel.<\/strong><\/li>\n<\/ul>\n<p data-sourcepos=\"23:1-23:118\"><strong>\u00a1Transforma tu rutina de ducha en un momento de cuidado y vitalidad con el Gel de Ducha con Vitamina C Dr. Comely!<\/strong><\/p>","protected":false},"excerpt":{"rendered":"<p>Este gel de ducha ha sido formulado para limpiar suavemente tu piel mientras la hidrata y la ilumina gracias a los beneficios de la vitamina C. Conocida por sus propiedades antioxidantes, la vitamina C ayuda a proteger la piel de los radicales libres, promueve un tono de piel m\u00e1s uniforme y aporta una sensaci\u00f3n de [&hellip;]<\/p>","protected":false},"featured_media":7592,"comment_status":"closed","ping_status":"closed","template":"","meta":{"site-sidebar-layout":"default","site-content-layout":"","ast-site-content-layout":"default","site-content-style":"default","site-sidebar-style":"default","ast-global-header-display":"","ast-banner-title-visibility":"","ast-main-header-display":"","ast-hfb-above-header-display":"","ast-hfb-below-header-display":"","ast-hfb-mobile-header-display":"","site-post-title":"","ast-breadcrumbs-content":"","ast-featured-img":"","footer-sml-layout":"","ast-disable-related-posts":"","theme-transparent-header-meta":"default","adv-header-id-meta":"","stick-header-meta":"","header-above-stick-meta":"","header-main-stick-meta":"","header-below-stick-meta":"","astra-migrate-meta-layouts":"set","ast-page-background-enabled":"default","ast-page-background-meta":{"desktop":{"background-color":"","background-image":"","background-repeat":"repeat","background-position":"center center","background-size":"auto","background-attachment":"scroll","background-type":"","background-media":"","overlay-type":"","overlay-color":"","overlay-opacity":"","overlay-gradient":""},"tablet":{"background-color":"","background-image":"","background-repeat":"repeat","background-position":"center center","background-size":"auto","background-attachment":"scroll","background-type":"","background-media":"","overlay-type":"","overlay-color":"","overlay-opacity":"","overlay-gradient":""},"mobile":{"background-color":"","background-image":"","background-repeat":"repeat","background-position":"center center","background-size":"auto","background-attachment":"scroll","background-type":"","background-media":"","overlay-type":"","overlay-color":"","overlay-opacity":"","overlay-gradient":""}},"ast-content-background-meta":{"desktop":{"background-color":"var(--ast-global-color-5)","background-image":"","background-repeat":"repeat","background-position":"center center","background-size":"auto","background-attachment":"scroll","background-type":"","background-media":"","overlay-type":"","overlay-color":"","overlay-opacity":"","overlay-gradient":""},"tablet":{"background-color":"var(--ast-global-color-5)","background-image":"","background-repeat":"repeat","background-position":"center center","background-size":"auto","background-attachment":"scroll","background-type":"","background-media":"","overlay-type":"","overlay-color":"","overlay-opacity":"","overlay-gradient":""},"mobile":{"background-color":"var(--ast-global-color-5)","background-image":"","background-repeat":"repeat","background-position":"center center","background-size":"auto","background-attachment":"scroll","background-type":"","background-media":"","overlay-type":"","overlay-color":"","overlay-opacity":"","overlay-gradient":""}}},"product_cat":[60,59],"product_tag":[164],"class_list":{"0":"post-7616","1":"product","2":"type-product","3":"status-publish","4":"has-post-thumbnail","6":"product_cat-corporal","7":"product_cat-personal","8":"product_tag-dr-comely","9":"desktop-align-left","10":"tablet-align-left","11":"mobile-align-left","13":"first","14":"instock","15":"shipping-taxable","16":"product-type-simple"},"_links":{"self":[{"href":"https:\/\/unicasa.co\/fr\/wp-json\/wp\/v2\/product\/7616"}],"collection":[{"href":"https:\/\/unicasa.co\/fr\/wp-json\/wp\/v2\/product"}],"about":[{"href":"https:\/\/unicasa.co\/fr\/wp-json\/wp\/v2\/types\/product"}],"replies":[{"embeddable":true,"href":"https:\/\/unicasa.co\/fr\/wp-json\/wp\/v2\/comments?post=7616"}],"version-history":[{"count":1,"href":"https:\/\/unicasa.co\/fr\/wp-json\/wp\/v2\/product\/7616\/revisions"}],"predecessor-version":[{"id":7617,"href":"https:\/\/unicasa.co\/fr\/wp-json\/wp\/v2\/product\/7616\/revisions\/7617"}],"wp:featuredmedia":[{"embeddable":true,"href":"https:\/\/unicasa.co\/fr\/wp-json\/wp\/v2\/media\/7592"}],"wp:attachment":[{"href":"https:\/\/unicasa.co\/fr\/wp-json\/wp\/v2\/media?parent=7616"}],"wp:term":[{"taxonomy":"product_cat","embeddable":true,"href":"https:\/\/unicasa.co\/fr\/wp-json\/wp\/v2\/product_cat?post=7616"},{"taxonomy":"product_tag","embeddable":true,"href":"https:\/\/unicasa.co\/fr\/wp-json\/wp\/v2\/product_tag?post=7616"}],"curies":[{"name":"wp","href":"https:\/\/api.w.org\/{rel}","templated":true}]}}