{"id":7608,"date":"2025-04-28T13:51:05","date_gmt":"2025-04-28T12:51:05","guid":{"rendered":"https:\/\/unicasa.co\/?post_type=product&#038;p=7608"},"modified":"2025-07-18T14:38:03","modified_gmt":"2025-07-18T13:38:03","slug":"gel-pegamento-de-pelucas-y-pestanas-ultra-glued-de-got2b","status":"publish","type":"product","link":"https:\/\/unicasa.co\/fr\/product\/gel-pegamento-de-pelucas-y-pestanas-ultra-glued-de-got2b\/","title":{"rendered":"Gel pegamento de pelucas y pesta\u00f1as ULTRA GLUED de GOT2B"},"content":{"rendered":"<div class=\"text-justify mb-4\">Got2b Ultra Glued Indestructible Styling Gel es un gel para peinar el cabello con una fijaci\u00f3n indestructible. Su afectaci\u00f3n permite una fijaci\u00f3n muy fuerte.<br \/>\nSu f\u00f3rmula no pegajosa ha sido formulada utilizando una alta tecnolog\u00eda llamada Alpha XTR que asegura que el gel no se congele hasta que hayas terminado tu peinado. Puedes usar el gel para fijar tu peinado o pegar una peluca o un frontal de encaje.<\/div>\n<div><\/div>\n<h6 class=\"titre\">Beneficios del producto<\/h6>\n<div class=\"text-justify mb-4\">\u2022 Proporciona una fijaci\u00f3n duradera<br \/>\n\u2022 Permite lograr un peinado perfecto<br \/>\n\u2022 Fija perfectamente tu peinado o frontal de encaje<\/div>\n<div><\/div>\n<h6 class=\"titre\">C\u00f3mo utilizar<\/h6>\n<div class=\"text-justify mb-4\">Aplica el pegamento en tus manos y luego distrib\u00fayelo uniformemente sobre tu cabello seco o ligeramente h\u00famedo.<\/div>","protected":false},"excerpt":{"rendered":"<p>Tubo de 150 ml<\/p>","protected":false},"featured_media":7606,"comment_status":"closed","ping_status":"closed","template":"","meta":{"site-sidebar-layout":"default","site-content-layout":"","ast-site-content-layout":"default","site-content-style":"default","site-sidebar-style":"default","ast-global-header-display":"","ast-banner-title-visibility":"","ast-main-header-display":"","ast-hfb-above-header-display":"","ast-hfb-below-header-display":"","ast-hfb-mobile-header-display":"","site-post-title":"","ast-breadcrumbs-content":"","ast-featured-img":"","footer-sml-layout":"","ast-disable-related-posts":"","theme-transparent-header-meta":"default","adv-header-id-meta":"","stick-header-meta":"","header-above-stick-meta":"","header-main-stick-meta":"","header-below-stick-meta":"","astra-migrate-meta-layouts":"set","ast-page-background-enabled":"default","ast-page-background-meta":{"desktop":{"background-color":"","background-image":"","background-repeat":"repeat","background-position":"center center","background-size":"auto","background-attachment":"scroll","background-type":"","background-media":"","overlay-type":"","overlay-color":"","overlay-opacity":"","overlay-gradient":""},"tablet":{"background-color":"","background-image":"","background-repeat":"repeat","background-position":"center center","background-size":"auto","background-attachment":"scroll","background-type":"","background-media":"","overlay-type":"","overlay-color":"","overlay-opacity":"","overlay-gradient":""},"mobile":{"background-color":"","background-image":"","background-repeat":"repeat","background-position":"center center","background-size":"auto","background-attachment":"scroll","background-type":"","background-media":"","overlay-type":"","overlay-color":"","overlay-opacity":"","overlay-gradient":""}},"ast-content-background-meta":{"desktop":{"background-color":"var(--ast-global-color-5)","background-image":"","background-repeat":"repeat","background-position":"center center","background-size":"auto","background-attachment":"scroll","background-type":"","background-media":"","overlay-type":"","overlay-color":"","overlay-opacity":"","overlay-gradient":""},"tablet":{"background-color":"var(--ast-global-color-5)","background-image":"","background-repeat":"repeat","background-position":"center center","background-size":"auto","background-attachment":"scroll","background-type":"","background-media":"","overlay-type":"","overlay-color":"","overlay-opacity":"","overlay-gradient":""},"mobile":{"background-color":"var(--ast-global-color-5)","background-image":"","background-repeat":"repeat","background-position":"center center","background-size":"auto","background-attachment":"scroll","background-type":"","background-media":"","overlay-type":"","overlay-color":"","overlay-opacity":"","overlay-gradient":""}}},"product_cat":[57],"product_tag":[173,163],"class_list":{"0":"post-7608","1":"product","2":"type-product","3":"status-publish","4":"has-post-thumbnail","6":"product_cat-capilar","7":"product_tag-got2b","8":"product_tag-got2b-glued","9":"desktop-align-left","10":"tablet-align-left","11":"mobile-align-left","13":"first","14":"instock","15":"shipping-taxable","16":"product-type-simple"},"_links":{"self":[{"href":"https:\/\/unicasa.co\/fr\/wp-json\/wp\/v2\/product\/7608"}],"collection":[{"href":"https:\/\/unicasa.co\/fr\/wp-json\/wp\/v2\/product"}],"about":[{"href":"https:\/\/unicasa.co\/fr\/wp-json\/wp\/v2\/types\/product"}],"replies":[{"embeddable":true,"href":"https:\/\/unicasa.co\/fr\/wp-json\/wp\/v2\/comments?post=7608"}],"version-history":[{"count":2,"href":"https:\/\/unicasa.co\/fr\/wp-json\/wp\/v2\/product\/7608\/revisions"}],"predecessor-version":[{"id":7846,"href":"https:\/\/unicasa.co\/fr\/wp-json\/wp\/v2\/product\/7608\/revisions\/7846"}],"wp:featuredmedia":[{"embeddable":true,"href":"https:\/\/unicasa.co\/fr\/wp-json\/wp\/v2\/media\/7606"}],"wp:attachment":[{"href":"https:\/\/unicasa.co\/fr\/wp-json\/wp\/v2\/media?parent=7608"}],"wp:term":[{"taxonomy":"product_cat","embeddable":true,"href":"https:\/\/unicasa.co\/fr\/wp-json\/wp\/v2\/product_cat?post=7608"},{"taxonomy":"product_tag","embeddable":true,"href":"https:\/\/unicasa.co\/fr\/wp-json\/wp\/v2\/product_tag?post=7608"}],"curies":[{"name":"wp","href":"https:\/\/api.w.org\/{rel}","templated":true}]}}