{"id":7604,"date":"2025-04-28T13:49:10","date_gmt":"2025-04-28T12:49:10","guid":{"rendered":"https:\/\/unicasa.co\/?post_type=product&#038;p=7604"},"modified":"2025-07-18T14:38:39","modified_gmt":"2025-07-18T13:38:39","slug":"gel-pegamento-de-peluca-y-pestanas-got2b-glued","status":"publish","type":"product","link":"https:\/\/unicasa.co\/fr\/product\/gel-pegamento-de-peluca-y-pestanas-got2b-glued\/","title":{"rendered":"Gel pegamento de peluca y pesta\u00f1as GOT2B GLUED"},"content":{"rendered":"<div class=\"text-justify mb-4\">Probado en un t\u00fanel de viento, Got2B Glued Gel es un producto de fijaci\u00f3n resistente al agua. \u00a1Hormig\u00f3n aut\u00e9ntico para colocar tu peluca que resiste todo excepto el champ\u00fa!<br \/>\nEste pegamento antiadherente y resistente al agua proporciona una fijaci\u00f3n tan fuerte que tu peinado durar\u00e1 hasta el pr\u00f3ximo lavado con champ\u00fa.<br \/>\n\u00a1Este producto es IMPRESCINDIBLE! Es perfecto para fijar tus pelucas y pelucas de encaje para garantizar una fijaci\u00f3n duradera.<\/div>\n<div><\/div>\n<h6 class=\"titre\">Beneficios del producto<\/h6>\n<div class=\"text-justify mb-4\">\u2022 Asegura una fijaci\u00f3n duradera<br \/>\n\u2022 Ideal para aplicar tus pelucas<br \/>\n\u2022 Resiste todo excepto el champ\u00fa<br \/>\n\u2022 Fija perfectamente tus pelucas y pelucas de encaje.<\/div>\n<h6 class=\"titre\">C\u00f3mo utilizar<\/h6>\n<div class=\"text-justify mb-4\">Se recomienda utilizar sobre el cabello h\u00famedo. Tome una peque\u00f1a cantidad de gel y apl\u00edquelo en las zonas deseadas.<\/div>","protected":false},"excerpt":{"rendered":"<p>Tubo de 150 ml<\/p>","protected":false},"featured_media":7605,"comment_status":"closed","ping_status":"closed","template":"","meta":{"site-sidebar-layout":"default","site-content-layout":"","ast-site-content-layout":"default","site-content-style":"default","site-sidebar-style":"default","ast-global-header-display":"","ast-banner-title-visibility":"","ast-main-header-display":"","ast-hfb-above-header-display":"","ast-hfb-below-header-display":"","ast-hfb-mobile-header-display":"","site-post-title":"","ast-breadcrumbs-content":"","ast-featured-img":"","footer-sml-layout":"","ast-disable-related-posts":"","theme-transparent-header-meta":"default","adv-header-id-meta":"","stick-header-meta":"","header-above-stick-meta":"","header-main-stick-meta":"","header-below-stick-meta":"","astra-migrate-meta-layouts":"set","ast-page-background-enabled":"default","ast-page-background-meta":{"desktop":{"background-color":"","background-image":"","background-repeat":"repeat","background-position":"center center","background-size":"auto","background-attachment":"scroll","background-type":"","background-media":"","overlay-type":"","overlay-color":"","overlay-opacity":"","overlay-gradient":""},"tablet":{"background-color":"","background-image":"","background-repeat":"repeat","background-position":"center center","background-size":"auto","background-attachment":"scroll","background-type":"","background-media":"","overlay-type":"","overlay-color":"","overlay-opacity":"","overlay-gradient":""},"mobile":{"background-color":"","background-image":"","background-repeat":"repeat","background-position":"center center","background-size":"auto","background-attachment":"scroll","background-type":"","background-media":"","overlay-type":"","overlay-color":"","overlay-opacity":"","overlay-gradient":""}},"ast-content-background-meta":{"desktop":{"background-color":"var(--ast-global-color-5)","background-image":"","background-repeat":"repeat","background-position":"center center","background-size":"auto","background-attachment":"scroll","background-type":"","background-media":"","overlay-type":"","overlay-color":"","overlay-opacity":"","overlay-gradient":""},"tablet":{"background-color":"var(--ast-global-color-5)","background-image":"","background-repeat":"repeat","background-position":"center center","background-size":"auto","background-attachment":"scroll","background-type":"","background-media":"","overlay-type":"","overlay-color":"","overlay-opacity":"","overlay-gradient":""},"mobile":{"background-color":"var(--ast-global-color-5)","background-image":"","background-repeat":"repeat","background-position":"center center","background-size":"auto","background-attachment":"scroll","background-type":"","background-media":"","overlay-type":"","overlay-color":"","overlay-opacity":"","overlay-gradient":""}}},"product_cat":[57],"product_tag":[173,163],"class_list":{"0":"post-7604","1":"product","2":"type-product","3":"status-publish","4":"has-post-thumbnail","6":"product_cat-capilar","7":"product_tag-got2b","8":"product_tag-got2b-glued","9":"desktop-align-left","10":"tablet-align-left","11":"mobile-align-left","13":"first","14":"instock","15":"shipping-taxable","16":"product-type-simple"},"_links":{"self":[{"href":"https:\/\/unicasa.co\/fr\/wp-json\/wp\/v2\/product\/7604"}],"collection":[{"href":"https:\/\/unicasa.co\/fr\/wp-json\/wp\/v2\/product"}],"about":[{"href":"https:\/\/unicasa.co\/fr\/wp-json\/wp\/v2\/types\/product"}],"replies":[{"embeddable":true,"href":"https:\/\/unicasa.co\/fr\/wp-json\/wp\/v2\/comments?post=7604"}],"version-history":[{"count":2,"href":"https:\/\/unicasa.co\/fr\/wp-json\/wp\/v2\/product\/7604\/revisions"}],"predecessor-version":[{"id":7847,"href":"https:\/\/unicasa.co\/fr\/wp-json\/wp\/v2\/product\/7604\/revisions\/7847"}],"wp:featuredmedia":[{"embeddable":true,"href":"https:\/\/unicasa.co\/fr\/wp-json\/wp\/v2\/media\/7605"}],"wp:attachment":[{"href":"https:\/\/unicasa.co\/fr\/wp-json\/wp\/v2\/media?parent=7604"}],"wp:term":[{"taxonomy":"product_cat","embeddable":true,"href":"https:\/\/unicasa.co\/fr\/wp-json\/wp\/v2\/product_cat?post=7604"},{"taxonomy":"product_tag","embeddable":true,"href":"https:\/\/unicasa.co\/fr\/wp-json\/wp\/v2\/product_tag?post=7604"}],"curies":[{"name":"wp","href":"https:\/\/api.w.org\/{rel}","templated":true}]}}