{"id":7587,"date":"2025-04-01T13:59:32","date_gmt":"2025-04-01T12:59:32","guid":{"rendered":"https:\/\/unicasa.co\/?post_type=product&#038;p=7587"},"modified":"2025-04-01T13:59:33","modified_gmt":"2025-04-01T12:59:33","slug":"smart-led-tv-android-geepas-65","status":"publish","type":"product","link":"https:\/\/unicasa.co\/fr\/product\/smart-led-tv-android-geepas-65\/","title":{"rendered":"Smart LED TV Android Geepas 65&#8243;"},"content":{"rendered":"<p><span>1) CALIDAD DE VIDEO ULTRA HD 4K: viene con cuatro veces la resoluci\u00f3n de Full HD, experimentar\u00e1 el detalle y la definici\u00f3n del color. Tecnolog\u00edas de micro atenuaci\u00f3n: el brillo, la saturaci\u00f3n del color y el contraste se optimizan de forma inteligente en cada fotograma.<\/span><\/p>\n<p><span>2) FUNCIONES INTELIGENTES: integrado, disfrute de miles de aplicaciones en Android 9.0 y canales que incluyen Netflix, YouTube, Prime Video, BBC, ITV, Channel 4, Disney y m\u00e1s (pueden aplicarse tarifas de suscripci\u00f3n).<\/span><\/p>\n<p><span>3) Android TV 9.0: pantalla HD Ready, sonido cinematogr\u00e1fico HQ, m\u00faltiples puertos, rendimiento l\u00edder y funci\u00f3n de transmisi\u00f3n espejo con una versi\u00f3n de Android 9.0. Android TV ofrece miles de pel\u00edculas, programas y juegos de Google Play, YouTube y sus aplicaciones favoritas. Puede transmitir f\u00e1cilmente pel\u00edculas, programas y fotos desde su dispositivo Android o iOS.<\/span><\/p>\n<p><span>4) SONIDO DE ALTA CALIDAD: con HQ se entrega una experiencia de audio superior. Con ecualizador din\u00e1mico, el sonido se optimiza de forma inteligente seg\u00fan el contenido de audio o se personaliza seg\u00fan el gusto personal.<\/span><\/p>\n<p><span>5) AMPLIO \u00c1NGULO DE VISI\u00d3N: Disfrute de la misma uniformidad y claridad desde pr\u00e1cticamente cualquier \u00e1ngulo de visi\u00f3n (444 cm (alto)\/444 cm (ancho). Desde cualquier rinc\u00f3n de la habitaci\u00f3n, experimentar\u00e1 la misma calidad. Esta pantalla de 65&#8243; con una resoluci\u00f3n de 3840*2160 ofrece una experiencia de entretenimiento excepcional.<\/span><\/p>","protected":false},"excerpt":{"rendered":"<p>con Mirror Cast, 3,5 mm, 3 puertos HDMI y 2 puertos USB | Wifi, Android 7.0 con E-Share | Incluye aplicaciones como YouTube, Netflix y Amazon Prime<\/p>","protected":false},"featured_media":7577,"comment_status":"closed","ping_status":"closed","template":"","meta":{"site-sidebar-layout":"default","site-content-layout":"","ast-site-content-layout":"default","site-content-style":"default","site-sidebar-style":"default","ast-global-header-display":"","ast-banner-title-visibility":"","ast-main-header-display":"","ast-hfb-above-header-display":"","ast-hfb-below-header-display":"","ast-hfb-mobile-header-display":"","site-post-title":"","ast-breadcrumbs-content":"","ast-featured-img":"","footer-sml-layout":"","ast-disable-related-posts":"","theme-transparent-header-meta":"default","adv-header-id-meta":"","stick-header-meta":"","header-above-stick-meta":"","header-main-stick-meta":"","header-below-stick-meta":"","astra-migrate-meta-layouts":"set","ast-page-background-enabled":"default","ast-page-background-meta":{"desktop":{"background-color":"","background-image":"","background-repeat":"repeat","background-position":"center center","background-size":"auto","background-attachment":"scroll","background-type":"","background-media":"","overlay-type":"","overlay-color":"","overlay-opacity":"","overlay-gradient":""},"tablet":{"background-color":"","background-image":"","background-repeat":"repeat","background-position":"center center","background-size":"auto","background-attachment":"scroll","background-type":"","background-media":"","overlay-type":"","overlay-color":"","overlay-opacity":"","overlay-gradient":""},"mobile":{"background-color":"","background-image":"","background-repeat":"repeat","background-position":"center center","background-size":"auto","background-attachment":"scroll","background-type":"","background-media":"","overlay-type":"","overlay-color":"","overlay-opacity":"","overlay-gradient":""}},"ast-content-background-meta":{"desktop":{"background-color":"var(--ast-global-color-5)","background-image":"","background-repeat":"repeat","background-position":"center center","background-size":"auto","background-attachment":"scroll","background-type":"","background-media":"","overlay-type":"","overlay-color":"","overlay-opacity":"","overlay-gradient":""},"tablet":{"background-color":"var(--ast-global-color-5)","background-image":"","background-repeat":"repeat","background-position":"center center","background-size":"auto","background-attachment":"scroll","background-type":"","background-media":"","overlay-type":"","overlay-color":"","overlay-opacity":"","overlay-gradient":""},"mobile":{"background-color":"var(--ast-global-color-5)","background-image":"","background-repeat":"repeat","background-position":"center center","background-size":"auto","background-attachment":"scroll","background-type":"","background-media":"","overlay-type":"","overlay-color":"","overlay-opacity":"","overlay-gradient":""}}},"product_cat":[49],"product_tag":[161,162],"class_list":{"0":"post-7587","1":"product","2":"type-product","3":"status-publish","4":"has-post-thumbnail","6":"product_cat-hogar","7":"product_tag-geepas","8":"product_tag-tv","9":"desktop-align-left","10":"tablet-align-left","11":"mobile-align-left","13":"first","14":"instock","15":"shipping-taxable","16":"product-type-simple"},"_links":{"self":[{"href":"https:\/\/unicasa.co\/fr\/wp-json\/wp\/v2\/product\/7587"}],"collection":[{"href":"https:\/\/unicasa.co\/fr\/wp-json\/wp\/v2\/product"}],"about":[{"href":"https:\/\/unicasa.co\/fr\/wp-json\/wp\/v2\/types\/product"}],"replies":[{"embeddable":true,"href":"https:\/\/unicasa.co\/fr\/wp-json\/wp\/v2\/comments?post=7587"}],"version-history":[{"count":2,"href":"https:\/\/unicasa.co\/fr\/wp-json\/wp\/v2\/product\/7587\/revisions"}],"predecessor-version":[{"id":7589,"href":"https:\/\/unicasa.co\/fr\/wp-json\/wp\/v2\/product\/7587\/revisions\/7589"}],"wp:featuredmedia":[{"embeddable":true,"href":"https:\/\/unicasa.co\/fr\/wp-json\/wp\/v2\/media\/7577"}],"wp:attachment":[{"href":"https:\/\/unicasa.co\/fr\/wp-json\/wp\/v2\/media?parent=7587"}],"wp:term":[{"taxonomy":"product_cat","embeddable":true,"href":"https:\/\/unicasa.co\/fr\/wp-json\/wp\/v2\/product_cat?post=7587"},{"taxonomy":"product_tag","embeddable":true,"href":"https:\/\/unicasa.co\/fr\/wp-json\/wp\/v2\/product_tag?post=7587"}],"curies":[{"name":"wp","href":"https:\/\/api.w.org\/{rel}","templated":true}]}}