{"id":7585,"date":"2025-04-01T13:57:32","date_gmt":"2025-04-01T12:57:32","guid":{"rendered":"https:\/\/unicasa.co\/?post_type=product&#038;p=7585"},"modified":"2025-04-01T13:57:32","modified_gmt":"2025-04-01T12:57:32","slug":"smart-led-tv-android-geepas-55","status":"publish","type":"product","link":"https:\/\/unicasa.co\/fr\/product\/smart-led-tv-android-geepas-55\/","title":{"rendered":"Smart LED TV  Android  Geepas 55&#8243;"},"content":{"rendered":"<p>LED delgado, 3,5 mm, 2 puertos HDMI y 2 puertos USB de alta velocidad | Wi-Fi, Android 7.0 con E-Share y Mirror Cast | Incluye aplicaciones como YouTube, Netflix y Amazon Prime<\/p>","protected":false},"excerpt":{"rendered":"<p><span>1. CALIDAD DE VIDEO ULTRA HD 4K: explora cada detalle con una claridad brillante, junto con colores realistas y un brillo mejorado. Tecnolog\u00eda Full HD avanzada con una experiencia de visualizaci\u00f3n notable que da vida a la calidad de la imagen. Optimiza cada escena para una expresi\u00f3n espl\u00e9ndida.<\/span><\/p>\n<p><span>2. MIRROR CAST: refleja f\u00e1cilmente fotos, videos o juegos de tu tel\u00e9fono m\u00f3vil en la pantalla de tu televisor. Disfruta de todo el contenido de tu tel\u00e9fono en tu pantalla grande.<\/span><\/p>\n<p><span>3. FUNCIONES INTELIGENTES: integradas, disfruta de miles de aplicaciones en Android 7.0 y canales que incluyen Netflix, YouTube, Prime Video, BBC, ITV, Channel 4, Disney y m\u00e1s (pueden aplicarse tarifas de suscripci\u00f3n).<\/span><\/p>\n<p><span>4. Android TV 7.0: pantalla 4K HD Ready, sonido cinematogr\u00e1fico HQ, m\u00faltiples puertos, rendimiento l\u00edder y funci\u00f3n de mirror cast con una versi\u00f3n de Android 7.0. Android TV ofrece miles de pel\u00edculas, programas y juegos de Google Play, YouTube y tus aplicaciones favoritas. Puedes transmitir f\u00e1cilmente pel\u00edculas, programas y fotos desde tu dispositivo Android o iOS.<\/span><\/p>\n<p><span>5. Amplio \u00e1ngulo de visi\u00f3n: Disfrute de la misma consistencia y claridad desde casi cualquier \u00e1ngulo de visi\u00f3n (440-440 cm). Si\u00e9ntese en cualquier rinc\u00f3n de la habitaci\u00f3n y experimentar\u00e1 la misma calidad.<\/span><\/p>","protected":false},"featured_media":7576,"comment_status":"closed","ping_status":"closed","template":"","meta":{"site-sidebar-layout":"default","site-content-layout":"","ast-site-content-layout":"default","site-content-style":"default","site-sidebar-style":"default","ast-global-header-display":"","ast-banner-title-visibility":"","ast-main-header-display":"","ast-hfb-above-header-display":"","ast-hfb-below-header-display":"","ast-hfb-mobile-header-display":"","site-post-title":"","ast-breadcrumbs-content":"","ast-featured-img":"","footer-sml-layout":"","ast-disable-related-posts":"","theme-transparent-header-meta":"default","adv-header-id-meta":"","stick-header-meta":"","header-above-stick-meta":"","header-main-stick-meta":"","header-below-stick-meta":"","astra-migrate-meta-layouts":"set","ast-page-background-enabled":"default","ast-page-background-meta":{"desktop":{"background-color":"","background-image":"","background-repeat":"repeat","background-position":"center center","background-size":"auto","background-attachment":"scroll","background-type":"","background-media":"","overlay-type":"","overlay-color":"","overlay-opacity":"","overlay-gradient":""},"tablet":{"background-color":"","background-image":"","background-repeat":"repeat","background-position":"center center","background-size":"auto","background-attachment":"scroll","background-type":"","background-media":"","overlay-type":"","overlay-color":"","overlay-opacity":"","overlay-gradient":""},"mobile":{"background-color":"","background-image":"","background-repeat":"repeat","background-position":"center center","background-size":"auto","background-attachment":"scroll","background-type":"","background-media":"","overlay-type":"","overlay-color":"","overlay-opacity":"","overlay-gradient":""}},"ast-content-background-meta":{"desktop":{"background-color":"var(--ast-global-color-5)","background-image":"","background-repeat":"repeat","background-position":"center center","background-size":"auto","background-attachment":"scroll","background-type":"","background-media":"","overlay-type":"","overlay-color":"","overlay-opacity":"","overlay-gradient":""},"tablet":{"background-color":"var(--ast-global-color-5)","background-image":"","background-repeat":"repeat","background-position":"center center","background-size":"auto","background-attachment":"scroll","background-type":"","background-media":"","overlay-type":"","overlay-color":"","overlay-opacity":"","overlay-gradient":""},"mobile":{"background-color":"var(--ast-global-color-5)","background-image":"","background-repeat":"repeat","background-position":"center center","background-size":"auto","background-attachment":"scroll","background-type":"","background-media":"","overlay-type":"","overlay-color":"","overlay-opacity":"","overlay-gradient":""}}},"product_cat":[49],"product_tag":[161,162],"class_list":{"0":"post-7585","1":"product","2":"type-product","3":"status-publish","4":"has-post-thumbnail","6":"product_cat-hogar","7":"product_tag-geepas","8":"product_tag-tv","9":"desktop-align-left","10":"tablet-align-left","11":"mobile-align-left","13":"first","14":"instock","15":"shipping-taxable","16":"product-type-simple"},"_links":{"self":[{"href":"https:\/\/unicasa.co\/fr\/wp-json\/wp\/v2\/product\/7585"}],"collection":[{"href":"https:\/\/unicasa.co\/fr\/wp-json\/wp\/v2\/product"}],"about":[{"href":"https:\/\/unicasa.co\/fr\/wp-json\/wp\/v2\/types\/product"}],"replies":[{"embeddable":true,"href":"https:\/\/unicasa.co\/fr\/wp-json\/wp\/v2\/comments?post=7585"}],"version-history":[{"count":1,"href":"https:\/\/unicasa.co\/fr\/wp-json\/wp\/v2\/product\/7585\/revisions"}],"predecessor-version":[{"id":7586,"href":"https:\/\/unicasa.co\/fr\/wp-json\/wp\/v2\/product\/7585\/revisions\/7586"}],"wp:featuredmedia":[{"embeddable":true,"href":"https:\/\/unicasa.co\/fr\/wp-json\/wp\/v2\/media\/7576"}],"wp:attachment":[{"href":"https:\/\/unicasa.co\/fr\/wp-json\/wp\/v2\/media?parent=7585"}],"wp:term":[{"taxonomy":"product_cat","embeddable":true,"href":"https:\/\/unicasa.co\/fr\/wp-json\/wp\/v2\/product_cat?post=7585"},{"taxonomy":"product_tag","embeddable":true,"href":"https:\/\/unicasa.co\/fr\/wp-json\/wp\/v2\/product_tag?post=7585"}],"curies":[{"name":"wp","href":"https:\/\/api.w.org\/{rel}","templated":true}]}}