{"id":7583,"date":"2025-04-01T13:53:39","date_gmt":"2025-04-01T12:53:39","guid":{"rendered":"https:\/\/unicasa.co\/?post_type=product&#038;p=7583"},"modified":"2025-04-01T13:53:40","modified_gmt":"2025-04-01T12:53:40","slug":"smart-tv-android-geepas-50","status":"publish","type":"product","link":"https:\/\/unicasa.co\/fr\/product\/smart-tv-android-geepas-50\/","title":{"rendered":"Smart TV Android Geepas 50&#8243;"},"content":{"rendered":"<p><span>1) Tipo de pantalla de 50&#8243; | Resoluci\u00f3n 4K Ultra HD (3840 x 2160) | \u00c1ngulo de visi\u00f3n de 178 (H)\/178 (W) | Brillo: 250cd\/m2<\/span><\/p>\n<p><span>2) Relaci\u00f3n de aspecto: 16:9 | Relaci\u00f3n de contraste: 5000:1 | Colores m\u00e1ximos: 16,7M | Tiempo de respuesta: 9,5MS<\/span><\/p>\n<p><span>3) Fuente de alimentaci\u00f3n: CA 100-240V 50\/60 Hz | Consumo de energ\u00eda (funcionamiento): &lt;100W | Consumo de energ\u00eda (en espera): &lt;0,5W | Requisito de energ\u00eda: 100-240 50\/60 Hz.<\/span><\/p>\n<p><span>4) Android 11.0, Wi-Fi, HDMI, ecoeficiencia, potenciador de color amplio, control remoto, DVD T2 y Slim LED son algunas de las funciones del televisor inteligente.<\/span><\/p>\n<p><span>5) Conectividad: AV IN 1 | USB 2 | HDMI 3 | \u00d3ptico 1 | TV 2 | RJ45 1| CI 1<\/span><\/p>","protected":false},"excerpt":{"rendered":"<p>Televisor LED 4K Ultra HD Slim | Con control remoto, puertos HDMI y USB | Android 11.0, Wi-Fi y Eco-Eficiencia | Negro<\/p>","protected":false},"featured_media":7578,"comment_status":"closed","ping_status":"closed","template":"","meta":{"site-sidebar-layout":"default","site-content-layout":"","ast-site-content-layout":"default","site-content-style":"default","site-sidebar-style":"default","ast-global-header-display":"","ast-banner-title-visibility":"","ast-main-header-display":"","ast-hfb-above-header-display":"","ast-hfb-below-header-display":"","ast-hfb-mobile-header-display":"","site-post-title":"","ast-breadcrumbs-content":"","ast-featured-img":"","footer-sml-layout":"","ast-disable-related-posts":"","theme-transparent-header-meta":"default","adv-header-id-meta":"","stick-header-meta":"","header-above-stick-meta":"","header-main-stick-meta":"","header-below-stick-meta":"","astra-migrate-meta-layouts":"set","ast-page-background-enabled":"default","ast-page-background-meta":{"desktop":{"background-color":"","background-image":"","background-repeat":"repeat","background-position":"center center","background-size":"auto","background-attachment":"scroll","background-type":"","background-media":"","overlay-type":"","overlay-color":"","overlay-opacity":"","overlay-gradient":""},"tablet":{"background-color":"","background-image":"","background-repeat":"repeat","background-position":"center center","background-size":"auto","background-attachment":"scroll","background-type":"","background-media":"","overlay-type":"","overlay-color":"","overlay-opacity":"","overlay-gradient":""},"mobile":{"background-color":"","background-image":"","background-repeat":"repeat","background-position":"center center","background-size":"auto","background-attachment":"scroll","background-type":"","background-media":"","overlay-type":"","overlay-color":"","overlay-opacity":"","overlay-gradient":""}},"ast-content-background-meta":{"desktop":{"background-color":"var(--ast-global-color-5)","background-image":"","background-repeat":"repeat","background-position":"center center","background-size":"auto","background-attachment":"scroll","background-type":"","background-media":"","overlay-type":"","overlay-color":"","overlay-opacity":"","overlay-gradient":""},"tablet":{"background-color":"var(--ast-global-color-5)","background-image":"","background-repeat":"repeat","background-position":"center center","background-size":"auto","background-attachment":"scroll","background-type":"","background-media":"","overlay-type":"","overlay-color":"","overlay-opacity":"","overlay-gradient":""},"mobile":{"background-color":"var(--ast-global-color-5)","background-image":"","background-repeat":"repeat","background-position":"center center","background-size":"auto","background-attachment":"scroll","background-type":"","background-media":"","overlay-type":"","overlay-color":"","overlay-opacity":"","overlay-gradient":""}}},"product_cat":[49],"product_tag":[161,162],"class_list":{"0":"post-7583","1":"product","2":"type-product","3":"status-publish","4":"has-post-thumbnail","6":"product_cat-hogar","7":"product_tag-geepas","8":"product_tag-tv","9":"desktop-align-left","10":"tablet-align-left","11":"mobile-align-left","13":"first","14":"instock","15":"shipping-taxable","16":"product-type-simple"},"_links":{"self":[{"href":"https:\/\/unicasa.co\/fr\/wp-json\/wp\/v2\/product\/7583"}],"collection":[{"href":"https:\/\/unicasa.co\/fr\/wp-json\/wp\/v2\/product"}],"about":[{"href":"https:\/\/unicasa.co\/fr\/wp-json\/wp\/v2\/types\/product"}],"replies":[{"embeddable":true,"href":"https:\/\/unicasa.co\/fr\/wp-json\/wp\/v2\/comments?post=7583"}],"version-history":[{"count":1,"href":"https:\/\/unicasa.co\/fr\/wp-json\/wp\/v2\/product\/7583\/revisions"}],"predecessor-version":[{"id":7584,"href":"https:\/\/unicasa.co\/fr\/wp-json\/wp\/v2\/product\/7583\/revisions\/7584"}],"wp:featuredmedia":[{"embeddable":true,"href":"https:\/\/unicasa.co\/fr\/wp-json\/wp\/v2\/media\/7578"}],"wp:attachment":[{"href":"https:\/\/unicasa.co\/fr\/wp-json\/wp\/v2\/media?parent=7583"}],"wp:term":[{"taxonomy":"product_cat","embeddable":true,"href":"https:\/\/unicasa.co\/fr\/wp-json\/wp\/v2\/product_cat?post=7583"},{"taxonomy":"product_tag","embeddable":true,"href":"https:\/\/unicasa.co\/fr\/wp-json\/wp\/v2\/product_tag?post=7583"}],"curies":[{"name":"wp","href":"https:\/\/api.w.org\/{rel}","templated":true}]}}