{"id":7581,"date":"2025-04-01T13:51:47","date_gmt":"2025-04-01T12:51:47","guid":{"rendered":"https:\/\/unicasa.co\/?post_type=product&#038;p=7581"},"modified":"2025-04-01T13:51:47","modified_gmt":"2025-04-01T12:51:47","slug":"televisor-android-geepas-43","status":"publish","type":"product","link":"https:\/\/unicasa.co\/fr\/product\/televisor-android-geepas-43\/","title":{"rendered":"Televisor Android Geepas 43&#8243;"},"content":{"rendered":"<p><span>1) CALIDAD DE VIDEO HD N\u00cdTIDA: Este televisor LED inteligente Geepas de 43&#8243; le permite experimentar detalles y definici\u00f3n de color.<\/span><\/p>\n<p><span>2) Pantalla: 43&#8243;; relaci\u00f3n de aspecto: 16:9; Resoluci\u00f3n: 1920*1080; Tiempo de respuesta: 6.5ms<\/span><\/p>\n<p><span>3) SONIDO DE ALTA CALIDAD: Con HQ, se ofrece una experiencia de audio superior. El sonido se optimiza inteligentemente seg\u00fan el contenido de audio o se personaliza seg\u00fan el gusto personal.<\/span><\/p>\n<p><span>4) \u00c1NGULO DE VISI\u00d3N AMPLIO (176 H \/ 176 W): Disfrute de la misma consistencia y claridad desde casi cualquier \u00e1ngulo de visi\u00f3n. Si\u00e9ntese en cualquier rinc\u00f3n de la habitaci\u00f3n y experimentar\u00e1 la misma calidad. Esta resoluci\u00f3n proporciona una experiencia de entretenimiento expansiva.<\/span><\/p>\n<p><span>5) CONECTIVIDAD: ENTRADA AV, USB, HDMI, conector para auriculares, coaxial.<\/span><\/p>\n<p><span>6)\u00a0<\/span><b><span>El paquete incluye un control remoto<\/span><\/b><\/p>\n<p><span>7) Consumo de energ\u00eda (operaci\u00f3n) \u226475 W; consumo de energ\u00eda (en espera) \u2264 0.51 W; Requisito de alimentaci\u00f3n: CA 100-240 V 50\/60 Hz<\/span><\/p>\n<p><span>8) Peso del producto: 9,27 kg.<\/span><\/p>","protected":false},"excerpt":{"rendered":"<p>LED delgado, 3,5 mm, 2 puertos HDMI y 2 puertos USB de alta velocidad | Wi-Fi, Android 13.0 con E-Share y Mirror Cast | Incluye aplicaciones como YouTube, Netflix y Amazon Prime<\/p>","protected":false},"featured_media":7579,"comment_status":"closed","ping_status":"closed","template":"","meta":{"site-sidebar-layout":"default","site-content-layout":"","ast-site-content-layout":"default","site-content-style":"default","site-sidebar-style":"default","ast-global-header-display":"","ast-banner-title-visibility":"","ast-main-header-display":"","ast-hfb-above-header-display":"","ast-hfb-below-header-display":"","ast-hfb-mobile-header-display":"","site-post-title":"","ast-breadcrumbs-content":"","ast-featured-img":"","footer-sml-layout":"","ast-disable-related-posts":"","theme-transparent-header-meta":"default","adv-header-id-meta":"","stick-header-meta":"","header-above-stick-meta":"","header-main-stick-meta":"","header-below-stick-meta":"","astra-migrate-meta-layouts":"set","ast-page-background-enabled":"default","ast-page-background-meta":{"desktop":{"background-color":"","background-image":"","background-repeat":"repeat","background-position":"center center","background-size":"auto","background-attachment":"scroll","background-type":"","background-media":"","overlay-type":"","overlay-color":"","overlay-opacity":"","overlay-gradient":""},"tablet":{"background-color":"","background-image":"","background-repeat":"repeat","background-position":"center center","background-size":"auto","background-attachment":"scroll","background-type":"","background-media":"","overlay-type":"","overlay-color":"","overlay-opacity":"","overlay-gradient":""},"mobile":{"background-color":"","background-image":"","background-repeat":"repeat","background-position":"center center","background-size":"auto","background-attachment":"scroll","background-type":"","background-media":"","overlay-type":"","overlay-color":"","overlay-opacity":"","overlay-gradient":""}},"ast-content-background-meta":{"desktop":{"background-color":"var(--ast-global-color-5)","background-image":"","background-repeat":"repeat","background-position":"center center","background-size":"auto","background-attachment":"scroll","background-type":"","background-media":"","overlay-type":"","overlay-color":"","overlay-opacity":"","overlay-gradient":""},"tablet":{"background-color":"var(--ast-global-color-5)","background-image":"","background-repeat":"repeat","background-position":"center center","background-size":"auto","background-attachment":"scroll","background-type":"","background-media":"","overlay-type":"","overlay-color":"","overlay-opacity":"","overlay-gradient":""},"mobile":{"background-color":"var(--ast-global-color-5)","background-image":"","background-repeat":"repeat","background-position":"center center","background-size":"auto","background-attachment":"scroll","background-type":"","background-media":"","overlay-type":"","overlay-color":"","overlay-opacity":"","overlay-gradient":""}}},"product_cat":[49],"product_tag":[161,162],"class_list":{"0":"post-7581","1":"product","2":"type-product","3":"status-publish","4":"has-post-thumbnail","6":"product_cat-hogar","7":"product_tag-geepas","8":"product_tag-tv","9":"desktop-align-left","10":"tablet-align-left","11":"mobile-align-left","13":"first","14":"instock","15":"shipping-taxable","16":"product-type-simple"},"_links":{"self":[{"href":"https:\/\/unicasa.co\/fr\/wp-json\/wp\/v2\/product\/7581"}],"collection":[{"href":"https:\/\/unicasa.co\/fr\/wp-json\/wp\/v2\/product"}],"about":[{"href":"https:\/\/unicasa.co\/fr\/wp-json\/wp\/v2\/types\/product"}],"replies":[{"embeddable":true,"href":"https:\/\/unicasa.co\/fr\/wp-json\/wp\/v2\/comments?post=7581"}],"version-history":[{"count":1,"href":"https:\/\/unicasa.co\/fr\/wp-json\/wp\/v2\/product\/7581\/revisions"}],"predecessor-version":[{"id":7582,"href":"https:\/\/unicasa.co\/fr\/wp-json\/wp\/v2\/product\/7581\/revisions\/7582"}],"wp:featuredmedia":[{"embeddable":true,"href":"https:\/\/unicasa.co\/fr\/wp-json\/wp\/v2\/media\/7579"}],"wp:attachment":[{"href":"https:\/\/unicasa.co\/fr\/wp-json\/wp\/v2\/media?parent=7581"}],"wp:term":[{"taxonomy":"product_cat","embeddable":true,"href":"https:\/\/unicasa.co\/fr\/wp-json\/wp\/v2\/product_cat?post=7581"},{"taxonomy":"product_tag","embeddable":true,"href":"https:\/\/unicasa.co\/fr\/wp-json\/wp\/v2\/product_tag?post=7581"}],"curies":[{"name":"wp","href":"https:\/\/api.w.org\/{rel}","templated":true}]}}