{"id":7574,"date":"2025-04-01T13:48:43","date_gmt":"2025-04-01T12:48:43","guid":{"rendered":"https:\/\/unicasa.co\/?post_type=product&#038;p=7574"},"modified":"2025-04-01T13:48:43","modified_gmt":"2025-04-01T12:48:43","slug":"televisor-android-geepas-32-google-tv","status":"publish","type":"product","link":"https:\/\/unicasa.co\/fr\/product\/televisor-android-geepas-32-google-tv\/","title":{"rendered":"Televisor Android Geepas 32&#8243; Google TV"},"content":{"rendered":"<p>Disfruta de un mundo de entretenimiento a tu alcance con el televisor inteligente Geepas de 32&#8243; y sum\u00e9rgete en la experiencia definitiva de un televisor inteligente. Una experiencia inmersiva con una experiencia visual y auditiva cautivadora, lo m\u00e1s realista posible, gracias a su pantalla 4K Ultra HD. Un dispositivo dise\u00f1ado para ofrecer alta velocidad, rendimiento de calidad, audio Dolby y otros detalles impresionantes. Ahora puedes acceder r\u00e1pidamente a los contenidos y controlarlos con un control remoto. Disfruta de streaming en plataformas populares como Netflix, YouTube y Prime Video, todo al alcance de tu mano. Para una experiencia visual verdaderamente excepcional, la calidad de imagen se ve mejorada por la tecnolog\u00eda HD avanzada y la amplia gama de colores. Optimiza cada escena para una expresi\u00f3n espl\u00e9ndida. Est\u00e1 dise\u00f1ado con la \u00faltima tecnolog\u00eda para ofrecer alta velocidad, rendimiento de calidad y detalles impresionantes. Tiene un dise\u00f1o impresionante y realzar\u00e1 el estilo y la atm\u00f3sfera de tu hogar.<\/p>","protected":false},"excerpt":{"rendered":"<p>Con una calidad de imagen realista y m\u00faltiples opciones de conectividad, que incluyen HDMI, Wi-Fi, USB y m\u00e1s, puedes disfrutar de una experiencia cinematogr\u00e1fica sin esfuerzo. Puedes ver tus pel\u00edculas, series y mucho m\u00e1s favoritos en plataformas OTT y apps en vivo. Todo en un solo lugar, sin perder tiempo buscando.<\/p>","protected":false},"featured_media":7575,"comment_status":"closed","ping_status":"closed","template":"","meta":{"site-sidebar-layout":"default","site-content-layout":"","ast-site-content-layout":"default","site-content-style":"default","site-sidebar-style":"default","ast-global-header-display":"","ast-banner-title-visibility":"","ast-main-header-display":"","ast-hfb-above-header-display":"","ast-hfb-below-header-display":"","ast-hfb-mobile-header-display":"","site-post-title":"","ast-breadcrumbs-content":"","ast-featured-img":"","footer-sml-layout":"","ast-disable-related-posts":"","theme-transparent-header-meta":"default","adv-header-id-meta":"","stick-header-meta":"","header-above-stick-meta":"","header-main-stick-meta":"","header-below-stick-meta":"","astra-migrate-meta-layouts":"set","ast-page-background-enabled":"default","ast-page-background-meta":{"desktop":{"background-color":"","background-image":"","background-repeat":"repeat","background-position":"center center","background-size":"auto","background-attachment":"scroll","background-type":"","background-media":"","overlay-type":"","overlay-color":"","overlay-opacity":"","overlay-gradient":""},"tablet":{"background-color":"","background-image":"","background-repeat":"repeat","background-position":"center center","background-size":"auto","background-attachment":"scroll","background-type":"","background-media":"","overlay-type":"","overlay-color":"","overlay-opacity":"","overlay-gradient":""},"mobile":{"background-color":"","background-image":"","background-repeat":"repeat","background-position":"center center","background-size":"auto","background-attachment":"scroll","background-type":"","background-media":"","overlay-type":"","overlay-color":"","overlay-opacity":"","overlay-gradient":""}},"ast-content-background-meta":{"desktop":{"background-color":"var(--ast-global-color-5)","background-image":"","background-repeat":"repeat","background-position":"center center","background-size":"auto","background-attachment":"scroll","background-type":"","background-media":"","overlay-type":"","overlay-color":"","overlay-opacity":"","overlay-gradient":""},"tablet":{"background-color":"var(--ast-global-color-5)","background-image":"","background-repeat":"repeat","background-position":"center center","background-size":"auto","background-attachment":"scroll","background-type":"","background-media":"","overlay-type":"","overlay-color":"","overlay-opacity":"","overlay-gradient":""},"mobile":{"background-color":"var(--ast-global-color-5)","background-image":"","background-repeat":"repeat","background-position":"center center","background-size":"auto","background-attachment":"scroll","background-type":"","background-media":"","overlay-type":"","overlay-color":"","overlay-opacity":"","overlay-gradient":""}}},"product_cat":[49],"product_tag":[161,162],"class_list":{"0":"post-7574","1":"product","2":"type-product","3":"status-publish","4":"has-post-thumbnail","6":"product_cat-hogar","7":"product_tag-geepas","8":"product_tag-tv","9":"desktop-align-left","10":"tablet-align-left","11":"mobile-align-left","13":"first","14":"instock","15":"shipping-taxable","16":"product-type-simple"},"_links":{"self":[{"href":"https:\/\/unicasa.co\/fr\/wp-json\/wp\/v2\/product\/7574"}],"collection":[{"href":"https:\/\/unicasa.co\/fr\/wp-json\/wp\/v2\/product"}],"about":[{"href":"https:\/\/unicasa.co\/fr\/wp-json\/wp\/v2\/types\/product"}],"replies":[{"embeddable":true,"href":"https:\/\/unicasa.co\/fr\/wp-json\/wp\/v2\/comments?post=7574"}],"version-history":[{"count":1,"href":"https:\/\/unicasa.co\/fr\/wp-json\/wp\/v2\/product\/7574\/revisions"}],"predecessor-version":[{"id":7580,"href":"https:\/\/unicasa.co\/fr\/wp-json\/wp\/v2\/product\/7574\/revisions\/7580"}],"wp:featuredmedia":[{"embeddable":true,"href":"https:\/\/unicasa.co\/fr\/wp-json\/wp\/v2\/media\/7575"}],"wp:attachment":[{"href":"https:\/\/unicasa.co\/fr\/wp-json\/wp\/v2\/media?parent=7574"}],"wp:term":[{"taxonomy":"product_cat","embeddable":true,"href":"https:\/\/unicasa.co\/fr\/wp-json\/wp\/v2\/product_cat?post=7574"},{"taxonomy":"product_tag","embeddable":true,"href":"https:\/\/unicasa.co\/fr\/wp-json\/wp\/v2\/product_tag?post=7574"}],"curies":[{"name":"wp","href":"https:\/\/api.w.org\/{rel}","templated":true}]}}