{"id":7556,"date":"2025-03-14T22:24:26","date_gmt":"2025-03-14T22:24:26","guid":{"rendered":"https:\/\/unicasa.co\/?post_type=product&#038;p=7556"},"modified":"2025-03-14T22:24:27","modified_gmt":"2025-03-14T22:24:27","slug":"spray-fijador-curly-nelly","status":"publish","type":"product","link":"https:\/\/unicasa.co\/fr\/product\/spray-fijador-curly-nelly\/","title":{"rendered":"Spray fijador Curly Nelly"},"content":{"rendered":"<div class=\"relative border-t border-primaryMediumDark border-solid pt-5 pb-12 highlight-none\">\n<div class=\"flex\">\n<div class=\"w-1\/6 uppercase fs-product-h4\"><strong>Propiedades<\/strong><\/div>\n<div class=\"accordionProduct__Text-sc-fyen62-0 cafrrt overflow-hidden pr-20 m:pr-6 pl-c1 transition-transform transform duration-300 origin-top scale-y-0 block scale-y-100\">Spray de f\u00e1cil aplicaci\u00f3n con f\u00f3rmula vegana que potencia el rizo dejando el cabello con aspecto natural, sin dejar restos ni cracking. Adem\u00e1s de extractos de lino y ch\u00eda, aceite de coco y keratina vegetal, contiene una combinaci\u00f3n de aceites hidratantes que mejora la hidrataci\u00f3n, el brillo y la elasticidad. Ideal para refrescar y definir el rizo los d\u00edas posteriores al lavado gracias a su \u201cefecto memoria\u201d.<\/div>\n<\/div>\n<\/div>\n<div class=\"relative border-t border-primaryMediumDark border-solid pt-5 pb-12 highlight-none\">\n<div class=\"flex\">\n<div class=\"w-1\/6 uppercase fs-product-h4\"><strong>Modo de empleo<\/strong><\/div>\n<div class=\"accordionProduct__Text-sc-fyen62-0 cafrrt overflow-hidden pr-20 m:pr-6 pl-c1 transition-transform transform duration-300 origin-top scale-y-0 block scale-y-100\">Pulverizar el producto directamente sobre el cabello, sin necesidad de humedecerlo para definir y potenciar los rizos. Dejar secar al aire o con ayuda de un microdifusor.<\/div>\n<\/div>\n<\/div>","protected":false},"excerpt":{"rendered":"<p>200ml<\/p>","protected":false},"featured_media":7553,"comment_status":"closed","ping_status":"closed","template":"","meta":{"site-sidebar-layout":"default","site-content-layout":"","ast-site-content-layout":"default","site-content-style":"default","site-sidebar-style":"default","ast-global-header-display":"","ast-banner-title-visibility":"","ast-main-header-display":"","ast-hfb-above-header-display":"","ast-hfb-below-header-display":"","ast-hfb-mobile-header-display":"","site-post-title":"","ast-breadcrumbs-content":"","ast-featured-img":"","footer-sml-layout":"","ast-disable-related-posts":"","theme-transparent-header-meta":"default","adv-header-id-meta":"","stick-header-meta":"","header-above-stick-meta":"","header-main-stick-meta":"","header-below-stick-meta":"","astra-migrate-meta-layouts":"set","ast-page-background-enabled":"default","ast-page-background-meta":{"desktop":{"background-color":"","background-image":"","background-repeat":"repeat","background-position":"center center","background-size":"auto","background-attachment":"scroll","background-type":"","background-media":"","overlay-type":"","overlay-color":"","overlay-opacity":"","overlay-gradient":""},"tablet":{"background-color":"","background-image":"","background-repeat":"repeat","background-position":"center center","background-size":"auto","background-attachment":"scroll","background-type":"","background-media":"","overlay-type":"","overlay-color":"","overlay-opacity":"","overlay-gradient":""},"mobile":{"background-color":"","background-image":"","background-repeat":"repeat","background-position":"center center","background-size":"auto","background-attachment":"scroll","background-type":"","background-media":"","overlay-type":"","overlay-color":"","overlay-opacity":"","overlay-gradient":""}},"ast-content-background-meta":{"desktop":{"background-color":"var(--ast-global-color-5)","background-image":"","background-repeat":"repeat","background-position":"center center","background-size":"auto","background-attachment":"scroll","background-type":"","background-media":"","overlay-type":"","overlay-color":"","overlay-opacity":"","overlay-gradient":""},"tablet":{"background-color":"var(--ast-global-color-5)","background-image":"","background-repeat":"repeat","background-position":"center center","background-size":"auto","background-attachment":"scroll","background-type":"","background-media":"","overlay-type":"","overlay-color":"","overlay-opacity":"","overlay-gradient":""},"mobile":{"background-color":"var(--ast-global-color-5)","background-image":"","background-repeat":"repeat","background-position":"center center","background-size":"auto","background-attachment":"scroll","background-type":"","background-media":"","overlay-type":"","overlay-color":"","overlay-opacity":"","overlay-gradient":""}}},"product_cat":[57],"product_tag":[97],"class_list":{"0":"post-7556","1":"product","2":"type-product","3":"status-publish","4":"has-post-thumbnail","6":"product_cat-capilar","7":"product_tag-nelly","8":"desktop-align-left","9":"tablet-align-left","10":"mobile-align-left","12":"first","13":"instock","14":"shipping-taxable","15":"product-type-simple"},"_links":{"self":[{"href":"https:\/\/unicasa.co\/fr\/wp-json\/wp\/v2\/product\/7556"}],"collection":[{"href":"https:\/\/unicasa.co\/fr\/wp-json\/wp\/v2\/product"}],"about":[{"href":"https:\/\/unicasa.co\/fr\/wp-json\/wp\/v2\/types\/product"}],"replies":[{"embeddable":true,"href":"https:\/\/unicasa.co\/fr\/wp-json\/wp\/v2\/comments?post=7556"}],"version-history":[{"count":1,"href":"https:\/\/unicasa.co\/fr\/wp-json\/wp\/v2\/product\/7556\/revisions"}],"predecessor-version":[{"id":7557,"href":"https:\/\/unicasa.co\/fr\/wp-json\/wp\/v2\/product\/7556\/revisions\/7557"}],"wp:featuredmedia":[{"embeddable":true,"href":"https:\/\/unicasa.co\/fr\/wp-json\/wp\/v2\/media\/7553"}],"wp:attachment":[{"href":"https:\/\/unicasa.co\/fr\/wp-json\/wp\/v2\/media?parent=7556"}],"wp:term":[{"taxonomy":"product_cat","embeddable":true,"href":"https:\/\/unicasa.co\/fr\/wp-json\/wp\/v2\/product_cat?post=7556"},{"taxonomy":"product_tag","embeddable":true,"href":"https:\/\/unicasa.co\/fr\/wp-json\/wp\/v2\/product_tag?post=7556"}],"curies":[{"name":"wp","href":"https:\/\/api.w.org\/{rel}","templated":true}]}}