{"id":7540,"date":"2025-03-14T22:11:17","date_gmt":"2025-03-14T22:11:17","guid":{"rendered":"https:\/\/unicasa.co\/?post_type=product&#038;p=7540"},"modified":"2025-03-14T22:11:18","modified_gmt":"2025-03-14T22:11:18","slug":"mascarilla-capilar-violeta-nelly-para-cabellos-blancos","status":"publish","type":"product","link":"https:\/\/unicasa.co\/fr\/product\/mascarilla-capilar-violeta-nelly-para-cabellos-blancos\/","title":{"rendered":"Mascarilla Capilar Violeta Nelly para cabellos blancos"},"content":{"rendered":"<div class=\"relative border-t border-primaryMediumDark border-solid pt-5 pb-12 highlight-none\">\n<div class=\"flex\">\n<div class=\"w-1\/6 uppercase fs-product-h4\"><strong>Propiedades<\/strong><\/div>\n<div class=\"accordionProduct__Text-sc-fyen62-0 cafrrt overflow-hidden pr-20 m:pr-6 pl-c1 transition-transform transform duration-300 origin-top scale-y-0 block scale-y-100\">Mascarilla que matiza y elimina las tonalidades amarillas del cabello. Contiene t\u00e9 verde y multivitaminas, que hidrata, suaviza y desenreda en profundidad el cabello. Resultados impecables, blancos brillantes y cabello lleno de vida.<\/div>\n<\/div>\n<\/div>\n<div class=\"relative border-t border-primaryMediumDark border-solid pt-5 pb-12 highlight-none\">\n<div class=\"flex\">\n<div class=\"w-1\/6 uppercase fs-product-h4\"><strong>Modo de empleo<\/strong><\/div>\n<div class=\"accordionProduct__Text-sc-fyen62-0 cafrrt overflow-hidden pr-20 m:pr-6 pl-c1 transition-transform transform duration-300 origin-top scale-y-0 block scale-y-100\">Despu\u00e9s de lavar el cabello con el Champ\u00fa Violet, aplicar la Mascarilla Violet y dejarla actuar durante 2 \u00f3 3 minutos. Aclarar con abundante agua, tanto el cabello como las manos y la piel expuesta.<\/div>\n<\/div>\n<\/div>","protected":false},"excerpt":{"rendered":"<p>150ml<\/p>","protected":false},"featured_media":7541,"comment_status":"closed","ping_status":"closed","template":"","meta":{"site-sidebar-layout":"default","site-content-layout":"","ast-site-content-layout":"default","site-content-style":"default","site-sidebar-style":"default","ast-global-header-display":"","ast-banner-title-visibility":"","ast-main-header-display":"","ast-hfb-above-header-display":"","ast-hfb-below-header-display":"","ast-hfb-mobile-header-display":"","site-post-title":"","ast-breadcrumbs-content":"","ast-featured-img":"","footer-sml-layout":"","ast-disable-related-posts":"","theme-transparent-header-meta":"default","adv-header-id-meta":"","stick-header-meta":"","header-above-stick-meta":"","header-main-stick-meta":"","header-below-stick-meta":"","astra-migrate-meta-layouts":"set","ast-page-background-enabled":"default","ast-page-background-meta":{"desktop":{"background-color":"","background-image":"","background-repeat":"repeat","background-position":"center center","background-size":"auto","background-attachment":"scroll","background-type":"","background-media":"","overlay-type":"","overlay-color":"","overlay-opacity":"","overlay-gradient":""},"tablet":{"background-color":"","background-image":"","background-repeat":"repeat","background-position":"center center","background-size":"auto","background-attachment":"scroll","background-type":"","background-media":"","overlay-type":"","overlay-color":"","overlay-opacity":"","overlay-gradient":""},"mobile":{"background-color":"","background-image":"","background-repeat":"repeat","background-position":"center center","background-size":"auto","background-attachment":"scroll","background-type":"","background-media":"","overlay-type":"","overlay-color":"","overlay-opacity":"","overlay-gradient":""}},"ast-content-background-meta":{"desktop":{"background-color":"var(--ast-global-color-5)","background-image":"","background-repeat":"repeat","background-position":"center center","background-size":"auto","background-attachment":"scroll","background-type":"","background-media":"","overlay-type":"","overlay-color":"","overlay-opacity":"","overlay-gradient":""},"tablet":{"background-color":"var(--ast-global-color-5)","background-image":"","background-repeat":"repeat","background-position":"center center","background-size":"auto","background-attachment":"scroll","background-type":"","background-media":"","overlay-type":"","overlay-color":"","overlay-opacity":"","overlay-gradient":""},"mobile":{"background-color":"var(--ast-global-color-5)","background-image":"","background-repeat":"repeat","background-position":"center center","background-size":"auto","background-attachment":"scroll","background-type":"","background-media":"","overlay-type":"","overlay-color":"","overlay-opacity":"","overlay-gradient":""}}},"product_cat":[57],"product_tag":[97],"class_list":{"0":"post-7540","1":"product","2":"type-product","3":"status-publish","4":"has-post-thumbnail","6":"product_cat-capilar","7":"product_tag-nelly","8":"desktop-align-left","9":"tablet-align-left","10":"mobile-align-left","12":"first","13":"instock","14":"shipping-taxable","15":"product-type-simple"},"_links":{"self":[{"href":"https:\/\/unicasa.co\/fr\/wp-json\/wp\/v2\/product\/7540"}],"collection":[{"href":"https:\/\/unicasa.co\/fr\/wp-json\/wp\/v2\/product"}],"about":[{"href":"https:\/\/unicasa.co\/fr\/wp-json\/wp\/v2\/types\/product"}],"replies":[{"embeddable":true,"href":"https:\/\/unicasa.co\/fr\/wp-json\/wp\/v2\/comments?post=7540"}],"version-history":[{"count":1,"href":"https:\/\/unicasa.co\/fr\/wp-json\/wp\/v2\/product\/7540\/revisions"}],"predecessor-version":[{"id":7544,"href":"https:\/\/unicasa.co\/fr\/wp-json\/wp\/v2\/product\/7540\/revisions\/7544"}],"wp:featuredmedia":[{"embeddable":true,"href":"https:\/\/unicasa.co\/fr\/wp-json\/wp\/v2\/media\/7541"}],"wp:attachment":[{"href":"https:\/\/unicasa.co\/fr\/wp-json\/wp\/v2\/media?parent=7540"}],"wp:term":[{"taxonomy":"product_cat","embeddable":true,"href":"https:\/\/unicasa.co\/fr\/wp-json\/wp\/v2\/product_cat?post=7540"},{"taxonomy":"product_tag","embeddable":true,"href":"https:\/\/unicasa.co\/fr\/wp-json\/wp\/v2\/product_tag?post=7540"}],"curies":[{"name":"wp","href":"https:\/\/api.w.org\/{rel}","templated":true}]}}