{"id":7529,"date":"2025-03-14T22:04:46","date_gmt":"2025-03-14T22:04:46","guid":{"rendered":"https:\/\/unicasa.co\/?post_type=product&#038;p=7529"},"modified":"2025-03-14T22:04:47","modified_gmt":"2025-03-14T22:04:47","slug":"mascarilla-curly-para-rizos-nelly","status":"publish","type":"product","link":"https:\/\/unicasa.co\/fr\/product\/mascarilla-curly-para-rizos-nelly\/","title":{"rendered":"Mascarilla Curly para Rizos Nelly"},"content":{"rendered":"<div class=\"relative border-t border-primaryMediumDark border-solid pt-5 pb-12 highlight-none\">\n<div class=\"flex\">\n<div class=\"w-1\/6 uppercase fs-product-h4\"><strong>Propiedades<\/strong><\/div>\n<div class=\"accordionProduct__Text-sc-fyen62-0 cafrrt overflow-hidden pr-20 m:pr-6 pl-c1 transition-transform transform duration-300 origin-top scale-y-0 block scale-y-100\">Mascarilla vegana intensiva que ayuda a reparar la fibra capilar gracias a su poder hidratante. Formulada con una combinaci\u00f3n de diferentes acondicionadores de origen natural que facilita el desenredo, aporta brillo y suavidad a la vez que reduce el frizz. Adem\u00e1s de extractos de lino y ch\u00eda, aceite de coco y keratina vegetal, contiene manteca de karit\u00e9.<\/div>\n<\/div>\n<\/div>\n<div class=\"relative border-t border-primaryMediumDark border-solid pt-5 pb-12 highlight-none\">\n<div class=\"flex\">\n<div class=\"w-1\/6 uppercase fs-product-h4\"><strong>Modo de empleo<\/strong><\/div>\n<div class=\"accordionProduct__Text-sc-fyen62-0 cafrrt overflow-hidden pr-20 m:pr-6 pl-c1 transition-transform transform duration-300 origin-top scale-y-0 block scale-y-100\">Se puede hacer Pre Poo (antes del champ\u00fa) o en mojado. Aplicar la mascarilla, en cabello seco o h\u00famedo, para hidratar el cabello en profundidad y desenredar. Dejar actuar entre 3-5 minutos y aclarar con abundante agua.<\/div>\n<\/div>\n<\/div>","protected":false},"excerpt":{"rendered":"<p>300ml<\/p>","protected":false},"featured_media":7536,"comment_status":"closed","ping_status":"closed","template":"","meta":{"site-sidebar-layout":"default","site-content-layout":"","ast-site-content-layout":"default","site-content-style":"default","site-sidebar-style":"default","ast-global-header-display":"","ast-banner-title-visibility":"","ast-main-header-display":"","ast-hfb-above-header-display":"","ast-hfb-below-header-display":"","ast-hfb-mobile-header-display":"","site-post-title":"","ast-breadcrumbs-content":"","ast-featured-img":"","footer-sml-layout":"","ast-disable-related-posts":"","theme-transparent-header-meta":"default","adv-header-id-meta":"","stick-header-meta":"","header-above-stick-meta":"","header-main-stick-meta":"","header-below-stick-meta":"","astra-migrate-meta-layouts":"set","ast-page-background-enabled":"default","ast-page-background-meta":{"desktop":{"background-color":"","background-image":"","background-repeat":"repeat","background-position":"center center","background-size":"auto","background-attachment":"scroll","background-type":"","background-media":"","overlay-type":"","overlay-color":"","overlay-opacity":"","overlay-gradient":""},"tablet":{"background-color":"","background-image":"","background-repeat":"repeat","background-position":"center center","background-size":"auto","background-attachment":"scroll","background-type":"","background-media":"","overlay-type":"","overlay-color":"","overlay-opacity":"","overlay-gradient":""},"mobile":{"background-color":"","background-image":"","background-repeat":"repeat","background-position":"center center","background-size":"auto","background-attachment":"scroll","background-type":"","background-media":"","overlay-type":"","overlay-color":"","overlay-opacity":"","overlay-gradient":""}},"ast-content-background-meta":{"desktop":{"background-color":"var(--ast-global-color-5)","background-image":"","background-repeat":"repeat","background-position":"center center","background-size":"auto","background-attachment":"scroll","background-type":"","background-media":"","overlay-type":"","overlay-color":"","overlay-opacity":"","overlay-gradient":""},"tablet":{"background-color":"var(--ast-global-color-5)","background-image":"","background-repeat":"repeat","background-position":"center center","background-size":"auto","background-attachment":"scroll","background-type":"","background-media":"","overlay-type":"","overlay-color":"","overlay-opacity":"","overlay-gradient":""},"mobile":{"background-color":"var(--ast-global-color-5)","background-image":"","background-repeat":"repeat","background-position":"center center","background-size":"auto","background-attachment":"scroll","background-type":"","background-media":"","overlay-type":"","overlay-color":"","overlay-opacity":"","overlay-gradient":""}}},"product_cat":[57],"product_tag":[97],"class_list":{"0":"post-7529","1":"product","2":"type-product","3":"status-publish","4":"has-post-thumbnail","6":"product_cat-capilar","7":"product_tag-nelly","8":"desktop-align-left","9":"tablet-align-left","10":"mobile-align-left","12":"first","13":"instock","14":"shipping-taxable","15":"product-type-simple"},"_links":{"self":[{"href":"https:\/\/unicasa.co\/fr\/wp-json\/wp\/v2\/product\/7529"}],"collection":[{"href":"https:\/\/unicasa.co\/fr\/wp-json\/wp\/v2\/product"}],"about":[{"href":"https:\/\/unicasa.co\/fr\/wp-json\/wp\/v2\/types\/product"}],"replies":[{"embeddable":true,"href":"https:\/\/unicasa.co\/fr\/wp-json\/wp\/v2\/comments?post=7529"}],"version-history":[{"count":1,"href":"https:\/\/unicasa.co\/fr\/wp-json\/wp\/v2\/product\/7529\/revisions"}],"predecessor-version":[{"id":7539,"href":"https:\/\/unicasa.co\/fr\/wp-json\/wp\/v2\/product\/7529\/revisions\/7539"}],"wp:featuredmedia":[{"embeddable":true,"href":"https:\/\/unicasa.co\/fr\/wp-json\/wp\/v2\/media\/7536"}],"wp:attachment":[{"href":"https:\/\/unicasa.co\/fr\/wp-json\/wp\/v2\/media?parent=7529"}],"wp:term":[{"taxonomy":"product_cat","embeddable":true,"href":"https:\/\/unicasa.co\/fr\/wp-json\/wp\/v2\/product_cat?post=7529"},{"taxonomy":"product_tag","embeddable":true,"href":"https:\/\/unicasa.co\/fr\/wp-json\/wp\/v2\/product_tag?post=7529"}],"curies":[{"name":"wp","href":"https:\/\/api.w.org\/{rel}","templated":true}]}}