{"id":7422,"date":"2025-01-18T10:13:21","date_gmt":"2025-01-18T10:13:21","guid":{"rendered":"https:\/\/unicasa.co\/?post_type=product&#038;p=7422"},"modified":"2025-01-18T10:13:21","modified_gmt":"2025-01-18T10:13:21","slug":"ambientador-gota-a-gota-sufflor","status":"publish","type":"product","link":"https:\/\/unicasa.co\/fr\/product\/ambientador-gota-a-gota-sufflor\/","title":{"rendered":"Ambientador Gota a Gota Sufflor"},"content":{"rendered":"<h3><strong>Un jard\u00edn interior<\/strong><\/h3>\n<p>\u00a1Siempre hay flores para aquellos que quieren olerlas! El ambientador gota a gota Sufflor de Agerul es el complemento arom\u00e1tico para una limpieza m\u00e1s agradable. Crea una sensaci\u00f3n de frescor suave y duradera que no pasa desapercibida en ninguna sala o habitaci\u00f3n. \u00a1Abre una ventana a un jard\u00edn en cada gota!<\/p>\n<p>Al ser superconcentrado, muy poco producto basta para que cada estancia se vuelva m\u00e1s agradable y arm\u00f3nica. Adem\u00e1s nuestro ambientador es capaz adem\u00e1s de desodorizar y eliminar cualquier mal olor en cuesti\u00f3n de segundos. Armarios, ba\u00f1os, cocinas, autom\u00f3viles, oficinas\u2026 \u00bfSab\u00edas que puede usarse tambi\u00e9n como relleno de ambientadores el\u00e9ctricos?<\/p>\n<p>Productos para una limpieza perfecta que ahorra esfuerzo, tiempo y dinero. \u00a1Es el efecto Agerul!<\/p>","protected":false},"excerpt":{"rendered":"<p>Un jard\u00edn interior \u00a1Siempre hay flores para aquellos que quieren olerlas! El ambientador gota a gota Sufflor de Agerul es el complemento arom\u00e1tico para una limpieza m\u00e1s agradable. Crea una sensaci\u00f3n de frescor suave y duradera que no pasa desapercibida en ninguna sala o habitaci\u00f3n. \u00a1Abre una ventana a un jard\u00edn en cada gota! Al [&hellip;]<\/p>","protected":false},"featured_media":7423,"comment_status":"closed","ping_status":"closed","template":"","meta":{"site-sidebar-layout":"default","site-content-layout":"","ast-site-content-layout":"default","site-content-style":"default","site-sidebar-style":"default","ast-global-header-display":"","ast-banner-title-visibility":"","ast-main-header-display":"","ast-hfb-above-header-display":"","ast-hfb-below-header-display":"","ast-hfb-mobile-header-display":"","site-post-title":"","ast-breadcrumbs-content":"","ast-featured-img":"","footer-sml-layout":"","ast-disable-related-posts":"","theme-transparent-header-meta":"default","adv-header-id-meta":"","stick-header-meta":"","header-above-stick-meta":"","header-main-stick-meta":"","header-below-stick-meta":"","astra-migrate-meta-layouts":"set","ast-page-background-enabled":"default","ast-page-background-meta":{"desktop":{"background-color":"","background-image":"","background-repeat":"repeat","background-position":"center center","background-size":"auto","background-attachment":"scroll","background-type":"","background-media":"","overlay-type":"","overlay-color":"","overlay-opacity":"","overlay-gradient":""},"tablet":{"background-color":"","background-image":"","background-repeat":"repeat","background-position":"center center","background-size":"auto","background-attachment":"scroll","background-type":"","background-media":"","overlay-type":"","overlay-color":"","overlay-opacity":"","overlay-gradient":""},"mobile":{"background-color":"","background-image":"","background-repeat":"repeat","background-position":"center center","background-size":"auto","background-attachment":"scroll","background-type":"","background-media":"","overlay-type":"","overlay-color":"","overlay-opacity":"","overlay-gradient":""}},"ast-content-background-meta":{"desktop":{"background-color":"var(--ast-global-color-5)","background-image":"","background-repeat":"repeat","background-position":"center center","background-size":"auto","background-attachment":"scroll","background-type":"","background-media":"","overlay-type":"","overlay-color":"","overlay-opacity":"","overlay-gradient":""},"tablet":{"background-color":"var(--ast-global-color-5)","background-image":"","background-repeat":"repeat","background-position":"center center","background-size":"auto","background-attachment":"scroll","background-type":"","background-media":"","overlay-type":"","overlay-color":"","overlay-opacity":"","overlay-gradient":""},"mobile":{"background-color":"var(--ast-global-color-5)","background-image":"","background-repeat":"repeat","background-position":"center center","background-size":"auto","background-attachment":"scroll","background-type":"","background-media":"","overlay-type":"","overlay-color":"","overlay-opacity":"","overlay-gradient":""}}},"product_cat":[135],"product_tag":[158],"class_list":{"0":"post-7422","1":"product","2":"type-product","3":"status-publish","4":"has-post-thumbnail","6":"product_cat-limpieza","7":"product_tag-agerul","8":"desktop-align-left","9":"tablet-align-left","10":"mobile-align-left","12":"first","13":"instock","14":"shipping-taxable","15":"purchasable","16":"product-type-simple"},"_links":{"self":[{"href":"https:\/\/unicasa.co\/fr\/wp-json\/wp\/v2\/product\/7422"}],"collection":[{"href":"https:\/\/unicasa.co\/fr\/wp-json\/wp\/v2\/product"}],"about":[{"href":"https:\/\/unicasa.co\/fr\/wp-json\/wp\/v2\/types\/product"}],"replies":[{"embeddable":true,"href":"https:\/\/unicasa.co\/fr\/wp-json\/wp\/v2\/comments?post=7422"}],"version-history":[{"count":1,"href":"https:\/\/unicasa.co\/fr\/wp-json\/wp\/v2\/product\/7422\/revisions"}],"predecessor-version":[{"id":7424,"href":"https:\/\/unicasa.co\/fr\/wp-json\/wp\/v2\/product\/7422\/revisions\/7424"}],"wp:featuredmedia":[{"embeddable":true,"href":"https:\/\/unicasa.co\/fr\/wp-json\/wp\/v2\/media\/7423"}],"wp:attachment":[{"href":"https:\/\/unicasa.co\/fr\/wp-json\/wp\/v2\/media?parent=7422"}],"wp:term":[{"taxonomy":"product_cat","embeddable":true,"href":"https:\/\/unicasa.co\/fr\/wp-json\/wp\/v2\/product_cat?post=7422"},{"taxonomy":"product_tag","embeddable":true,"href":"https:\/\/unicasa.co\/fr\/wp-json\/wp\/v2\/product_tag?post=7422"}],"curies":[{"name":"wp","href":"https:\/\/api.w.org\/{rel}","templated":true}]}}