{"id":7355,"date":"2025-01-10T08:40:14","date_gmt":"2025-01-10T08:40:14","guid":{"rendered":"https:\/\/unicasa.co\/?post_type=product&#038;p=7355"},"modified":"2025-01-10T08:57:56","modified_gmt":"2025-01-10T08:57:56","slug":"termo-stanley-18l","status":"publish","type":"product","link":"https:\/\/unicasa.co\/fr\/product\/termo-stanley-18l\/","title":{"rendered":"TERMO STANLEY 1,8L"},"content":{"rendered":"<p style=\"font-weight: 400;\">Con un dise\u00f1o moderno y nuevos colores exclusivos, es perfecto para acompa\u00f1arte en los diferentes momentos del d\u00eda, desde el ajetreo del trabajo hasta el tiempo libre, mantiene tus bebidas fr\u00edas por 11 horas y congeladas hasta 2 d\u00edas. El sistema de doble pared y sellado al vac\u00edo tambi\u00e9n permite mantener tus bebidas calientes hasta por 7 horas.<\/p>\n<p style=\"font-weight: 400;\"><b><strong>Detalles:<\/strong><\/b><\/p>\n<p style=\"font-weight: 400;\">Acero inoxidable 18\/8, libre de BPA.<\/p>\n<p style=\"font-weight: 400;\">Aislamiento al vac\u00edo de doble pared.<\/p>\n<p style=\"font-weight: 400;\">Bombilla resistente y reutilizable.<\/p>\n<p style=\"font-weight: 400;\">Compatible con portavasos del coche. (7,9 cm de di\u00e1metro)<\/p>\n<p style=\"font-weight: 400;\">Apto para el lavavajillas.<\/p>\n<p style=\"font-weight: 400;\">Tapa FlowState\u2122 con 3 posiciones.<\/p>\n<p style=\"font-weight: 400;\">Mango reforzado de c\u00f3modo agarre.<\/p>","protected":false},"excerpt":{"rendered":"<p>Con un dise\u00f1o moderno y nuevos colores exclusivos, es perfecto para acompa\u00f1arte en los diferentes momentos del d\u00eda, desde el ajetreo del trabajo hasta el tiempo libre, mantiene tus bebidas fr\u00edas por 11 horas y congeladas hasta 2 d\u00edas. El sistema de doble pared y sellado al vac\u00edo tambi\u00e9n permite mantener tus bebidas calientes hasta [&hellip;]<\/p>","protected":false},"featured_media":7356,"comment_status":"closed","ping_status":"closed","template":"","meta":{"site-sidebar-layout":"default","site-content-layout":"","ast-site-content-layout":"default","site-content-style":"default","site-sidebar-style":"default","ast-global-header-display":"","ast-banner-title-visibility":"","ast-main-header-display":"","ast-hfb-above-header-display":"","ast-hfb-below-header-display":"","ast-hfb-mobile-header-display":"","site-post-title":"","ast-breadcrumbs-content":"","ast-featured-img":"","footer-sml-layout":"","ast-disable-related-posts":"","theme-transparent-header-meta":"default","adv-header-id-meta":"","stick-header-meta":"","header-above-stick-meta":"","header-main-stick-meta":"","header-below-stick-meta":"","astra-migrate-meta-layouts":"set","ast-page-background-enabled":"default","ast-page-background-meta":{"desktop":{"background-color":"","background-image":"","background-repeat":"repeat","background-position":"center center","background-size":"auto","background-attachment":"scroll","background-type":"","background-media":"","overlay-type":"","overlay-color":"","overlay-opacity":"","overlay-gradient":""},"tablet":{"background-color":"","background-image":"","background-repeat":"repeat","background-position":"center center","background-size":"auto","background-attachment":"scroll","background-type":"","background-media":"","overlay-type":"","overlay-color":"","overlay-opacity":"","overlay-gradient":""},"mobile":{"background-color":"","background-image":"","background-repeat":"repeat","background-position":"center center","background-size":"auto","background-attachment":"scroll","background-type":"","background-media":"","overlay-type":"","overlay-color":"","overlay-opacity":"","overlay-gradient":""}},"ast-content-background-meta":{"desktop":{"background-color":"var(--ast-global-color-5)","background-image":"","background-repeat":"repeat","background-position":"center center","background-size":"auto","background-attachment":"scroll","background-type":"","background-media":"","overlay-type":"","overlay-color":"","overlay-opacity":"","overlay-gradient":""},"tablet":{"background-color":"var(--ast-global-color-5)","background-image":"","background-repeat":"repeat","background-position":"center center","background-size":"auto","background-attachment":"scroll","background-type":"","background-media":"","overlay-type":"","overlay-color":"","overlay-opacity":"","overlay-gradient":""},"mobile":{"background-color":"var(--ast-global-color-5)","background-image":"","background-repeat":"repeat","background-position":"center center","background-size":"auto","background-attachment":"scroll","background-type":"","background-media":"","overlay-type":"","overlay-color":"","overlay-opacity":"","overlay-gradient":""}}},"product_cat":[138],"product_tag":[],"class_list":{"0":"post-7355","1":"product","2":"type-product","3":"status-publish","4":"has-post-thumbnail","6":"product_cat-unipharm","7":"desktop-align-left","8":"tablet-align-left","9":"mobile-align-left","11":"first","12":"instock","13":"shipping-taxable","14":"purchasable","15":"product-type-variable"},"_links":{"self":[{"href":"https:\/\/unicasa.co\/fr\/wp-json\/wp\/v2\/product\/7355"}],"collection":[{"href":"https:\/\/unicasa.co\/fr\/wp-json\/wp\/v2\/product"}],"about":[{"href":"https:\/\/unicasa.co\/fr\/wp-json\/wp\/v2\/types\/product"}],"replies":[{"embeddable":true,"href":"https:\/\/unicasa.co\/fr\/wp-json\/wp\/v2\/comments?post=7355"}],"version-history":[{"count":1,"href":"https:\/\/unicasa.co\/fr\/wp-json\/wp\/v2\/product\/7355\/revisions"}],"predecessor-version":[{"id":7360,"href":"https:\/\/unicasa.co\/fr\/wp-json\/wp\/v2\/product\/7355\/revisions\/7360"}],"wp:featuredmedia":[{"embeddable":true,"href":"https:\/\/unicasa.co\/fr\/wp-json\/wp\/v2\/media\/7356"}],"wp:attachment":[{"href":"https:\/\/unicasa.co\/fr\/wp-json\/wp\/v2\/media?parent=7355"}],"wp:term":[{"taxonomy":"product_cat","embeddable":true,"href":"https:\/\/unicasa.co\/fr\/wp-json\/wp\/v2\/product_cat?post=7355"},{"taxonomy":"product_tag","embeddable":true,"href":"https:\/\/unicasa.co\/fr\/wp-json\/wp\/v2\/product_tag?post=7355"}],"curies":[{"name":"wp","href":"https:\/\/api.w.org\/{rel}","templated":true}]}}