{"id":7341,"date":"2025-01-10T08:09:15","date_gmt":"2025-01-10T08:09:15","guid":{"rendered":"https:\/\/unicasa.co\/?post_type=product&#038;p=7341"},"modified":"2025-01-10T08:10:04","modified_gmt":"2025-01-10T08:10:04","slug":"eucerin-locion-corporal-de-alivio-de-la-rugosidad-para-piel-extremadamente-seca-y-aspera-hidratante-corporal-enriquecido-con-urea","status":"publish","type":"product","link":"https:\/\/unicasa.co\/fr\/product\/eucerin-locion-corporal-de-alivio-de-la-rugosidad-para-piel-extremadamente-seca-y-aspera-hidratante-corporal-enriquecido-con-urea\/","title":{"rendered":"Eucerin Loci\u00f3n corporal de alivio de la rugosidad para piel extremadamente seca y \u00e1spera, hidratante corporal enriquecido con urea"},"content":{"rendered":"<h4 class=\"a-size-base-plus a-text-bold\">Sobre este art\u00edculo<\/h4>\n<ul class=\"a-unordered-list a-vertical a-spacing-mini\">\n<li class=\"a-spacing-mini\"><span class=\"a-list-item\">Piel suave \u00e1spera y gruesa: este humectante corporal proporciona 48 horas de hidrataci\u00f3n y ayuda a suavizar la piel \u00e1spera y con baches<\/span><\/li>\n<li class=\"a-spacing-mini\"><span class=\"a-list-item\">Loci\u00f3n corporal enriquecida: esta loci\u00f3n para la piel \u00e1spera y llena de baches est\u00e1 enriquecida con urea, ceramida-3 y factores hidratantes naturales<\/span><\/li>\n<li class=\"a-spacing-mini\"><span class=\"a-list-item\">LIBRE DE: La loci\u00f3n sin tinte y sin fragancia es segura de usar en pieles sensibles<\/span><\/li>\n<li class=\"a-spacing-mini\"><span class=\"a-list-item\">Pr\u00e1ctica botella de loci\u00f3n: la botella de bomba de loci\u00f3n corporal Eucerin hace que sea f\u00e1cil de bombear y aplicar en cualquier momento<\/span><\/li>\n<li class=\"a-spacing-mini\"><span class=\"a-list-item\">Incluye: una (1) botella de 16.9 onzas l\u00edquidas de loci\u00f3n corporal Eucerin Roughness, loci\u00f3n hidratante para pieles \u00e1speras y con baches<\/span><\/li>\n<\/ul>","protected":false},"excerpt":{"rendered":"<p>Botella de 16.9 onzas l\u00edquidas<\/p>","protected":false},"featured_media":7344,"comment_status":"closed","ping_status":"closed","template":"","meta":{"site-sidebar-layout":"default","site-content-layout":"","ast-site-content-layout":"default","site-content-style":"default","site-sidebar-style":"default","ast-global-header-display":"","ast-banner-title-visibility":"","ast-main-header-display":"","ast-hfb-above-header-display":"","ast-hfb-below-header-display":"","ast-hfb-mobile-header-display":"","site-post-title":"","ast-breadcrumbs-content":"","ast-featured-img":"","footer-sml-layout":"","ast-disable-related-posts":"","theme-transparent-header-meta":"default","adv-header-id-meta":"","stick-header-meta":"","header-above-stick-meta":"","header-main-stick-meta":"","header-below-stick-meta":"","astra-migrate-meta-layouts":"set","ast-page-background-enabled":"default","ast-page-background-meta":{"desktop":{"background-color":"","background-image":"","background-repeat":"repeat","background-position":"center center","background-size":"auto","background-attachment":"scroll","background-type":"","background-media":"","overlay-type":"","overlay-color":"","overlay-opacity":"","overlay-gradient":""},"tablet":{"background-color":"","background-image":"","background-repeat":"repeat","background-position":"center center","background-size":"auto","background-attachment":"scroll","background-type":"","background-media":"","overlay-type":"","overlay-color":"","overlay-opacity":"","overlay-gradient":""},"mobile":{"background-color":"","background-image":"","background-repeat":"repeat","background-position":"center center","background-size":"auto","background-attachment":"scroll","background-type":"","background-media":"","overlay-type":"","overlay-color":"","overlay-opacity":"","overlay-gradient":""}},"ast-content-background-meta":{"desktop":{"background-color":"var(--ast-global-color-5)","background-image":"","background-repeat":"repeat","background-position":"center center","background-size":"auto","background-attachment":"scroll","background-type":"","background-media":"","overlay-type":"","overlay-color":"","overlay-opacity":"","overlay-gradient":""},"tablet":{"background-color":"var(--ast-global-color-5)","background-image":"","background-repeat":"repeat","background-position":"center center","background-size":"auto","background-attachment":"scroll","background-type":"","background-media":"","overlay-type":"","overlay-color":"","overlay-opacity":"","overlay-gradient":""},"mobile":{"background-color":"var(--ast-global-color-5)","background-image":"","background-repeat":"repeat","background-position":"center center","background-size":"auto","background-attachment":"scroll","background-type":"","background-media":"","overlay-type":"","overlay-color":"","overlay-opacity":"","overlay-gradient":""}}},"product_cat":[60],"product_tag":[151],"class_list":{"0":"post-7341","1":"product","2":"type-product","3":"status-publish","4":"has-post-thumbnail","6":"product_cat-corporal","7":"product_tag-eucerin","8":"desktop-align-left","9":"tablet-align-left","10":"mobile-align-left","12":"first","13":"outofstock","14":"shipping-taxable","15":"purchasable","16":"product-type-simple"},"_links":{"self":[{"href":"https:\/\/unicasa.co\/fr\/wp-json\/wp\/v2\/product\/7341"}],"collection":[{"href":"https:\/\/unicasa.co\/fr\/wp-json\/wp\/v2\/product"}],"about":[{"href":"https:\/\/unicasa.co\/fr\/wp-json\/wp\/v2\/types\/product"}],"replies":[{"embeddable":true,"href":"https:\/\/unicasa.co\/fr\/wp-json\/wp\/v2\/comments?post=7341"}],"version-history":[{"count":2,"href":"https:\/\/unicasa.co\/fr\/wp-json\/wp\/v2\/product\/7341\/revisions"}],"predecessor-version":[{"id":7346,"href":"https:\/\/unicasa.co\/fr\/wp-json\/wp\/v2\/product\/7341\/revisions\/7346"}],"wp:featuredmedia":[{"embeddable":true,"href":"https:\/\/unicasa.co\/fr\/wp-json\/wp\/v2\/media\/7344"}],"wp:attachment":[{"href":"https:\/\/unicasa.co\/fr\/wp-json\/wp\/v2\/media?parent=7341"}],"wp:term":[{"taxonomy":"product_cat","embeddable":true,"href":"https:\/\/unicasa.co\/fr\/wp-json\/wp\/v2\/product_cat?post=7341"},{"taxonomy":"product_tag","embeddable":true,"href":"https:\/\/unicasa.co\/fr\/wp-json\/wp\/v2\/product_tag?post=7341"}],"curies":[{"name":"wp","href":"https:\/\/api.w.org\/{rel}","templated":true}]}}