{"id":7335,"date":"2024-12-04T18:32:33","date_gmt":"2024-12-04T18:32:33","guid":{"rendered":"https:\/\/unicasa.co\/?post_type=product&#038;p=7335"},"modified":"2024-12-04T18:32:33","modified_gmt":"2024-12-04T18:32:33","slug":"dove-crema-de-manos-cara-y-cuerpo-para-todo-tipo-de-piel-hidratacion-light-250ml","status":"publish","type":"product","link":"https:\/\/unicasa.co\/fr\/product\/dove-crema-de-manos-cara-y-cuerpo-para-todo-tipo-de-piel-hidratacion-light-250ml\/","title":{"rendered":"Dove Crema de manos, cara y cuerpo para todo tipo de piel Hidrataci\u00f3n Light 250ml"},"content":{"rendered":"<p>250ml<\/p>","protected":false},"excerpt":{"rendered":"<div class=\"productInfoItem product component-product-overview dove-v1 aem-GridColumn--phone--none aem-GridColumn--phone--12 aem-GridColumn aem-GridColumn--default--6 aem-GridColumn--offset--phone--0\">\n<div class=\"cmp-product-nutrients\">\n<div class=\"cmp-product-info-item\">\n<div class=\"container\">\n<div class=\"product-info-item-wrapper\">\n<div class=\"product-info-item-content\">\n<div class=\"product-info-item__item\" data-productinfo-value=\"##unilever:product-attributes\/retailerproductdata\/retailerProductDescription@@\">Dove One Cream Light es una crema maravillosamente refrescante, dise\u00f1ada espec\u00edficamente para la cara, manos y cuerpo. Est\u00e1 impregnada del S\u00e9rum Restaura Ceramidas, una mezcla \u00fanica de ingredientes que trabaja con tu cuerpo para crear ceramidas que refuerzan las funciones de barrera de tu piel en todo tu cuerpo. Esta crema hidratante para cara, manos y cuerpo para todo tipo de pieles es el complemento perfecto para tu rutina de cuidado dejando suave tu piel de la cara a los pies. Una piel radiante, fresca y suave: \u00bfqu\u00e9 mejor manera de cuidar de tu cuerpo? Esta crema multiusos hidrata sin dejar una sensaci\u00f3n grasa en la cara, manos y cuerpo ayudando a mejorar el aspecto y el tacto de tu piel con un uso regular. Esta crema se funde con la piel y proporciona una hidrataci\u00f3n de 24 horas, est\u00e1 testada dermatol\u00f3gicamente y puede usarse a diario. Este cuidado hidratante es incluso lo suficientemente ligero como para poder utilizarlo bajo el maquillaje. Para utilizarla, pon una cantidad generosa de crema en tus manos y masajea la f\u00f3rmula no grasa sobre tu piel. Puedes utilizar esta ligera crema multiusos en todo el cuerpo, para aportar un impulso de frescura e hidrataci\u00f3n a tu piel despu\u00e9s de la ducha. Dale a tu cuerpo el brillo y el amor que se merece con esta crema de r\u00e1pida absorci\u00f3n. Dove no testa en animales. La informaci\u00f3n que aparece en la p\u00e1gina web puede diferir de la informaci\u00f3n que aparece en el etiquetado del producto. Por favor verifica siempre el etiquetado del producto.<\/div>\n<\/div>\n<\/div>\n<\/div>\n<\/div>\n<\/div>\n<\/div>\n<div class=\"productInfoItem product trust-signal dove-v1 aem-GridColumn--phone--12 aem-GridColumn aem-GridColumn--default--6\">\n<div class=\"cmp-product-nutrients\">\n<div class=\"cmp-product-info-item\">\n<div class=\"container\">\n<div class=\"product-info-item-wrapper\">\n<div class=\"product-info-item-content\"><\/div>\n<\/div>\n<\/div>\n<\/div>\n<\/div>\n<\/div>","protected":false},"featured_media":7310,"comment_status":"closed","ping_status":"closed","template":"","meta":{"site-sidebar-layout":"default","site-content-layout":"","ast-site-content-layout":"default","site-content-style":"default","site-sidebar-style":"default","ast-global-header-display":"","ast-banner-title-visibility":"","ast-main-header-display":"","ast-hfb-above-header-display":"","ast-hfb-below-header-display":"","ast-hfb-mobile-header-display":"","site-post-title":"","ast-breadcrumbs-content":"","ast-featured-img":"","footer-sml-layout":"","ast-disable-related-posts":"","theme-transparent-header-meta":"default","adv-header-id-meta":"","stick-header-meta":"","header-above-stick-meta":"","header-main-stick-meta":"","header-below-stick-meta":"","astra-migrate-meta-layouts":"set","ast-page-background-enabled":"default","ast-page-background-meta":{"desktop":{"background-color":"","background-image":"","background-repeat":"repeat","background-position":"center center","background-size":"auto","background-attachment":"scroll","background-type":"","background-media":"","overlay-type":"","overlay-color":"","overlay-opacity":"","overlay-gradient":""},"tablet":{"background-color":"","background-image":"","background-repeat":"repeat","background-position":"center center","background-size":"auto","background-attachment":"scroll","background-type":"","background-media":"","overlay-type":"","overlay-color":"","overlay-opacity":"","overlay-gradient":""},"mobile":{"background-color":"","background-image":"","background-repeat":"repeat","background-position":"center center","background-size":"auto","background-attachment":"scroll","background-type":"","background-media":"","overlay-type":"","overlay-color":"","overlay-opacity":"","overlay-gradient":""}},"ast-content-background-meta":{"desktop":{"background-color":"var(--ast-global-color-5)","background-image":"","background-repeat":"repeat","background-position":"center center","background-size":"auto","background-attachment":"scroll","background-type":"","background-media":"","overlay-type":"","overlay-color":"","overlay-opacity":"","overlay-gradient":""},"tablet":{"background-color":"var(--ast-global-color-5)","background-image":"","background-repeat":"repeat","background-position":"center center","background-size":"auto","background-attachment":"scroll","background-type":"","background-media":"","overlay-type":"","overlay-color":"","overlay-opacity":"","overlay-gradient":""},"mobile":{"background-color":"var(--ast-global-color-5)","background-image":"","background-repeat":"repeat","background-position":"center center","background-size":"auto","background-attachment":"scroll","background-type":"","background-media":"","overlay-type":"","overlay-color":"","overlay-opacity":"","overlay-gradient":""}}},"product_cat":[60,59],"product_tag":[142],"class_list":{"0":"post-7335","1":"product","2":"type-product","3":"status-publish","4":"has-post-thumbnail","6":"product_cat-corporal","7":"product_cat-personal","8":"product_tag-dove","9":"desktop-align-left","10":"tablet-align-left","11":"mobile-align-left","13":"first","14":"instock","15":"shipping-taxable","16":"product-type-simple"},"_links":{"self":[{"href":"https:\/\/unicasa.co\/fr\/wp-json\/wp\/v2\/product\/7335"}],"collection":[{"href":"https:\/\/unicasa.co\/fr\/wp-json\/wp\/v2\/product"}],"about":[{"href":"https:\/\/unicasa.co\/fr\/wp-json\/wp\/v2\/types\/product"}],"replies":[{"embeddable":true,"href":"https:\/\/unicasa.co\/fr\/wp-json\/wp\/v2\/comments?post=7335"}],"version-history":[{"count":1,"href":"https:\/\/unicasa.co\/fr\/wp-json\/wp\/v2\/product\/7335\/revisions"}],"predecessor-version":[{"id":7336,"href":"https:\/\/unicasa.co\/fr\/wp-json\/wp\/v2\/product\/7335\/revisions\/7336"}],"wp:featuredmedia":[{"embeddable":true,"href":"https:\/\/unicasa.co\/fr\/wp-json\/wp\/v2\/media\/7310"}],"wp:attachment":[{"href":"https:\/\/unicasa.co\/fr\/wp-json\/wp\/v2\/media?parent=7335"}],"wp:term":[{"taxonomy":"product_cat","embeddable":true,"href":"https:\/\/unicasa.co\/fr\/wp-json\/wp\/v2\/product_cat?post=7335"},{"taxonomy":"product_tag","embeddable":true,"href":"https:\/\/unicasa.co\/fr\/wp-json\/wp\/v2\/product_tag?post=7335"}],"curies":[{"name":"wp","href":"https:\/\/api.w.org\/{rel}","templated":true}]}}