{"id":7333,"date":"2024-12-04T18:29:20","date_gmt":"2024-12-04T18:29:20","guid":{"rendered":"https:\/\/unicasa.co\/?post_type=product&#038;p=7333"},"modified":"2024-12-04T18:29:20","modified_gmt":"2024-12-04T18:29:20","slug":"dove-crema-de-manos-cara-y-cuerpo-para-piel-seca-nourishing-250ml","status":"publish","type":"product","link":"https:\/\/unicasa.co\/fr\/product\/dove-crema-de-manos-cara-y-cuerpo-para-piel-seca-nourishing-250ml\/","title":{"rendered":"Dove Crema de manos, cara y cuerpo para piel seca Nourishing 250ml"},"content":{"rendered":"<p>250ml<\/p>","protected":false},"excerpt":{"rendered":"<p>Dove One Cream Nourishing es una crema multiusos maravillosamente refrescante, dise\u00f1ada espec\u00edficamente para la cara, manos y cuerpo. Est\u00e1 impregnada del S\u00e9rum Restaura Ceramidas, una mezcla \u00fanica de ingredientes que trabaja con tu cuerpo para crear ceramidas que refuerzan las funciones de barrera de tu piel en todo tu cuerpo. Esta crema hidratante para cara, manos y cuerpo para piel seca es el complemento perfecto para tu rutina de cuidado de la piel de arriba a abajo. Una piel suave y flexible en todo el cuerpo: \u00bfqu\u00e9 mejor manera de cuidar de tu cuerpo? Utiliza esta crema multiusos en la cara, manos y cuerpo para mejorar el aspecto y el tacto de la piel seca con un uso regular. Con una hidrataci\u00f3n de hasta 48 horas, probada dermatol\u00f3gicamente, apta para piel seca y para el uso diario. Para utilizarla, pon una cantidad generosa de crema en tus manos y masajea la rica f\u00f3rmula sobre tu piel. Esta crema multiusos puede utilizarse en todo el cuerpo y es perfecta para hidratar a las zonas de la piel m\u00e1s secas, como la cara, las piernas y las rodillas. Mundialmente Dove no testa en animales. La informaci\u00f3n que aparece en la p\u00e1gina web puede diferir de la informaci\u00f3n que aparece en el etiquetado del producto. Por favor verifica siempre el etiquetado del producto.<\/p>","protected":false},"featured_media":7311,"comment_status":"closed","ping_status":"closed","template":"","meta":{"site-sidebar-layout":"default","site-content-layout":"","ast-site-content-layout":"default","site-content-style":"default","site-sidebar-style":"default","ast-global-header-display":"","ast-banner-title-visibility":"","ast-main-header-display":"","ast-hfb-above-header-display":"","ast-hfb-below-header-display":"","ast-hfb-mobile-header-display":"","site-post-title":"","ast-breadcrumbs-content":"","ast-featured-img":"","footer-sml-layout":"","ast-disable-related-posts":"","theme-transparent-header-meta":"default","adv-header-id-meta":"","stick-header-meta":"","header-above-stick-meta":"","header-main-stick-meta":"","header-below-stick-meta":"","astra-migrate-meta-layouts":"set","ast-page-background-enabled":"default","ast-page-background-meta":{"desktop":{"background-color":"","background-image":"","background-repeat":"repeat","background-position":"center center","background-size":"auto","background-attachment":"scroll","background-type":"","background-media":"","overlay-type":"","overlay-color":"","overlay-opacity":"","overlay-gradient":""},"tablet":{"background-color":"","background-image":"","background-repeat":"repeat","background-position":"center center","background-size":"auto","background-attachment":"scroll","background-type":"","background-media":"","overlay-type":"","overlay-color":"","overlay-opacity":"","overlay-gradient":""},"mobile":{"background-color":"","background-image":"","background-repeat":"repeat","background-position":"center center","background-size":"auto","background-attachment":"scroll","background-type":"","background-media":"","overlay-type":"","overlay-color":"","overlay-opacity":"","overlay-gradient":""}},"ast-content-background-meta":{"desktop":{"background-color":"var(--ast-global-color-5)","background-image":"","background-repeat":"repeat","background-position":"center center","background-size":"auto","background-attachment":"scroll","background-type":"","background-media":"","overlay-type":"","overlay-color":"","overlay-opacity":"","overlay-gradient":""},"tablet":{"background-color":"var(--ast-global-color-5)","background-image":"","background-repeat":"repeat","background-position":"center center","background-size":"auto","background-attachment":"scroll","background-type":"","background-media":"","overlay-type":"","overlay-color":"","overlay-opacity":"","overlay-gradient":""},"mobile":{"background-color":"var(--ast-global-color-5)","background-image":"","background-repeat":"repeat","background-position":"center center","background-size":"auto","background-attachment":"scroll","background-type":"","background-media":"","overlay-type":"","overlay-color":"","overlay-opacity":"","overlay-gradient":""}}},"product_cat":[60,59],"product_tag":[142],"class_list":{"0":"post-7333","1":"product","2":"type-product","3":"status-publish","4":"has-post-thumbnail","6":"product_cat-corporal","7":"product_cat-personal","8":"product_tag-dove","9":"desktop-align-left","10":"tablet-align-left","11":"mobile-align-left","13":"first","14":"instock","15":"shipping-taxable","16":"product-type-simple"},"_links":{"self":[{"href":"https:\/\/unicasa.co\/fr\/wp-json\/wp\/v2\/product\/7333"}],"collection":[{"href":"https:\/\/unicasa.co\/fr\/wp-json\/wp\/v2\/product"}],"about":[{"href":"https:\/\/unicasa.co\/fr\/wp-json\/wp\/v2\/types\/product"}],"replies":[{"embeddable":true,"href":"https:\/\/unicasa.co\/fr\/wp-json\/wp\/v2\/comments?post=7333"}],"version-history":[{"count":1,"href":"https:\/\/unicasa.co\/fr\/wp-json\/wp\/v2\/product\/7333\/revisions"}],"predecessor-version":[{"id":7334,"href":"https:\/\/unicasa.co\/fr\/wp-json\/wp\/v2\/product\/7333\/revisions\/7334"}],"wp:featuredmedia":[{"embeddable":true,"href":"https:\/\/unicasa.co\/fr\/wp-json\/wp\/v2\/media\/7311"}],"wp:attachment":[{"href":"https:\/\/unicasa.co\/fr\/wp-json\/wp\/v2\/media?parent=7333"}],"wp:term":[{"taxonomy":"product_cat","embeddable":true,"href":"https:\/\/unicasa.co\/fr\/wp-json\/wp\/v2\/product_cat?post=7333"},{"taxonomy":"product_tag","embeddable":true,"href":"https:\/\/unicasa.co\/fr\/wp-json\/wp\/v2\/product_tag?post=7333"}],"curies":[{"name":"wp","href":"https:\/\/api.w.org\/{rel}","templated":true}]}}