{"id":7331,"date":"2024-12-04T18:27:28","date_gmt":"2024-12-04T18:27:28","guid":{"rendered":"https:\/\/unicasa.co\/?post_type=product&#038;p=7331"},"modified":"2024-12-04T18:27:29","modified_gmt":"2024-12-04T18:27:29","slug":"desodorante-dove-antitranspirante-crema-original-2","status":"publish","type":"product","link":"https:\/\/unicasa.co\/fr\/product\/desodorante-dove-antitranspirante-crema-original-2\/","title":{"rendered":"Desodorante Dove Antitranspirante Crema Original"},"content":{"rendered":"<p>50ml<\/p>","protected":false},"excerpt":{"rendered":"<p>El desodorante en crema antitranspirante Dove Original protege tus axilas durante 24 horas proporcionando un cuidado superior a la vez que cuida tu piel. Su f\u00f3rmula est\u00e1 enriquecida con 1\/4 de crema hidratante y aceite nutritivo 100% natural. Adem\u00e1s, posee ingredientes como el Omega 6 y el Glicerol, que son especiales para el cuidado de la piel. Asimismo, el antitranspirante de Dove es id\u00f3neo para pieles sensibles ya que ayuda a reparar la piel de la irritaci\u00f3n, incluso despu\u00e9s del depilado. Su f\u00f3rmula no contiene alcohol y est\u00e1 dermatol\u00f3gicamente testada. El desodorante antitranspirante en crema Dove Original te ayuda a sentirte limpia todo el d\u00eda. Por \u00faltimo, el desodorante en crema antitranspirante Dove Original tiene el certificado PETA. Dove no testa en animales en ning\u00fan lugar del mundo. Para obtener un resultado \u00f3ptimo, aplicar sobre piel limpia y seca de las axilas. Usar a diario despu\u00e9s de la ducha o ba\u00f1o para disfrutar de una piel m\u00e1s suave en las axilas. Para conservar el desodorante debes mantenerlo en un lugar fresco y seco. La informaci\u00f3n que aparece en la p\u00e1gina web puede diferir de la informaci\u00f3n que aparece en el etiquetado del producto. Por favor verifica siempre el etiquetado del producto.<\/p>","protected":false},"featured_media":7312,"comment_status":"closed","ping_status":"closed","template":"","meta":{"site-sidebar-layout":"default","site-content-layout":"","ast-site-content-layout":"default","site-content-style":"default","site-sidebar-style":"default","ast-global-header-display":"","ast-banner-title-visibility":"","ast-main-header-display":"","ast-hfb-above-header-display":"","ast-hfb-below-header-display":"","ast-hfb-mobile-header-display":"","site-post-title":"","ast-breadcrumbs-content":"","ast-featured-img":"","footer-sml-layout":"","ast-disable-related-posts":"","theme-transparent-header-meta":"default","adv-header-id-meta":"","stick-header-meta":"","header-above-stick-meta":"","header-main-stick-meta":"","header-below-stick-meta":"","astra-migrate-meta-layouts":"set","ast-page-background-enabled":"default","ast-page-background-meta":{"desktop":{"background-color":"","background-image":"","background-repeat":"repeat","background-position":"center center","background-size":"auto","background-attachment":"scroll","background-type":"","background-media":"","overlay-type":"","overlay-color":"","overlay-opacity":"","overlay-gradient":""},"tablet":{"background-color":"","background-image":"","background-repeat":"repeat","background-position":"center center","background-size":"auto","background-attachment":"scroll","background-type":"","background-media":"","overlay-type":"","overlay-color":"","overlay-opacity":"","overlay-gradient":""},"mobile":{"background-color":"","background-image":"","background-repeat":"repeat","background-position":"center center","background-size":"auto","background-attachment":"scroll","background-type":"","background-media":"","overlay-type":"","overlay-color":"","overlay-opacity":"","overlay-gradient":""}},"ast-content-background-meta":{"desktop":{"background-color":"var(--ast-global-color-5)","background-image":"","background-repeat":"repeat","background-position":"center center","background-size":"auto","background-attachment":"scroll","background-type":"","background-media":"","overlay-type":"","overlay-color":"","overlay-opacity":"","overlay-gradient":""},"tablet":{"background-color":"var(--ast-global-color-5)","background-image":"","background-repeat":"repeat","background-position":"center center","background-size":"auto","background-attachment":"scroll","background-type":"","background-media":"","overlay-type":"","overlay-color":"","overlay-opacity":"","overlay-gradient":""},"mobile":{"background-color":"var(--ast-global-color-5)","background-image":"","background-repeat":"repeat","background-position":"center center","background-size":"auto","background-attachment":"scroll","background-type":"","background-media":"","overlay-type":"","overlay-color":"","overlay-opacity":"","overlay-gradient":""}}},"product_cat":[59],"product_tag":[142],"class_list":{"0":"post-7331","1":"product","2":"type-product","3":"status-publish","4":"has-post-thumbnail","6":"product_cat-personal","7":"product_tag-dove","8":"desktop-align-left","9":"tablet-align-left","10":"mobile-align-left","12":"first","13":"instock","14":"shipping-taxable","15":"product-type-simple"},"_links":{"self":[{"href":"https:\/\/unicasa.co\/fr\/wp-json\/wp\/v2\/product\/7331"}],"collection":[{"href":"https:\/\/unicasa.co\/fr\/wp-json\/wp\/v2\/product"}],"about":[{"href":"https:\/\/unicasa.co\/fr\/wp-json\/wp\/v2\/types\/product"}],"replies":[{"embeddable":true,"href":"https:\/\/unicasa.co\/fr\/wp-json\/wp\/v2\/comments?post=7331"}],"version-history":[{"count":1,"href":"https:\/\/unicasa.co\/fr\/wp-json\/wp\/v2\/product\/7331\/revisions"}],"predecessor-version":[{"id":7332,"href":"https:\/\/unicasa.co\/fr\/wp-json\/wp\/v2\/product\/7331\/revisions\/7332"}],"wp:featuredmedia":[{"embeddable":true,"href":"https:\/\/unicasa.co\/fr\/wp-json\/wp\/v2\/media\/7312"}],"wp:attachment":[{"href":"https:\/\/unicasa.co\/fr\/wp-json\/wp\/v2\/media?parent=7331"}],"wp:term":[{"taxonomy":"product_cat","embeddable":true,"href":"https:\/\/unicasa.co\/fr\/wp-json\/wp\/v2\/product_cat?post=7331"},{"taxonomy":"product_tag","embeddable":true,"href":"https:\/\/unicasa.co\/fr\/wp-json\/wp\/v2\/product_tag?post=7331"}],"curies":[{"name":"wp","href":"https:\/\/api.w.org\/{rel}","templated":true}]}}