{"id":7322,"date":"2024-12-04T18:15:02","date_gmt":"2024-12-04T18:15:02","guid":{"rendered":"https:\/\/unicasa.co\/?post_type=product&#038;p=7322"},"modified":"2025-01-21T10:23:05","modified_gmt":"2025-01-21T10:23:05","slug":"dove-desodorante-antitranspirante-aerosol-original","status":"publish","type":"product","link":"https:\/\/unicasa.co\/fr\/product\/dove-desodorante-antitranspirante-aerosol-original\/","title":{"rendered":"Dove Desodorante Antitranspirante Aerosol Original"},"content":{"rendered":"<p>35ml<\/p>","protected":false},"excerpt":{"rendered":"<div class=\"productInfoItem product component-product-overview dove-v1 aem-GridColumn--phone--none aem-GridColumn--phone--12 aem-GridColumn aem-GridColumn--default--6 aem-GridColumn--offset--phone--0\">\n<div class=\"cmp-product-nutrients\">\n<div class=\"cmp-product-info-item\">\n<div class=\"container\">\n<div class=\"product-info-item-wrapper\">\n<div class=\"product-info-item-content\">\n<div class=\"product-info-item__item\" data-productinfo-value=\"##unilever:product-attributes\/retailerproductdata\/retailerProductDescription@@\">El desodorante Antitranspirante en spray Dove Advanced Care Original protege tus axilas durante 72 horas proporcionando un cuidado superior a la vez que cuida tu piel. Est\u00e1 enriquecido con nuestra f\u00f3rmula Advanced Care a la vez que con nuestra Tecnolog\u00eda Triple Hidratante, la cual hidrata la piel para proporcionar los beneficios ultra hidratantes de un producto experto de cuidado de la piel. Asimismo, el desodorante mujer Antitranspirante en spray Dove Advanced Care Original es id\u00f3neo para pieles sensibles, ya que ayuda a reparar la piel de la irritaci\u00f3n, incluso despu\u00e9s del depilado. Su f\u00f3rmula no contiene alcohol y est\u00e1 dermatol\u00f3gicamente testada. El desodorante Antitranspirante en spray Dove Advanced Care Original te ayuda a sentirte limpia durante todo el d\u00eda. Por \u00faltimo, el desodorante Antitranspirante en spray Dove Advanced Care Original tiene el certificado PETA. Dove no testa en animales en ning\u00fan lugar del mundo. Para obtener un resultado \u00f3ptimo, agita bien antes de usar. Vaporizar desodorante Antitranspirante en spray Dove Advanced Care Original manteniendo el aerosol a 15 cm de la axila. Luego, disfruta de sus 72 horas de protecci\u00f3n. Para conservar el producto adecuadamente, debe mantenerse en un lugar fresco y seco. La informaci\u00f3n que aparece en la p\u00e1gina web puede diferir de la informaci\u00f3n que aparece en el etiquetado del producto. Por favor verifica siempre el etiquetado del producto.<\/div>\n<\/div>\n<\/div>\n<\/div>\n<\/div>\n<\/div>\n<\/div>\n<div class=\"productInfoItem product trust-signal dove-v1 aem-GridColumn--phone--12 aem-GridColumn aem-GridColumn--default--6\">\n<div class=\"cmp-product-nutrients\">\n<div class=\"cmp-product-info-item\">\n<div class=\"container\">\n<div class=\"product-info-item-wrapper\">\n<div class=\"product-info-item-content\"><\/div>\n<\/div>\n<\/div>\n<\/div>\n<\/div>\n<\/div>","protected":false},"featured_media":7316,"comment_status":"closed","ping_status":"closed","template":"","meta":{"site-sidebar-layout":"default","site-content-layout":"","ast-site-content-layout":"default","site-content-style":"default","site-sidebar-style":"default","ast-global-header-display":"","ast-banner-title-visibility":"","ast-main-header-display":"","ast-hfb-above-header-display":"","ast-hfb-below-header-display":"","ast-hfb-mobile-header-display":"","site-post-title":"","ast-breadcrumbs-content":"","ast-featured-img":"","footer-sml-layout":"","ast-disable-related-posts":"","theme-transparent-header-meta":"default","adv-header-id-meta":"","stick-header-meta":"","header-above-stick-meta":"","header-main-stick-meta":"","header-below-stick-meta":"","astra-migrate-meta-layouts":"set","ast-page-background-enabled":"default","ast-page-background-meta":{"desktop":{"background-color":"","background-image":"","background-repeat":"repeat","background-position":"center center","background-size":"auto","background-attachment":"scroll","background-type":"","background-media":"","overlay-type":"","overlay-color":"","overlay-opacity":"","overlay-gradient":""},"tablet":{"background-color":"","background-image":"","background-repeat":"repeat","background-position":"center center","background-size":"auto","background-attachment":"scroll","background-type":"","background-media":"","overlay-type":"","overlay-color":"","overlay-opacity":"","overlay-gradient":""},"mobile":{"background-color":"","background-image":"","background-repeat":"repeat","background-position":"center center","background-size":"auto","background-attachment":"scroll","background-type":"","background-media":"","overlay-type":"","overlay-color":"","overlay-opacity":"","overlay-gradient":""}},"ast-content-background-meta":{"desktop":{"background-color":"var(--ast-global-color-5)","background-image":"","background-repeat":"repeat","background-position":"center center","background-size":"auto","background-attachment":"scroll","background-type":"","background-media":"","overlay-type":"","overlay-color":"","overlay-opacity":"","overlay-gradient":""},"tablet":{"background-color":"var(--ast-global-color-5)","background-image":"","background-repeat":"repeat","background-position":"center center","background-size":"auto","background-attachment":"scroll","background-type":"","background-media":"","overlay-type":"","overlay-color":"","overlay-opacity":"","overlay-gradient":""},"mobile":{"background-color":"var(--ast-global-color-5)","background-image":"","background-repeat":"repeat","background-position":"center center","background-size":"auto","background-attachment":"scroll","background-type":"","background-media":"","overlay-type":"","overlay-color":"","overlay-opacity":"","overlay-gradient":""}}},"product_cat":[59],"product_tag":[142],"class_list":{"0":"post-7322","1":"product","2":"type-product","3":"status-publish","4":"has-post-thumbnail","6":"product_cat-personal","7":"product_tag-dove","8":"desktop-align-left","9":"tablet-align-left","10":"mobile-align-left","12":"first","13":"instock","14":"shipping-taxable","15":"purchasable","16":"product-type-simple"},"_links":{"self":[{"href":"https:\/\/unicasa.co\/fr\/wp-json\/wp\/v2\/product\/7322"}],"collection":[{"href":"https:\/\/unicasa.co\/fr\/wp-json\/wp\/v2\/product"}],"about":[{"href":"https:\/\/unicasa.co\/fr\/wp-json\/wp\/v2\/types\/product"}],"replies":[{"embeddable":true,"href":"https:\/\/unicasa.co\/fr\/wp-json\/wp\/v2\/comments?post=7322"}],"version-history":[{"count":2,"href":"https:\/\/unicasa.co\/fr\/wp-json\/wp\/v2\/product\/7322\/revisions"}],"predecessor-version":[{"id":7454,"href":"https:\/\/unicasa.co\/fr\/wp-json\/wp\/v2\/product\/7322\/revisions\/7454"}],"wp:featuredmedia":[{"embeddable":true,"href":"https:\/\/unicasa.co\/fr\/wp-json\/wp\/v2\/media\/7316"}],"wp:attachment":[{"href":"https:\/\/unicasa.co\/fr\/wp-json\/wp\/v2\/media?parent=7322"}],"wp:term":[{"taxonomy":"product_cat","embeddable":true,"href":"https:\/\/unicasa.co\/fr\/wp-json\/wp\/v2\/product_cat?post=7322"},{"taxonomy":"product_tag","embeddable":true,"href":"https:\/\/unicasa.co\/fr\/wp-json\/wp\/v2\/product_tag?post=7322"}],"curies":[{"name":"wp","href":"https:\/\/api.w.org\/{rel}","templated":true}]}}