{"id":7289,"date":"2024-12-02T21:30:59","date_gmt":"2024-12-02T21:30:59","guid":{"rendered":"https:\/\/unicasa.co\/?post_type=product&#038;p=7289"},"modified":"2025-01-21T10:18:52","modified_gmt":"2025-01-21T10:18:52","slug":"gel-suave-instituto-espanol-1250-ml","status":"publish","type":"product","link":"https:\/\/unicasa.co\/fr\/product\/gel-suave-instituto-espanol-1250-ml\/","title":{"rendered":"Gel Suave Instituto Espa\u00f1ol 1250 ml."},"content":{"rendered":"<p>Envase 1250 ml<\/p>","protected":false},"excerpt":{"rendered":"<p>El Gel Suave de Instituto Espa\u00f1ol, para toda la familia, dejar\u00e1 tu piel sedosa durante horas aportando una suavidad extrema a tu piel.<\/p>\n<p>Su fragancia atalcada es inconfundible y duradera, aportando una sensaci\u00f3n de bienestar \u00fanica tras su aplicaci\u00f3n. Su f\u00f3rmula exclusiva ha sido dise\u00f1ada con sumo cuidado para lograr la m\u00e1xima hidrataci\u00f3n de la piel. Su espuma cremosa es ideal para empezar o terminar el d\u00eda con una limpieza profunda, mientras nutre y ayuda a lograr una piel suave, sana y protegida.<\/p>\n<p>Su f\u00f3rmula con 0% parabenos puede aplicarse en todo el cuerpo. Es apta para veganos, y su envase 100% reciclable est\u00e1 fabricado con un 30% de pl\u00e1stico recuperado.<\/p>\n<p>Su aplicaci\u00f3n es una aut\u00e9ntica experiencia diferenciadora, en la que el gel se desliza delicadamente por la piel con una agradable fragancia atalcada.<\/p>","protected":false},"featured_media":7278,"comment_status":"closed","ping_status":"closed","template":"","meta":{"site-sidebar-layout":"default","site-content-layout":"","ast-site-content-layout":"default","site-content-style":"default","site-sidebar-style":"default","ast-global-header-display":"","ast-banner-title-visibility":"","ast-main-header-display":"","ast-hfb-above-header-display":"","ast-hfb-below-header-display":"","ast-hfb-mobile-header-display":"","site-post-title":"","ast-breadcrumbs-content":"","ast-featured-img":"","footer-sml-layout":"","ast-disable-related-posts":"","theme-transparent-header-meta":"default","adv-header-id-meta":"","stick-header-meta":"","header-above-stick-meta":"","header-main-stick-meta":"","header-below-stick-meta":"","astra-migrate-meta-layouts":"set","ast-page-background-enabled":"default","ast-page-background-meta":{"desktop":{"background-color":"","background-image":"","background-repeat":"repeat","background-position":"center center","background-size":"auto","background-attachment":"scroll","background-type":"","background-media":"","overlay-type":"","overlay-color":"","overlay-opacity":"","overlay-gradient":""},"tablet":{"background-color":"","background-image":"","background-repeat":"repeat","background-position":"center center","background-size":"auto","background-attachment":"scroll","background-type":"","background-media":"","overlay-type":"","overlay-color":"","overlay-opacity":"","overlay-gradient":""},"mobile":{"background-color":"","background-image":"","background-repeat":"repeat","background-position":"center center","background-size":"auto","background-attachment":"scroll","background-type":"","background-media":"","overlay-type":"","overlay-color":"","overlay-opacity":"","overlay-gradient":""}},"ast-content-background-meta":{"desktop":{"background-color":"var(--ast-global-color-5)","background-image":"","background-repeat":"repeat","background-position":"center center","background-size":"auto","background-attachment":"scroll","background-type":"","background-media":"","overlay-type":"","overlay-color":"","overlay-opacity":"","overlay-gradient":""},"tablet":{"background-color":"var(--ast-global-color-5)","background-image":"","background-repeat":"repeat","background-position":"center center","background-size":"auto","background-attachment":"scroll","background-type":"","background-media":"","overlay-type":"","overlay-color":"","overlay-opacity":"","overlay-gradient":""},"mobile":{"background-color":"var(--ast-global-color-5)","background-image":"","background-repeat":"repeat","background-position":"center center","background-size":"auto","background-attachment":"scroll","background-type":"","background-media":"","overlay-type":"","overlay-color":"","overlay-opacity":"","overlay-gradient":""}}},"product_cat":[60,59],"product_tag":[110],"class_list":{"0":"post-7289","1":"product","2":"type-product","3":"status-publish","4":"has-post-thumbnail","6":"product_cat-corporal","7":"product_cat-personal","8":"product_tag-instituto-espanol","9":"desktop-align-left","10":"tablet-align-left","11":"mobile-align-left","13":"first","14":"instock","15":"shipping-taxable","16":"purchasable","17":"product-type-simple"},"_links":{"self":[{"href":"https:\/\/unicasa.co\/fr\/wp-json\/wp\/v2\/product\/7289"}],"collection":[{"href":"https:\/\/unicasa.co\/fr\/wp-json\/wp\/v2\/product"}],"about":[{"href":"https:\/\/unicasa.co\/fr\/wp-json\/wp\/v2\/types\/product"}],"replies":[{"embeddable":true,"href":"https:\/\/unicasa.co\/fr\/wp-json\/wp\/v2\/comments?post=7289"}],"version-history":[{"count":1,"href":"https:\/\/unicasa.co\/fr\/wp-json\/wp\/v2\/product\/7289\/revisions"}],"predecessor-version":[{"id":7290,"href":"https:\/\/unicasa.co\/fr\/wp-json\/wp\/v2\/product\/7289\/revisions\/7290"}],"wp:featuredmedia":[{"embeddable":true,"href":"https:\/\/unicasa.co\/fr\/wp-json\/wp\/v2\/media\/7278"}],"wp:attachment":[{"href":"https:\/\/unicasa.co\/fr\/wp-json\/wp\/v2\/media?parent=7289"}],"wp:term":[{"taxonomy":"product_cat","embeddable":true,"href":"https:\/\/unicasa.co\/fr\/wp-json\/wp\/v2\/product_cat?post=7289"},{"taxonomy":"product_tag","embeddable":true,"href":"https:\/\/unicasa.co\/fr\/wp-json\/wp\/v2\/product_tag?post=7289"}],"curies":[{"name":"wp","href":"https:\/\/api.w.org\/{rel}","templated":true}]}}