{"id":7269,"date":"2024-12-02T21:11:46","date_gmt":"2024-12-02T21:11:46","guid":{"rendered":"https:\/\/unicasa.co\/?post_type=product&#038;p=7269"},"modified":"2025-01-21T10:17:30","modified_gmt":"2025-01-21T10:17:30","slug":"gel-bano-y-ducha-pieles-atopicas","status":"publish","type":"product","link":"https:\/\/unicasa.co\/fr\/product\/gel-bano-y-ducha-pieles-atopicas\/","title":{"rendered":"Gel Ba\u00f1o y Ducha Pieles At\u00f3picas"},"content":{"rendered":"<ul>\n<li>Envase de 500 ml<\/li>\n<\/ul>","protected":false},"excerpt":{"rendered":"<p>El Gel Pieles At\u00f3picas de Instituto Espa\u00f1ol est\u00e1 especialmente dise\u00f1ado para una higiene protectora y un cuidado completo de pieles at\u00f3picas, sensibles y secas. Respondiendo a las necesidades de salud de la piel at\u00f3pica, su f\u00f3rmula restaura la pel\u00edcula cut\u00e1nea y evita la deshidrataci\u00f3n de la piel gracias al contenido en Inca Omega Oil, aceite vegetal rico en \u00e1cidos grasos omega 3, 6 y 9 y debido a otros ingredientes activos con acci\u00f3n anti-radicales libres por su contenido en delta-tocoferol y gamma-tocoferol. Act\u00faa protegiendo la integridad celular restaurando las membranas celulares y su composici\u00f3n rica en tocoferoles y antioxidantes consigue frenar el mecanismo de reacci\u00f3n en cadena que produce la formaci\u00f3n de radicales libres, muy agresivos para las estructuras cut\u00e1neas produciendo descamaci\u00f3n y picor. Protege y calma los s\u00edntomas caracter\u00edsticos de las pieles sensibles, secas y at\u00f3picas, por lo que prolonga el tiempo entre brotes. Formulado para minimizar los riesgos de reacciones al\u00e9rgicas. Su base extra suave, limpia sin irritar formando una pel\u00edcula completamente homog\u00e9nea con gran capacidad hidratante que favorece la elasticidad y tersura de la piel.<\/p>","protected":false},"featured_media":7256,"comment_status":"closed","ping_status":"closed","template":"","meta":{"site-sidebar-layout":"default","site-content-layout":"","ast-site-content-layout":"default","site-content-style":"default","site-sidebar-style":"default","ast-global-header-display":"","ast-banner-title-visibility":"","ast-main-header-display":"","ast-hfb-above-header-display":"","ast-hfb-below-header-display":"","ast-hfb-mobile-header-display":"","site-post-title":"","ast-breadcrumbs-content":"","ast-featured-img":"","footer-sml-layout":"","ast-disable-related-posts":"","theme-transparent-header-meta":"default","adv-header-id-meta":"","stick-header-meta":"","header-above-stick-meta":"","header-main-stick-meta":"","header-below-stick-meta":"","astra-migrate-meta-layouts":"set","ast-page-background-enabled":"default","ast-page-background-meta":{"desktop":{"background-color":"","background-image":"","background-repeat":"repeat","background-position":"center center","background-size":"auto","background-attachment":"scroll","background-type":"","background-media":"","overlay-type":"","overlay-color":"","overlay-opacity":"","overlay-gradient":""},"tablet":{"background-color":"","background-image":"","background-repeat":"repeat","background-position":"center center","background-size":"auto","background-attachment":"scroll","background-type":"","background-media":"","overlay-type":"","overlay-color":"","overlay-opacity":"","overlay-gradient":""},"mobile":{"background-color":"","background-image":"","background-repeat":"repeat","background-position":"center center","background-size":"auto","background-attachment":"scroll","background-type":"","background-media":"","overlay-type":"","overlay-color":"","overlay-opacity":"","overlay-gradient":""}},"ast-content-background-meta":{"desktop":{"background-color":"var(--ast-global-color-5)","background-image":"","background-repeat":"repeat","background-position":"center center","background-size":"auto","background-attachment":"scroll","background-type":"","background-media":"","overlay-type":"","overlay-color":"","overlay-opacity":"","overlay-gradient":""},"tablet":{"background-color":"var(--ast-global-color-5)","background-image":"","background-repeat":"repeat","background-position":"center center","background-size":"auto","background-attachment":"scroll","background-type":"","background-media":"","overlay-type":"","overlay-color":"","overlay-opacity":"","overlay-gradient":""},"mobile":{"background-color":"var(--ast-global-color-5)","background-image":"","background-repeat":"repeat","background-position":"center center","background-size":"auto","background-attachment":"scroll","background-type":"","background-media":"","overlay-type":"","overlay-color":"","overlay-opacity":"","overlay-gradient":""}}},"product_cat":[59],"product_tag":[110,150],"class_list":{"0":"post-7269","1":"product","2":"type-product","3":"status-publish","4":"has-post-thumbnail","6":"product_cat-personal","7":"product_tag-instituto-espanol","8":"product_tag-pieles-atopicas","9":"desktop-align-left","10":"tablet-align-left","11":"mobile-align-left","13":"first","14":"instock","15":"shipping-taxable","16":"purchasable","17":"product-type-simple"},"_links":{"self":[{"href":"https:\/\/unicasa.co\/fr\/wp-json\/wp\/v2\/product\/7269"}],"collection":[{"href":"https:\/\/unicasa.co\/fr\/wp-json\/wp\/v2\/product"}],"about":[{"href":"https:\/\/unicasa.co\/fr\/wp-json\/wp\/v2\/types\/product"}],"replies":[{"embeddable":true,"href":"https:\/\/unicasa.co\/fr\/wp-json\/wp\/v2\/comments?post=7269"}],"version-history":[{"count":1,"href":"https:\/\/unicasa.co\/fr\/wp-json\/wp\/v2\/product\/7269\/revisions"}],"predecessor-version":[{"id":7270,"href":"https:\/\/unicasa.co\/fr\/wp-json\/wp\/v2\/product\/7269\/revisions\/7270"}],"wp:featuredmedia":[{"embeddable":true,"href":"https:\/\/unicasa.co\/fr\/wp-json\/wp\/v2\/media\/7256"}],"wp:attachment":[{"href":"https:\/\/unicasa.co\/fr\/wp-json\/wp\/v2\/media?parent=7269"}],"wp:term":[{"taxonomy":"product_cat","embeddable":true,"href":"https:\/\/unicasa.co\/fr\/wp-json\/wp\/v2\/product_cat?post=7269"},{"taxonomy":"product_tag","embeddable":true,"href":"https:\/\/unicasa.co\/fr\/wp-json\/wp\/v2\/product_tag?post=7269"}],"curies":[{"name":"wp","href":"https:\/\/api.w.org\/{rel}","templated":true}]}}