{"id":7265,"date":"2024-12-02T21:09:04","date_gmt":"2024-12-02T21:09:04","guid":{"rendered":"https:\/\/unicasa.co\/?post_type=product&#038;p=7265"},"modified":"2025-01-21T10:17:17","modified_gmt":"2025-01-21T10:17:17","slug":"gel-de-ducha-pieles-atopicas-oleogel-instituto-espanol","status":"publish","type":"product","link":"https:\/\/unicasa.co\/fr\/product\/gel-de-ducha-pieles-atopicas-oleogel-instituto-espanol\/","title":{"rendered":"Pieles at\u00f3picas OleoGel Instituto Espa\u00f1ol"},"content":{"rendered":"<p>Envase de 300 ml<\/p>","protected":false},"excerpt":{"rendered":"<p>El Oleogel es un gel de ba\u00f1o con propiedades hidratantes y protectoras, indicado para pieles muy secas y sensibles. No contiene jab\u00f3n, evitando los s\u00edntomas de sequedad y tirantez t\u00edpicos de este tipo de pieles. Su base extra suave, limpia sin irritar formando una pel\u00edcula hidratante completamente homog\u00e9nea.<\/p>\n<p>Es una soluci\u00f3n definitiva para la sequedad, y el gel id\u00f3neo para aquellas pieles at\u00f3picas, sensibles e irritables. Sus ingredientes de la m\u00e1s alta calidad garantizan el cuidado de las pieles m\u00e1s sensibles, como el polidocanol, ingrediente muy beneficioso que alivia el picor y previene la irritaci\u00f3n, y el Sacha Inchi, fuente 100% org\u00e1nica de \u00e1cidos grasos omega con una de las m\u00e1s altas concentraciones de aceites vegetales. Su f\u00f3rmula sin agua respeta el pH de la piel y ayuda a mantener el manto lip\u00eddico.<\/p>\n<p>Su uso es una aut\u00e9ntica experiencia. Cuando se aplica, el Oleogel produce una suave espuma que, gracias a los ingredientes emulsionantes, se distribuye uniformemente sobre la piel dejando una sensaci\u00f3n sedosa, no grasa y haciendo que se recupere la luminosidad. Todo esto en un c\u00f3modo formato con dosificador, manejable, de dise\u00f1o muy cuidado.<\/p>","protected":false},"featured_media":7255,"comment_status":"closed","ping_status":"closed","template":"","meta":{"site-sidebar-layout":"default","site-content-layout":"","ast-site-content-layout":"default","site-content-style":"default","site-sidebar-style":"default","ast-global-header-display":"","ast-banner-title-visibility":"","ast-main-header-display":"","ast-hfb-above-header-display":"","ast-hfb-below-header-display":"","ast-hfb-mobile-header-display":"","site-post-title":"","ast-breadcrumbs-content":"","ast-featured-img":"","footer-sml-layout":"","ast-disable-related-posts":"","theme-transparent-header-meta":"default","adv-header-id-meta":"","stick-header-meta":"","header-above-stick-meta":"","header-main-stick-meta":"","header-below-stick-meta":"","astra-migrate-meta-layouts":"set","ast-page-background-enabled":"default","ast-page-background-meta":{"desktop":{"background-color":"","background-image":"","background-repeat":"repeat","background-position":"center center","background-size":"auto","background-attachment":"scroll","background-type":"","background-media":"","overlay-type":"","overlay-color":"","overlay-opacity":"","overlay-gradient":""},"tablet":{"background-color":"","background-image":"","background-repeat":"repeat","background-position":"center center","background-size":"auto","background-attachment":"scroll","background-type":"","background-media":"","overlay-type":"","overlay-color":"","overlay-opacity":"","overlay-gradient":""},"mobile":{"background-color":"","background-image":"","background-repeat":"repeat","background-position":"center center","background-size":"auto","background-attachment":"scroll","background-type":"","background-media":"","overlay-type":"","overlay-color":"","overlay-opacity":"","overlay-gradient":""}},"ast-content-background-meta":{"desktop":{"background-color":"var(--ast-global-color-5)","background-image":"","background-repeat":"repeat","background-position":"center center","background-size":"auto","background-attachment":"scroll","background-type":"","background-media":"","overlay-type":"","overlay-color":"","overlay-opacity":"","overlay-gradient":""},"tablet":{"background-color":"var(--ast-global-color-5)","background-image":"","background-repeat":"repeat","background-position":"center center","background-size":"auto","background-attachment":"scroll","background-type":"","background-media":"","overlay-type":"","overlay-color":"","overlay-opacity":"","overlay-gradient":""},"mobile":{"background-color":"var(--ast-global-color-5)","background-image":"","background-repeat":"repeat","background-position":"center center","background-size":"auto","background-attachment":"scroll","background-type":"","background-media":"","overlay-type":"","overlay-color":"","overlay-opacity":"","overlay-gradient":""}}},"product_cat":[59],"product_tag":[110,150],"class_list":{"0":"post-7265","1":"product","2":"type-product","3":"status-publish","4":"has-post-thumbnail","6":"product_cat-personal","7":"product_tag-instituto-espanol","8":"product_tag-pieles-atopicas","9":"desktop-align-left","10":"tablet-align-left","11":"mobile-align-left","13":"first","14":"instock","15":"shipping-taxable","16":"purchasable","17":"product-type-simple"},"_links":{"self":[{"href":"https:\/\/unicasa.co\/fr\/wp-json\/wp\/v2\/product\/7265"}],"collection":[{"href":"https:\/\/unicasa.co\/fr\/wp-json\/wp\/v2\/product"}],"about":[{"href":"https:\/\/unicasa.co\/fr\/wp-json\/wp\/v2\/types\/product"}],"replies":[{"embeddable":true,"href":"https:\/\/unicasa.co\/fr\/wp-json\/wp\/v2\/comments?post=7265"}],"version-history":[{"count":2,"href":"https:\/\/unicasa.co\/fr\/wp-json\/wp\/v2\/product\/7265\/revisions"}],"predecessor-version":[{"id":7267,"href":"https:\/\/unicasa.co\/fr\/wp-json\/wp\/v2\/product\/7265\/revisions\/7267"}],"wp:featuredmedia":[{"embeddable":true,"href":"https:\/\/unicasa.co\/fr\/wp-json\/wp\/v2\/media\/7255"}],"wp:attachment":[{"href":"https:\/\/unicasa.co\/fr\/wp-json\/wp\/v2\/media?parent=7265"}],"wp:term":[{"taxonomy":"product_cat","embeddable":true,"href":"https:\/\/unicasa.co\/fr\/wp-json\/wp\/v2\/product_cat?post=7265"},{"taxonomy":"product_tag","embeddable":true,"href":"https:\/\/unicasa.co\/fr\/wp-json\/wp\/v2\/product_tag?post=7265"}],"curies":[{"name":"wp","href":"https:\/\/api.w.org\/{rel}","templated":true}]}}