{"id":7193,"date":"2024-11-06T18:17:08","date_gmt":"2024-11-06T18:17:08","guid":{"rendered":"https:\/\/unicasa.co\/?post_type=product&#038;p=7193"},"modified":"2025-01-21T10:15:32","modified_gmt":"2025-01-21T10:15:32","slug":"carotone-crema-iluminadora-tubo","status":"publish","type":"product","link":"https:\/\/unicasa.co\/fr\/product\/carotone-crema-iluminadora-tubo\/","title":{"rendered":"Carotone Crema Iluminadora Tubo"},"content":{"rendered":"<p>1oz<\/p>","protected":false},"excerpt":{"rendered":"<p>La crema iluminadora\u00a0<a href=\"https:\/\/gencbeauty.com\/carotone\/\" target=\"_blank\" rel=\"noopener\">Carotone<\/a>\u00a0es un producto especializado para el cuidado de la piel dise\u00f1ado para aclarar y emparejar el tono de la piel. Formulada con ingredientes naturales, ayuda a reducir la aparici\u00f3n de manchas oscuras, imperfecciones e hiperpigmentaci\u00f3n, lo que promueve una tez m\u00e1s luminosa y radiante.<\/p>\n<p>&nbsp;<\/p>\n<p>La crema iluminadora Carotone es una soluci\u00f3n eficaz para quienes buscan iluminar su cutis y unificar el tono de su piel. Con un uso regular, ayuda a reducir las manchas oscuras, las imperfecciones y la hiperpigmentaci\u00f3n, dejando la piel con un aspecto m\u00e1s radiante y suave. Ideal para todo tipo de piel, esta crema es un valioso complemento para cualquier rutina de cuidado de la piel que busque un cutis m\u00e1s luminoso y uniforme.<\/p>","protected":false},"featured_media":7151,"comment_status":"closed","ping_status":"closed","template":"","meta":{"site-sidebar-layout":"default","site-content-layout":"","ast-site-content-layout":"default","site-content-style":"default","site-sidebar-style":"default","ast-global-header-display":"","ast-banner-title-visibility":"","ast-main-header-display":"","ast-hfb-above-header-display":"","ast-hfb-below-header-display":"","ast-hfb-mobile-header-display":"","site-post-title":"","ast-breadcrumbs-content":"","ast-featured-img":"","footer-sml-layout":"","ast-disable-related-posts":"","theme-transparent-header-meta":"default","adv-header-id-meta":"","stick-header-meta":"","header-above-stick-meta":"","header-main-stick-meta":"","header-below-stick-meta":"","astra-migrate-meta-layouts":"set","ast-page-background-enabled":"default","ast-page-background-meta":{"desktop":{"background-color":"","background-image":"","background-repeat":"repeat","background-position":"center center","background-size":"auto","background-attachment":"scroll","background-type":"","background-media":"","overlay-type":"","overlay-color":"","overlay-opacity":"","overlay-gradient":""},"tablet":{"background-color":"","background-image":"","background-repeat":"repeat","background-position":"center center","background-size":"auto","background-attachment":"scroll","background-type":"","background-media":"","overlay-type":"","overlay-color":"","overlay-opacity":"","overlay-gradient":""},"mobile":{"background-color":"","background-image":"","background-repeat":"repeat","background-position":"center center","background-size":"auto","background-attachment":"scroll","background-type":"","background-media":"","overlay-type":"","overlay-color":"","overlay-opacity":"","overlay-gradient":""}},"ast-content-background-meta":{"desktop":{"background-color":"var(--ast-global-color-5)","background-image":"","background-repeat":"repeat","background-position":"center center","background-size":"auto","background-attachment":"scroll","background-type":"","background-media":"","overlay-type":"","overlay-color":"","overlay-opacity":"","overlay-gradient":""},"tablet":{"background-color":"var(--ast-global-color-5)","background-image":"","background-repeat":"repeat","background-position":"center center","background-size":"auto","background-attachment":"scroll","background-type":"","background-media":"","overlay-type":"","overlay-color":"","overlay-opacity":"","overlay-gradient":""},"mobile":{"background-color":"var(--ast-global-color-5)","background-image":"","background-repeat":"repeat","background-position":"center center","background-size":"auto","background-attachment":"scroll","background-type":"","background-media":"","overlay-type":"","overlay-color":"","overlay-opacity":"","overlay-gradient":""}}},"product_cat":[60],"product_tag":[88],"class_list":{"0":"post-7193","1":"product","2":"type-product","3":"status-publish","4":"has-post-thumbnail","6":"product_cat-corporal","7":"product_tag-carotone","8":"desktop-align-left","9":"tablet-align-left","10":"mobile-align-left","12":"first","13":"instock","14":"shipping-taxable","15":"purchasable","16":"product-type-simple"},"_links":{"self":[{"href":"https:\/\/unicasa.co\/fr\/wp-json\/wp\/v2\/product\/7193"}],"collection":[{"href":"https:\/\/unicasa.co\/fr\/wp-json\/wp\/v2\/product"}],"about":[{"href":"https:\/\/unicasa.co\/fr\/wp-json\/wp\/v2\/types\/product"}],"replies":[{"embeddable":true,"href":"https:\/\/unicasa.co\/fr\/wp-json\/wp\/v2\/comments?post=7193"}],"version-history":[{"count":2,"href":"https:\/\/unicasa.co\/fr\/wp-json\/wp\/v2\/product\/7193\/revisions"}],"predecessor-version":[{"id":7448,"href":"https:\/\/unicasa.co\/fr\/wp-json\/wp\/v2\/product\/7193\/revisions\/7448"}],"wp:featuredmedia":[{"embeddable":true,"href":"https:\/\/unicasa.co\/fr\/wp-json\/wp\/v2\/media\/7151"}],"wp:attachment":[{"href":"https:\/\/unicasa.co\/fr\/wp-json\/wp\/v2\/media?parent=7193"}],"wp:term":[{"taxonomy":"product_cat","embeddable":true,"href":"https:\/\/unicasa.co\/fr\/wp-json\/wp\/v2\/product_cat?post=7193"},{"taxonomy":"product_tag","embeddable":true,"href":"https:\/\/unicasa.co\/fr\/wp-json\/wp\/v2\/product_tag?post=7193"}],"curies":[{"name":"wp","href":"https:\/\/api.w.org\/{rel}","templated":true}]}}