{"id":7184,"date":"2024-11-06T18:00:05","date_gmt":"2024-11-06T18:00:05","guid":{"rendered":"https:\/\/unicasa.co\/?post_type=product&#038;p=7184"},"modified":"2024-11-07T18:36:05","modified_gmt":"2024-11-07T18:36:05","slug":"geomar-talasoterapia-remodeladora","status":"publish","type":"product","link":"https:\/\/unicasa.co\/fr\/product\/geomar-talasoterapia-remodeladora\/","title":{"rendered":"GEOMAR Talasoterapia remodeladora"},"content":{"rendered":"<p>Remodelaci\u00f3n<\/p>","protected":false},"excerpt":{"rendered":"<p><span class=\"\" title=\"\">Tratamiento corporal bif\u00e1sico con Sal Marina, Sal de Epsom, Aceite de Caf\u00e9 y fitoextractos de Guaran\u00e1 y Capsicum, capaz de renovar la epidermis y alisar las zonas engrosadas de la piel para una piel m\u00e1s hidratada y de aspecto m\u00e1s uniforme.<\/span>\u00a0De uso constante\u00a0<span class=\"\" title=\"\">, gracias a la acci\u00f3n sin\u00e9rgica del masaje con elementos exfoliantes, ayuda a estimular la microcirculaci\u00f3n para un cuerpo \u00abremodelado\u00bb.\u00a0<\/span><span title=\"\">Gracias al pr\u00e1ctico formato de viaje, podr\u00e1s llevarlo siempre contigo en la maleta o en la bolsa del gimnasio para disfrutar de un momento de bienestar incluso fuera de casa.<\/span><\/p>","protected":false},"featured_media":7152,"comment_status":"closed","ping_status":"closed","template":"","meta":{"site-sidebar-layout":"default","site-content-layout":"","ast-site-content-layout":"default","site-content-style":"default","site-sidebar-style":"default","ast-global-header-display":"","ast-banner-title-visibility":"","ast-main-header-display":"","ast-hfb-above-header-display":"","ast-hfb-below-header-display":"","ast-hfb-mobile-header-display":"","site-post-title":"","ast-breadcrumbs-content":"","ast-featured-img":"","footer-sml-layout":"","ast-disable-related-posts":"","theme-transparent-header-meta":"default","adv-header-id-meta":"","stick-header-meta":"","header-above-stick-meta":"","header-main-stick-meta":"","header-below-stick-meta":"","astra-migrate-meta-layouts":"set","ast-page-background-enabled":"default","ast-page-background-meta":{"desktop":{"background-color":"","background-image":"","background-repeat":"repeat","background-position":"center center","background-size":"auto","background-attachment":"scroll","background-type":"","background-media":"","overlay-type":"","overlay-color":"","overlay-opacity":"","overlay-gradient":""},"tablet":{"background-color":"","background-image":"","background-repeat":"repeat","background-position":"center center","background-size":"auto","background-attachment":"scroll","background-type":"","background-media":"","overlay-type":"","overlay-color":"","overlay-opacity":"","overlay-gradient":""},"mobile":{"background-color":"","background-image":"","background-repeat":"repeat","background-position":"center center","background-size":"auto","background-attachment":"scroll","background-type":"","background-media":"","overlay-type":"","overlay-color":"","overlay-opacity":"","overlay-gradient":""}},"ast-content-background-meta":{"desktop":{"background-color":"var(--ast-global-color-5)","background-image":"","background-repeat":"repeat","background-position":"center center","background-size":"auto","background-attachment":"scroll","background-type":"","background-media":"","overlay-type":"","overlay-color":"","overlay-opacity":"","overlay-gradient":""},"tablet":{"background-color":"var(--ast-global-color-5)","background-image":"","background-repeat":"repeat","background-position":"center center","background-size":"auto","background-attachment":"scroll","background-type":"","background-media":"","overlay-type":"","overlay-color":"","overlay-opacity":"","overlay-gradient":""},"mobile":{"background-color":"var(--ast-global-color-5)","background-image":"","background-repeat":"repeat","background-position":"center center","background-size":"auto","background-attachment":"scroll","background-type":"","background-media":"","overlay-type":"","overlay-color":"","overlay-opacity":"","overlay-gradient":""}}},"product_cat":[60,59],"product_tag":[143],"class_list":{"0":"post-7184","1":"product","2":"type-product","3":"status-publish","4":"has-post-thumbnail","6":"product_cat-corporal","7":"product_cat-personal","8":"product_tag-geomar","9":"desktop-align-left","10":"tablet-align-left","11":"mobile-align-left","13":"first","14":"instock","15":"shipping-taxable","16":"purchasable","17":"product-type-simple"},"_links":{"self":[{"href":"https:\/\/unicasa.co\/fr\/wp-json\/wp\/v2\/product\/7184"}],"collection":[{"href":"https:\/\/unicasa.co\/fr\/wp-json\/wp\/v2\/product"}],"about":[{"href":"https:\/\/unicasa.co\/fr\/wp-json\/wp\/v2\/types\/product"}],"replies":[{"embeddable":true,"href":"https:\/\/unicasa.co\/fr\/wp-json\/wp\/v2\/comments?post=7184"}],"version-history":[{"count":3,"href":"https:\/\/unicasa.co\/fr\/wp-json\/wp\/v2\/product\/7184\/revisions"}],"predecessor-version":[{"id":7201,"href":"https:\/\/unicasa.co\/fr\/wp-json\/wp\/v2\/product\/7184\/revisions\/7201"}],"wp:featuredmedia":[{"embeddable":true,"href":"https:\/\/unicasa.co\/fr\/wp-json\/wp\/v2\/media\/7152"}],"wp:attachment":[{"href":"https:\/\/unicasa.co\/fr\/wp-json\/wp\/v2\/media?parent=7184"}],"wp:term":[{"taxonomy":"product_cat","embeddable":true,"href":"https:\/\/unicasa.co\/fr\/wp-json\/wp\/v2\/product_cat?post=7184"},{"taxonomy":"product_tag","embeddable":true,"href":"https:\/\/unicasa.co\/fr\/wp-json\/wp\/v2\/product_tag?post=7184"}],"curies":[{"name":"wp","href":"https:\/\/api.w.org\/{rel}","templated":true}]}}