{"id":7171,"date":"2024-11-06T17:49:02","date_gmt":"2024-11-06T17:49:02","guid":{"rendered":"https:\/\/unicasa.co\/?post_type=product&#038;p=7171"},"modified":"2024-11-06T17:49:03","modified_gmt":"2024-11-06T17:49:03","slug":"weiss-deo-spray-blossom-200ml","status":"publish","type":"product","link":"https:\/\/unicasa.co\/fr\/product\/weiss-deo-spray-blossom-200ml\/","title":{"rendered":"WEISS Deo Spray Blossom 200ml"},"content":{"rendered":"","protected":false},"excerpt":{"rendered":"<div class=\"summary entry-summary\">\n<div class=\"woocommerce-product-details__short-description\">\n<p>Descubre la perfecta combinaci\u00f3n de frescura y protecci\u00f3n con nuestro desodorante para mujer, perfumado y antitranspirante.<br \/>\nNuestro desodorante garantiza una protecci\u00f3n inquebrantable contra el olor y la humedad, manteni\u00e9ndote fresca y segura en todo momento. Nuestra f\u00f3rmula avanzada combina delicadas fragancias florales que te envuelven en una brisa de elegancia y feminidad, asegurando que te sientas y huelas maravillosamente bien.<\/p>\n<p>Adem\u00e1s, su poderosa acci\u00f3n antitranspirante mantiene a raya la sudoraci\u00f3n, evitando las molestas manchas en la ropa y proporcionando una sensaci\u00f3n de sequedad durante todo el d\u00eda. La tecnolog\u00eda de larga duraci\u00f3n de nuestro desodorante ha sido rigurosamente probada para brindarte una protecci\u00f3n duradera de 24 horas.<\/p>\n<\/div>\n<\/div>\n<section class=\"up-sells upsells products\">\n<h2>Tambi\u00e9n te recomendamos\u2026<\/h2>\n<\/section>","protected":false},"featured_media":7160,"comment_status":"closed","ping_status":"closed","template":"","meta":{"site-sidebar-layout":"default","site-content-layout":"","ast-site-content-layout":"default","site-content-style":"default","site-sidebar-style":"default","ast-global-header-display":"","ast-banner-title-visibility":"","ast-main-header-display":"","ast-hfb-above-header-display":"","ast-hfb-below-header-display":"","ast-hfb-mobile-header-display":"","site-post-title":"","ast-breadcrumbs-content":"","ast-featured-img":"","footer-sml-layout":"","ast-disable-related-posts":"","theme-transparent-header-meta":"default","adv-header-id-meta":"","stick-header-meta":"","header-above-stick-meta":"","header-main-stick-meta":"","header-below-stick-meta":"","astra-migrate-meta-layouts":"set","ast-page-background-enabled":"default","ast-page-background-meta":{"desktop":{"background-color":"","background-image":"","background-repeat":"repeat","background-position":"center center","background-size":"auto","background-attachment":"scroll","background-type":"","background-media":"","overlay-type":"","overlay-color":"","overlay-opacity":"","overlay-gradient":""},"tablet":{"background-color":"","background-image":"","background-repeat":"repeat","background-position":"center center","background-size":"auto","background-attachment":"scroll","background-type":"","background-media":"","overlay-type":"","overlay-color":"","overlay-opacity":"","overlay-gradient":""},"mobile":{"background-color":"","background-image":"","background-repeat":"repeat","background-position":"center center","background-size":"auto","background-attachment":"scroll","background-type":"","background-media":"","overlay-type":"","overlay-color":"","overlay-opacity":"","overlay-gradient":""}},"ast-content-background-meta":{"desktop":{"background-color":"var(--ast-global-color-5)","background-image":"","background-repeat":"repeat","background-position":"center center","background-size":"auto","background-attachment":"scroll","background-type":"","background-media":"","overlay-type":"","overlay-color":"","overlay-opacity":"","overlay-gradient":""},"tablet":{"background-color":"var(--ast-global-color-5)","background-image":"","background-repeat":"repeat","background-position":"center center","background-size":"auto","background-attachment":"scroll","background-type":"","background-media":"","overlay-type":"","overlay-color":"","overlay-opacity":"","overlay-gradient":""},"mobile":{"background-color":"var(--ast-global-color-5)","background-image":"","background-repeat":"repeat","background-position":"center center","background-size":"auto","background-attachment":"scroll","background-type":"","background-media":"","overlay-type":"","overlay-color":"","overlay-opacity":"","overlay-gradient":""}}},"product_cat":[59],"product_tag":[147],"class_list":{"0":"post-7171","1":"product","2":"type-product","3":"status-publish","4":"has-post-thumbnail","6":"product_cat-personal","7":"product_tag-weiss","8":"desktop-align-left","9":"tablet-align-left","10":"mobile-align-left","12":"first","13":"instock","14":"shipping-taxable","15":"purchasable","16":"product-type-simple"},"_links":{"self":[{"href":"https:\/\/unicasa.co\/fr\/wp-json\/wp\/v2\/product\/7171"}],"collection":[{"href":"https:\/\/unicasa.co\/fr\/wp-json\/wp\/v2\/product"}],"about":[{"href":"https:\/\/unicasa.co\/fr\/wp-json\/wp\/v2\/types\/product"}],"replies":[{"embeddable":true,"href":"https:\/\/unicasa.co\/fr\/wp-json\/wp\/v2\/comments?post=7171"}],"version-history":[{"count":1,"href":"https:\/\/unicasa.co\/fr\/wp-json\/wp\/v2\/product\/7171\/revisions"}],"predecessor-version":[{"id":7172,"href":"https:\/\/unicasa.co\/fr\/wp-json\/wp\/v2\/product\/7171\/revisions\/7172"}],"wp:featuredmedia":[{"embeddable":true,"href":"https:\/\/unicasa.co\/fr\/wp-json\/wp\/v2\/media\/7160"}],"wp:attachment":[{"href":"https:\/\/unicasa.co\/fr\/wp-json\/wp\/v2\/media?parent=7171"}],"wp:term":[{"taxonomy":"product_cat","embeddable":true,"href":"https:\/\/unicasa.co\/fr\/wp-json\/wp\/v2\/product_cat?post=7171"},{"taxonomy":"product_tag","embeddable":true,"href":"https:\/\/unicasa.co\/fr\/wp-json\/wp\/v2\/product_tag?post=7171"}],"curies":[{"name":"wp","href":"https:\/\/api.w.org\/{rel}","templated":true}]}}