{"id":7169,"date":"2024-11-06T17:45:47","date_gmt":"2024-11-06T17:45:47","guid":{"rendered":"https:\/\/unicasa.co\/?post_type=product&#038;p=7169"},"modified":"2025-01-21T10:15:13","modified_gmt":"2025-01-21T10:15:13","slug":"crema-snonas-glicerinada-200ml","status":"publish","type":"product","link":"https:\/\/unicasa.co\/fr\/product\/crema-snonas-glicerinada-200ml\/","title":{"rendered":"Crema S&#8217;nonas Glicerinada 200ml"},"content":{"rendered":"<p>200ML<\/p>","protected":false},"excerpt":{"rendered":"<p>La Crema Hidratante Glicerinada S\u00b4nonas est\u00e1 formulada para una protecci\u00f3n e hidrataci\u00f3n intensa de la piel en las zonas del cuerpo m\u00e1s castigadas y que tienden a deshidratarse con m\u00e1s facilidad, como las manos, codos, pies o rodillas. Debido a su alto contenido en glicerina, ayuda a evitar la p\u00e9rdida de humedad y restaura el equilibrio hidrolip\u00eddico en las zonas m\u00e1s afectadas de la piel, protegi\u00e9ndolas de los agentes externos y actuando como efecto corrector y reparador. Se absorbe r\u00e1pidamente y deja la zona sutilmente perfumada gracias a su agradable, duradero y \u00fanico aroma.<\/p>\n<p>Debido a su alta hidrataci\u00f3n alivia los problemas derivados de la piel como la Psoriasis o Dermatitis At\u00f3pica.<\/p>\n<p>Consejo: Aplicar una peque\u00f1a cantidad y extenderla masajeando la zona deseada hasta su absorci\u00f3n.<\/p>","protected":false},"featured_media":7161,"comment_status":"closed","ping_status":"closed","template":"","meta":{"site-sidebar-layout":"default","site-content-layout":"","ast-site-content-layout":"default","site-content-style":"default","site-sidebar-style":"default","ast-global-header-display":"","ast-banner-title-visibility":"","ast-main-header-display":"","ast-hfb-above-header-display":"","ast-hfb-below-header-display":"","ast-hfb-mobile-header-display":"","site-post-title":"","ast-breadcrumbs-content":"","ast-featured-img":"","footer-sml-layout":"","ast-disable-related-posts":"","theme-transparent-header-meta":"default","adv-header-id-meta":"","stick-header-meta":"","header-above-stick-meta":"","header-main-stick-meta":"","header-below-stick-meta":"","astra-migrate-meta-layouts":"set","ast-page-background-enabled":"default","ast-page-background-meta":{"desktop":{"background-color":"","background-image":"","background-repeat":"repeat","background-position":"center center","background-size":"auto","background-attachment":"scroll","background-type":"","background-media":"","overlay-type":"","overlay-color":"","overlay-opacity":"","overlay-gradient":""},"tablet":{"background-color":"","background-image":"","background-repeat":"repeat","background-position":"center center","background-size":"auto","background-attachment":"scroll","background-type":"","background-media":"","overlay-type":"","overlay-color":"","overlay-opacity":"","overlay-gradient":""},"mobile":{"background-color":"","background-image":"","background-repeat":"repeat","background-position":"center center","background-size":"auto","background-attachment":"scroll","background-type":"","background-media":"","overlay-type":"","overlay-color":"","overlay-opacity":"","overlay-gradient":""}},"ast-content-background-meta":{"desktop":{"background-color":"var(--ast-global-color-5)","background-image":"","background-repeat":"repeat","background-position":"center center","background-size":"auto","background-attachment":"scroll","background-type":"","background-media":"","overlay-type":"","overlay-color":"","overlay-opacity":"","overlay-gradient":""},"tablet":{"background-color":"var(--ast-global-color-5)","background-image":"","background-repeat":"repeat","background-position":"center center","background-size":"auto","background-attachment":"scroll","background-type":"","background-media":"","overlay-type":"","overlay-color":"","overlay-opacity":"","overlay-gradient":""},"mobile":{"background-color":"var(--ast-global-color-5)","background-image":"","background-repeat":"repeat","background-position":"center center","background-size":"auto","background-attachment":"scroll","background-type":"","background-media":"","overlay-type":"","overlay-color":"","overlay-opacity":"","overlay-gradient":""}}},"product_cat":[60],"product_tag":[146],"class_list":{"0":"post-7169","1":"product","2":"type-product","3":"status-publish","4":"has-post-thumbnail","6":"product_cat-corporal","7":"product_tag-snonas","8":"desktop-align-left","9":"tablet-align-left","10":"mobile-align-left","12":"first","13":"instock","14":"shipping-taxable","15":"purchasable","16":"product-type-simple"},"_links":{"self":[{"href":"https:\/\/unicasa.co\/fr\/wp-json\/wp\/v2\/product\/7169"}],"collection":[{"href":"https:\/\/unicasa.co\/fr\/wp-json\/wp\/v2\/product"}],"about":[{"href":"https:\/\/unicasa.co\/fr\/wp-json\/wp\/v2\/types\/product"}],"replies":[{"embeddable":true,"href":"https:\/\/unicasa.co\/fr\/wp-json\/wp\/v2\/comments?post=7169"}],"version-history":[{"count":2,"href":"https:\/\/unicasa.co\/fr\/wp-json\/wp\/v2\/product\/7169\/revisions"}],"predecessor-version":[{"id":7196,"href":"https:\/\/unicasa.co\/fr\/wp-json\/wp\/v2\/product\/7169\/revisions\/7196"}],"wp:featuredmedia":[{"embeddable":true,"href":"https:\/\/unicasa.co\/fr\/wp-json\/wp\/v2\/media\/7161"}],"wp:attachment":[{"href":"https:\/\/unicasa.co\/fr\/wp-json\/wp\/v2\/media?parent=7169"}],"wp:term":[{"taxonomy":"product_cat","embeddable":true,"href":"https:\/\/unicasa.co\/fr\/wp-json\/wp\/v2\/product_cat?post=7169"},{"taxonomy":"product_tag","embeddable":true,"href":"https:\/\/unicasa.co\/fr\/wp-json\/wp\/v2\/product_tag?post=7169"}],"curies":[{"name":"wp","href":"https:\/\/api.w.org\/{rel}","templated":true}]}}