{"id":7145,"date":"2024-11-06T17:07:17","date_gmt":"2024-11-06T17:07:17","guid":{"rendered":"https:\/\/unicasa.co\/?post_type=product&#038;p=7145"},"modified":"2024-11-07T18:34:44","modified_gmt":"2024-11-07T18:34:44","slug":"geomar-exfoliante-de-ducha-purificante","status":"publish","type":"product","link":"https:\/\/unicasa.co\/fr\/product\/geomar-exfoliante-de-ducha-purificante\/","title":{"rendered":"GEOMAR Exfoliante de ducha purificante"},"content":{"rendered":"<p>Con oligoelementos del Mar Muerto<\/p>","protected":false},"excerpt":{"rendered":"<p>El Exfoliante de Ducha Purificante con un 95% de ingredientes de origen natural limpia y exfolia eficazmente la piel, dej\u00e1ndola suave y tersa. La f\u00f3rmula enriquecida con jengibre, t\u00e9 Matcha, arcilla, caf\u00e9 verde y oligoelementos del Mar Muerto est\u00e1 dermatol\u00f3gicamente testada en pieles sensibles. Los microgr\u00e1nulos naturales de Perlita Volc\u00e1nica, presentes en diferentes tama\u00f1os de grano para garantizar una exfoliaci\u00f3n purificante eficaz, ayudan a promover la renovaci\u00f3n celular eliminando las c\u00e9lulas muertas y las impurezas para una piel naturalmente m\u00e1s suave y luminosa. La textura fundente al contacto con el agua se transforma en una suave espuma que, gracias al aroma fresco y chispeante, se convierte en un aut\u00e9ntico abrazo en la ducha. Ideal para uso diario.<\/p>","protected":false},"featured_media":7139,"comment_status":"closed","ping_status":"closed","template":"","meta":{"site-sidebar-layout":"default","site-content-layout":"","ast-site-content-layout":"default","site-content-style":"default","site-sidebar-style":"default","ast-global-header-display":"","ast-banner-title-visibility":"","ast-main-header-display":"","ast-hfb-above-header-display":"","ast-hfb-below-header-display":"","ast-hfb-mobile-header-display":"","site-post-title":"","ast-breadcrumbs-content":"","ast-featured-img":"","footer-sml-layout":"","ast-disable-related-posts":"","theme-transparent-header-meta":"default","adv-header-id-meta":"","stick-header-meta":"","header-above-stick-meta":"","header-main-stick-meta":"","header-below-stick-meta":"","astra-migrate-meta-layouts":"set","ast-page-background-enabled":"default","ast-page-background-meta":{"desktop":{"background-color":"","background-image":"","background-repeat":"repeat","background-position":"center center","background-size":"auto","background-attachment":"scroll","background-type":"","background-media":"","overlay-type":"","overlay-color":"","overlay-opacity":"","overlay-gradient":""},"tablet":{"background-color":"","background-image":"","background-repeat":"repeat","background-position":"center center","background-size":"auto","background-attachment":"scroll","background-type":"","background-media":"","overlay-type":"","overlay-color":"","overlay-opacity":"","overlay-gradient":""},"mobile":{"background-color":"","background-image":"","background-repeat":"repeat","background-position":"center center","background-size":"auto","background-attachment":"scroll","background-type":"","background-media":"","overlay-type":"","overlay-color":"","overlay-opacity":"","overlay-gradient":""}},"ast-content-background-meta":{"desktop":{"background-color":"var(--ast-global-color-5)","background-image":"","background-repeat":"repeat","background-position":"center center","background-size":"auto","background-attachment":"scroll","background-type":"","background-media":"","overlay-type":"","overlay-color":"","overlay-opacity":"","overlay-gradient":""},"tablet":{"background-color":"var(--ast-global-color-5)","background-image":"","background-repeat":"repeat","background-position":"center center","background-size":"auto","background-attachment":"scroll","background-type":"","background-media":"","overlay-type":"","overlay-color":"","overlay-opacity":"","overlay-gradient":""},"mobile":{"background-color":"var(--ast-global-color-5)","background-image":"","background-repeat":"repeat","background-position":"center center","background-size":"auto","background-attachment":"scroll","background-type":"","background-media":"","overlay-type":"","overlay-color":"","overlay-opacity":"","overlay-gradient":""}}},"product_cat":[60],"product_tag":[143],"class_list":{"0":"post-7145","1":"product","2":"type-product","3":"status-publish","4":"has-post-thumbnail","6":"product_cat-corporal","7":"product_tag-geomar","8":"desktop-align-left","9":"tablet-align-left","10":"mobile-align-left","12":"first","13":"instock","14":"shipping-taxable","15":"purchasable","16":"product-type-simple"},"_links":{"self":[{"href":"https:\/\/unicasa.co\/fr\/wp-json\/wp\/v2\/product\/7145"}],"collection":[{"href":"https:\/\/unicasa.co\/fr\/wp-json\/wp\/v2\/product"}],"about":[{"href":"https:\/\/unicasa.co\/fr\/wp-json\/wp\/v2\/types\/product"}],"replies":[{"embeddable":true,"href":"https:\/\/unicasa.co\/fr\/wp-json\/wp\/v2\/comments?post=7145"}],"version-history":[{"count":1,"href":"https:\/\/unicasa.co\/fr\/wp-json\/wp\/v2\/product\/7145\/revisions"}],"predecessor-version":[{"id":7146,"href":"https:\/\/unicasa.co\/fr\/wp-json\/wp\/v2\/product\/7145\/revisions\/7146"}],"wp:featuredmedia":[{"embeddable":true,"href":"https:\/\/unicasa.co\/fr\/wp-json\/wp\/v2\/media\/7139"}],"wp:attachment":[{"href":"https:\/\/unicasa.co\/fr\/wp-json\/wp\/v2\/media?parent=7145"}],"wp:term":[{"taxonomy":"product_cat","embeddable":true,"href":"https:\/\/unicasa.co\/fr\/wp-json\/wp\/v2\/product_cat?post=7145"},{"taxonomy":"product_tag","embeddable":true,"href":"https:\/\/unicasa.co\/fr\/wp-json\/wp\/v2\/product_tag?post=7145"}],"curies":[{"name":"wp","href":"https:\/\/api.w.org\/{rel}","templated":true}]}}